{"id":689730,"date":"2025-08-27T13:48:11","date_gmt":"2025-08-27T10:48:11","guid":{"rendered":"https:\/\/roveyayinevi.com.tr\/index.php\/urun\/don-kisot\/"},"modified":"2026-04-16T01:59:22","modified_gmt":"2026-04-15T22:59:22","slug":"don-kisot","status":"publish","type":"product","link":"https:\/\/roveyayinevi.com.tr\/index.php\/urun\/don-kisot\/","title":{"rendered":"Don Ki\u015fot"},"content":{"rendered":"<p>\u201cSevgili okur, her ne kadar Don Ki\u015fot\u2019un babas\u0131 gibi g\u00f6z\u00fcksem de asl\u0131nda \u00fcvey babas\u0131 olan ben, herkesin yapt\u0131\u011f\u0131 gibi davran\u0131p g\u00f6zlerimden akan ya\u015flarla kar\u015f\u0131na ge\u00e7ip, o\u011flumda bulaca\u011f\u0131n kusurlar\u0131 ba\u011f\u0131\u015flaman ve g\u00f6rmezden gelmen i\u00e7in yalvarmayaca\u011f\u0131m sana&#8230; \u00dcstelik senden de saklamayaca\u011f\u0131m bunlar\u0131. Sen, ne akrabas\u0131s\u0131n onun ne de dostu. \u0130stedi\u011fini d\u00fc\u015f\u00fcnmekte \u00f6zg\u00fcrs\u00fcn, h\u00fcr bir iraden var. En y\u00fcksek r\u00fctbedeki bir insan kadar yetkin var ele\u015ftirmeye; evindesin ve orada kral sensin. Herkes evinde kral de\u011fil midir zaten?.. B\u00fct\u00fcn bunlar her t\u00fcrl\u00fc sayg\u0131 g\u00f6sterisinden kurtar\u0131yor seni. Laf\u0131n k\u0131sas\u0131 bu hik\u00e2ye hakk\u0131nda iyi ya da k\u00f6t\u00fc akl\u0131ndan ge\u00e7en her \u015feyi s\u00f6yleyebilirsin. K\u00f6t\u00fclersen ceza almayacaks\u0131n, ama iyi s\u00f6ylersen de \u00f6d\u00fcl bekleme hi\u00e7 kimseden.\u201d Cervantes<\/p>\n","protected":false},"excerpt":{"rendered":"<p>\u201cSevgili okur, her ne kadar Don Ki\u015fot\u2019un babas\u0131 gibi g\u00f6z\u00fcksem de asl\u0131nda \u00fcvey babas\u0131 olan ben, herkesin yapt\u0131\u011f\u0131 gibi davran\u0131p g\u00f6zlerimden akan ya\u015flarla kar\u015f\u0131na ge\u00e7ip, o\u011flumda<span class=\"excerpt-hellip\"> [\u2026]<\/span><\/p>\n","protected":false},"featured_media":0,"template":"","meta":{"_monsterinsights_skip_tracking":false,"_monsterinsights_sitenote_active":false,"_monsterinsights_sitenote_note":"","_monsterinsights_sitenote_category":0},"product_brand":[],"product_cat":[12291,13113],"product_tag":[],"class_list":{"0":"post-689730","1":"product","2":"type-product","3":"status-publish","5":"product_cat-edebiyat","6":"product_cat-ispanyol-edebiyati","7":"pa_cilt-ciltsiz","8":"pa_tur-kitap","9":"pa_yayinevi-iskele-yayincilik","10":"pa_yazar-miguel-de-cervantes-saavedra","12":"first","13":"instock","14":"sale","15":"shipping-taxable","16":"purchasable","17":"product-type-simple"},"_links":{"self":[{"href":"https:\/\/roveyayinevi.com.tr\/index.php\/wp-json\/wp\/v2\/product\/689730","targetHints":{"allow":["GET"]}}],"collection":[{"href":"https:\/\/roveyayinevi.com.tr\/index.php\/wp-json\/wp\/v2\/product"}],"about":[{"href":"https:\/\/roveyayinevi.com.tr\/index.php\/wp-json\/wp\/v2\/types\/product"}],"wp:attachment":[{"href":"https:\/\/roveyayinevi.com.tr\/index.php\/wp-json\/wp\/v2\/media?parent=689730"}],"wp:term":[{"taxonomy":"product_brand","embeddable":true,"href":"https:\/\/roveyayinevi.com.tr\/index.php\/wp-json\/wp\/v2\/product_brand?post=689730"},{"taxonomy":"product_cat","embeddable":true,"href":"https:\/\/roveyayinevi.com.tr\/index.php\/wp-json\/wp\/v2\/product_cat?post=689730"},{"taxonomy":"product_tag","embeddable":true,"href":"https:\/\/roveyayinevi.com.tr\/index.php\/wp-json\/wp\/v2\/product_tag?post=689730"}],"curies":[{"name":"wp","href":"https:\/\/api.w.org\/{rel}","templated":true}]}}