{"id":689729,"date":"2025-08-27T13:48:11","date_gmt":"2025-08-27T10:48:11","guid":{"rendered":"https:\/\/roveyayinevi.com.tr\/index.php\/urun\/husn-u-ask\/"},"modified":"2026-04-16T01:59:22","modified_gmt":"2026-04-15T22:59:22","slug":"husn-u-ask","status":"publish","type":"product","link":"https:\/\/roveyayinevi.com.tr\/index.php\/urun\/husn-u-ask\/","title":{"rendered":"H\u00fcsn \u00fc A\u015fk"},"content":{"rendered":"<p>\u015eeyh Galip (1757-1799): Sadece 23 ya\u015f\u0131nda tertib etti\u011fi D\u00eevan&#8217;\u0131n\u0131n (1780 yan\u0131 s\u0131ra iki y\u0131l sonra yazd\u0131\u011f\u0131 H\u00fcsn \u00fc A\u015fk (\u0130yilik ve A\u015fk) adl\u0131 mesnevisiyle de D\u00eevan Edebiyat\u0131&#8217;n\u0131n son b\u00fcy\u00fck ustas\u0131 olarak adland\u0131r\u0131lan 18. y\u00fczy\u0131l \u015fairidir. Galip&#8217;in, yakla\u015f\u0131m\u0131yla D\u00eevan Edebiyat\u0131&#8217;n\u0131n daralan ufkunu a\u00e7t\u0131\u011f\u0131 kabul edile H\u00fcsn \u00fc A\u015fk&#8217;\u0131 G\u00f6lp\u0131narl\u0131&#8217;n\u0131n \u00e7eviri, g\u00fcn\u00fcm\u00fcz diline aktar\u0131m, a\u00e7\u0131mlama ve Galip&#8217;in en yaz\u0131s\u0131 ile zenginle\u015ftirdi\u011fi \u00e7al\u0131\u015fman\u0131n (1968) ilk yay\u0131mlan\u0131\u015f\u0131ndan 38 y\u0131l sonra, Galip&#8217;in do\u011fumunun 250. y\u0131l\u0131 arifesinde yeniden okur \u00f6n\u00fcnde. Abd\u00fclb\u00e2ki G\u00f6lp\u0131narl\u0131 (1900-1982); 20. y\u00fczy\u0131lda \u00fclkemizin ye\u015fitirdi\u011fi en \u00f6nemli edebiyat tarih\u00e7ilerinden ve (\u015farkiyat) do\u011fubilimcilerindendir. Hasan \u00c2li Y\u00fccel&#8217;in Bakanl\u0131k Klasiklerinden 1980&#8217;lere, d\u00eevan, tasavvuf ve halk edebiyat\u0131m\u0131zdan ve Fars\u00e7adan yapt\u0131\u011f\u0131 temel yap\u0131t \u00e7evirileri ve incelemeleriyle de k\u00fclt\u00fcr hayat\u0131m\u0131zda unutulmaz bir iz b\u0131rakan G\u00f6lp\u0131narl\u0131&#8217;n\u0131n say\u0131s\u0131z eseri aras\u0131nda, Mevl\u00e2na K\u00fclliyat\u0131, Fuzul\u00ee, Nedim ve Yunus Emre d\u00eevanlar\u0131 da vard\u0131r. \ufffcTan\u0131t\u0131m Metni<\/p>\n","protected":false},"excerpt":{"rendered":"<p>\u015eeyh Galip (1757-1799): Sadece 23 ya\u015f\u0131nda tertib etti\u011fi D\u00eevan&#8217;\u0131n\u0131n (1780 yan\u0131 s\u0131ra iki y\u0131l sonra yazd\u0131\u011f\u0131 H\u00fcsn \u00fc A\u015fk (\u0130yilik ve A\u015fk) adl\u0131 mesnevisiyle de D\u00eevan<span class=\"excerpt-hellip\"> [\u2026]<\/span><\/p>\n","protected":false},"featured_media":0,"template":"","meta":{"_monsterinsights_skip_tracking":false,"_monsterinsights_sitenote_active":false,"_monsterinsights_sitenote_note":"","_monsterinsights_sitenote_category":0},"product_brand":[],"product_cat":[12291,12509],"product_tag":[],"class_list":{"0":"post-689729","1":"product","2":"type-product","3":"status-publish","5":"product_cat-edebiyat","6":"product_cat-siir","7":"pa_cilt-ciltsiz","8":"pa_tur-kitap","9":"pa_yayinevi-is-bankasi-kultur-yayinlari","10":"pa_yazar-seyh-galib","12":"first","13":"instock","14":"sale","15":"shipping-taxable","16":"purchasable","17":"product-type-simple"},"_links":{"self":[{"href":"https:\/\/roveyayinevi.com.tr\/index.php\/wp-json\/wp\/v2\/product\/689729","targetHints":{"allow":["GET"]}}],"collection":[{"href":"https:\/\/roveyayinevi.com.tr\/index.php\/wp-json\/wp\/v2\/product"}],"about":[{"href":"https:\/\/roveyayinevi.com.tr\/index.php\/wp-json\/wp\/v2\/types\/product"}],"wp:attachment":[{"href":"https:\/\/roveyayinevi.com.tr\/index.php\/wp-json\/wp\/v2\/media?parent=689729"}],"wp:term":[{"taxonomy":"product_brand","embeddable":true,"href":"https:\/\/roveyayinevi.com.tr\/index.php\/wp-json\/wp\/v2\/product_brand?post=689729"},{"taxonomy":"product_cat","embeddable":true,"href":"https:\/\/roveyayinevi.com.tr\/index.php\/wp-json\/wp\/v2\/product_cat?post=689729"},{"taxonomy":"product_tag","embeddable":true,"href":"https:\/\/roveyayinevi.com.tr\/index.php\/wp-json\/wp\/v2\/product_tag?post=689729"}],"curies":[{"name":"wp","href":"https:\/\/api.w.org\/{rel}","templated":true}]}}