{"id":689728,"date":"2025-08-27T13:48:11","date_gmt":"2025-08-27T10:48:11","guid":{"rendered":"https:\/\/roveyayinevi.com.tr\/index.php\/urun\/hukumdar\/"},"modified":"2026-04-16T01:59:22","modified_gmt":"2026-04-15T22:59:22","slug":"hukumdar","status":"publish","type":"product","link":"https:\/\/roveyayinevi.com.tr\/index.php\/urun\/hukumdar\/","title":{"rendered":"H\u00fck\u00fcmdar"},"content":{"rendered":"<p>Niccolo Machiavelli (1469-1527): Siyaset kuramc\u0131s\u0131, tarih\u00e7i, yazar ve bir devlet adam\u0131 olan Machiavelli, H\u00fck\u00fcmdar, Konu\u015fmaklar ve Floransa Tarihi adl\u0131 kitaplar\u0131yla tan\u0131nm\u0131\u015ft\u0131r. En \u00fcnl\u00fc yap\u0131t\u0131 olan H\u00fck\u00fcmdar&#8217;da temel d\u00fc\u015f\u00fcncesi \u00fclkesinin i\u015fgalden kurtulmas\u0131 ve tek egemenlik alt\u0131nda toplanmas\u0131d\u0131r. Bu d\u00fc\u015f\u00fcnce etraf\u0131nda g\u00fc\u00e7l\u00fc bir iktidar\u0131n nas\u0131l olu\u015fturulabilece\u011fi ve ne \u015fekilde s\u00fcrd\u00fcr\u00fclece\u011fini ele al\u0131r. Egemenlik, askeri g\u00fc\u00e7, ruhban s\u0131n\u0131f, ba\u011f\u0131ms\u0131zl\u0131k, devlet-birey-\u00f6zg\u00fcrl\u00fck ili\u015fkilerini irdeleyen politik bir ba\u015fyap\u0131t olarak dikkati \u00e7eken H\u00fck\u00fcmdar, ayn\u0131 zamanda \u0130talya&#8217;y\u0131 barbarlar\u0131n elinden kurtarmaya \u00e7a\u011fr\u0131 d\u0131r. Machiavelli&#8217;nin \u015fiirleri, \u00f6yk\u00fcleri ve oyunlar\u0131 da \u0130talyan edebiyat\u0131n\u0131n e\u015fsiz \u00f6rnekleri aras\u0131nda yer al\u0131r. Necdet Adaba\u011f (1942): Ankara \u00dcniversitesi, DTCF \u0130talyan Dili ve Edebiyat\u0131 Anabilim Dal\u0131&#8217;ndan Alberto Moravia \u00fczerine yapt\u0131\u011f\u0131 tezle mezun oldu. Urbino \u00dcniversitesi&#8217;nde \u0130talyan Edebiyat\u0131 \u00fcst\u00fcne doktora yapt\u0131. Tezini Giacomo Leopardi \u00fczerine yazd\u0131. On y\u0131la yak\u0131n bir s\u00fcre \u0130talyan K\u00fclt\u00fcr Merkezi&#8217;nde \u00e7evirmen, k\u00fclt\u00fcr ve sanat dan\u0131\u015fman\u0131 olarak \u00e7al\u0131\u015ft\u0131. Ba\u015fta Leopardi, Petrarca, Machiavelli, Sciascia, Goldoni, Pirandello, Manzoni olmak \u00fczere pek \u00e7ok \u0130talyan sanat\u00e7\u0131 ve d\u00fc\u015f\u00fcn\u00fcr\u00fcn\u00fcn eserlerini T\u00fcrk\u00e7eye \u00e7evirdi. \ufffc<\/p>\n","protected":false},"excerpt":{"rendered":"<p>Niccolo Machiavelli (1469-1527): Siyaset kuramc\u0131s\u0131, tarih\u00e7i, yazar ve bir devlet adam\u0131 olan Machiavelli, H\u00fck\u00fcmdar, Konu\u015fmaklar ve Floransa Tarihi adl\u0131 kitaplar\u0131yla tan\u0131nm\u0131\u015ft\u0131r. En \u00fcnl\u00fc yap\u0131t\u0131 olan H\u00fck\u00fcmdar&#8217;da<span class=\"excerpt-hellip\"> [\u2026]<\/span><\/p>\n","protected":false},"featured_media":0,"template":"","meta":{"_monsterinsights_skip_tracking":false,"_monsterinsights_sitenote_active":false,"_monsterinsights_sitenote_note":"","_monsterinsights_sitenote_category":0},"product_brand":[],"product_cat":[12337,14706],"product_tag":[],"class_list":{"0":"post-689728","1":"product","2":"type-product","3":"status-publish","5":"product_cat-politika-siyaset","6":"product_cat-siyaset-bilimi","7":"pa_cilt-ciltsiz","8":"pa_tur-kitap","9":"pa_yayinevi-is-bankasi-kultur-yayinlari","10":"pa_yazar-niccolo-machiavelli","12":"first","13":"instock","14":"sale","15":"shipping-taxable","16":"purchasable","17":"product-type-simple"},"_links":{"self":[{"href":"https:\/\/roveyayinevi.com.tr\/index.php\/wp-json\/wp\/v2\/product\/689728","targetHints":{"allow":["GET"]}}],"collection":[{"href":"https:\/\/roveyayinevi.com.tr\/index.php\/wp-json\/wp\/v2\/product"}],"about":[{"href":"https:\/\/roveyayinevi.com.tr\/index.php\/wp-json\/wp\/v2\/types\/product"}],"wp:attachment":[{"href":"https:\/\/roveyayinevi.com.tr\/index.php\/wp-json\/wp\/v2\/media?parent=689728"}],"wp:term":[{"taxonomy":"product_brand","embeddable":true,"href":"https:\/\/roveyayinevi.com.tr\/index.php\/wp-json\/wp\/v2\/product_brand?post=689728"},{"taxonomy":"product_cat","embeddable":true,"href":"https:\/\/roveyayinevi.com.tr\/index.php\/wp-json\/wp\/v2\/product_cat?post=689728"},{"taxonomy":"product_tag","embeddable":true,"href":"https:\/\/roveyayinevi.com.tr\/index.php\/wp-json\/wp\/v2\/product_tag?post=689728"}],"curies":[{"name":"wp","href":"https:\/\/api.w.org\/{rel}","templated":true}]}}