{"id":689727,"date":"2025-08-27T13:48:10","date_gmt":"2025-08-27T10:48:10","guid":{"rendered":"https:\/\/roveyayinevi.com.tr\/index.php\/urun\/hitopadesa\/"},"modified":"2026-04-16T01:59:22","modified_gmt":"2026-04-15T22:59:22","slug":"hitopadesa","status":"publish","type":"product","link":"https:\/\/roveyayinevi.com.tr\/index.php\/urun\/hitopadesa\/","title":{"rendered":"Hitopade\u015fa"},"content":{"rendered":"<p>Hitopade\u015fa: Temelde gelece\u011fin y\u00f6neticileri i\u00e7in hayat ve siyaset yolunda yararl\u0131 e\u011fitim k\u0131lavuzu \u00f6zelli\u011fi ta\u015f\u0131yan ve klasik Hint edebiyat\u0131n\u0131n anlatacaklar\u0131n\u0131 bir \u00e7er\u00e7eve anlat\u0131 i\u00e7erisinde, birbirine a\u00e7\u0131lan masallar, k\u0131ssalar ve \u00f6\u011f\u00fctlerle dile getirdi\u011fi en tan\u0131nm\u0131\u015f \u00f6rneklerinden biridir. Kelile ve Dimne gibi pek \u00e7ok yap\u0131ta \u00f6nc\u00fcl\u00fck eden bu \u00f6nemli kitap dilimize ilk kez \u00e7evrilmektedir. \ufffcTan\u0131t\u0131m Metni<\/p>\n","protected":false},"excerpt":{"rendered":"<p>Hitopade\u015fa: Temelde gelece\u011fin y\u00f6neticileri i\u00e7in hayat ve siyaset yolunda yararl\u0131 e\u011fitim k\u0131lavuzu \u00f6zelli\u011fi ta\u015f\u0131yan ve klasik Hint edebiyat\u0131n\u0131n anlatacaklar\u0131n\u0131 bir \u00e7er\u00e7eve anlat\u0131 i\u00e7erisinde, birbirine a\u00e7\u0131lan masallar,<span class=\"excerpt-hellip\"> [\u2026]<\/span><\/p>\n","protected":false},"featured_media":0,"template":"","meta":{"_monsterinsights_skip_tracking":false,"_monsterinsights_sitenote_active":false,"_monsterinsights_sitenote_note":"","_monsterinsights_sitenote_category":0},"product_brand":[],"product_cat":[13043,14754],"product_tag":[],"class_list":{"0":"post-689727","1":"product","2":"type-product","3":"status-publish","5":"product_cat-ekonomi","6":"product_cat-halkla-iliskiler-insan-kaynaklari","7":"pa_cilt-ciltsiz","8":"pa_tur-kitap","9":"pa_yayinevi-is-bankasi-kultur-yayinlari","10":"pa_yazar-narayana-rao-surapaneni","12":"first","13":"instock","14":"sale","15":"shipping-taxable","16":"purchasable","17":"product-type-simple"},"_links":{"self":[{"href":"https:\/\/roveyayinevi.com.tr\/index.php\/wp-json\/wp\/v2\/product\/689727","targetHints":{"allow":["GET"]}}],"collection":[{"href":"https:\/\/roveyayinevi.com.tr\/index.php\/wp-json\/wp\/v2\/product"}],"about":[{"href":"https:\/\/roveyayinevi.com.tr\/index.php\/wp-json\/wp\/v2\/types\/product"}],"wp:attachment":[{"href":"https:\/\/roveyayinevi.com.tr\/index.php\/wp-json\/wp\/v2\/media?parent=689727"}],"wp:term":[{"taxonomy":"product_brand","embeddable":true,"href":"https:\/\/roveyayinevi.com.tr\/index.php\/wp-json\/wp\/v2\/product_brand?post=689727"},{"taxonomy":"product_cat","embeddable":true,"href":"https:\/\/roveyayinevi.com.tr\/index.php\/wp-json\/wp\/v2\/product_cat?post=689727"},{"taxonomy":"product_tag","embeddable":true,"href":"https:\/\/roveyayinevi.com.tr\/index.php\/wp-json\/wp\/v2\/product_tag?post=689727"}],"curies":[{"name":"wp","href":"https:\/\/api.w.org\/{rel}","templated":true}]}}