{"id":689726,"date":"2025-08-27T13:48:10","date_gmt":"2025-08-27T10:48:10","guid":{"rendered":"https:\/\/roveyayinevi.com.tr\/index.php\/urun\/gulistan\/"},"modified":"2026-04-16T01:59:22","modified_gmt":"2026-04-15T22:59:22","slug":"gulistan","status":"publish","type":"product","link":"https:\/\/roveyayinevi.com.tr\/index.php\/urun\/gulistan\/","title":{"rendered":"G\u00fclistan"},"content":{"rendered":"<p>As\u0131l ad\u0131 M\u00fc\u015ferreffetin M\u00fcslihittin olan Sadi, klasik \u0130ran yaz\u0131n\u0131n\u0131n . en b\u00fcy\u00fck \u015fairlerinden biridir. G\u00fclistan adl\u0131 yap\u0131t\u0131nda an\u0131lar\u0131n\u0131n ve \u00f6yk\u00fclerinin aras\u0131nda \u00f6zdeyi\u015flere, \u00f6\u011f\u00fctlere, e\u011flendirici g\u00f6zlemlere yer verir. H\u00fck\u00fcmdarlar\u0131n g\u00fcnden g\u00fcne de\u011fi\u015fen tutumlar\u0131na g\u00f6re davranmak zorunda kalan dervi\u015flerin durumunu kar\u015f\u0131la\u015ft\u0131r\u0131r. <\/p>\n","protected":false},"excerpt":{"rendered":"<p>As\u0131l ad\u0131 M\u00fc\u015ferreffetin M\u00fcslihittin olan Sadi, klasik \u0130ran yaz\u0131n\u0131n\u0131n . en b\u00fcy\u00fck \u015fairlerinden biridir. G\u00fclistan adl\u0131 yap\u0131t\u0131nda an\u0131lar\u0131n\u0131n ve \u00f6yk\u00fclerinin aras\u0131nda \u00f6zdeyi\u015flere, \u00f6\u011f\u00fctlere, e\u011flendirici g\u00f6zlemlere yer<span class=\"excerpt-hellip\"> [\u2026]<\/span><\/p>\n","protected":false},"featured_media":0,"template":"","meta":{"_monsterinsights_skip_tracking":false,"_monsterinsights_sitenote_active":false,"_monsterinsights_sitenote_note":"","_monsterinsights_sitenote_category":0},"product_brand":[],"product_cat":[13661,12291],"product_tag":[],"class_list":{"0":"post-689726","1":"product","2":"type-product","3":"status-publish","5":"product_cat-diger-ulke-edebiyatlari","6":"product_cat-edebiyat","7":"pa_tur-kitap","8":"pa_yayinevi-iskele-yayincilik","9":"pa_yazar-sirazli-seyh-sadi","11":"first","12":"instock","13":"sale","14":"shipping-taxable","15":"purchasable","16":"product-type-simple"},"_links":{"self":[{"href":"https:\/\/roveyayinevi.com.tr\/index.php\/wp-json\/wp\/v2\/product\/689726","targetHints":{"allow":["GET"]}}],"collection":[{"href":"https:\/\/roveyayinevi.com.tr\/index.php\/wp-json\/wp\/v2\/product"}],"about":[{"href":"https:\/\/roveyayinevi.com.tr\/index.php\/wp-json\/wp\/v2\/types\/product"}],"wp:attachment":[{"href":"https:\/\/roveyayinevi.com.tr\/index.php\/wp-json\/wp\/v2\/media?parent=689726"}],"wp:term":[{"taxonomy":"product_brand","embeddable":true,"href":"https:\/\/roveyayinevi.com.tr\/index.php\/wp-json\/wp\/v2\/product_brand?post=689726"},{"taxonomy":"product_cat","embeddable":true,"href":"https:\/\/roveyayinevi.com.tr\/index.php\/wp-json\/wp\/v2\/product_cat?post=689726"},{"taxonomy":"product_tag","embeddable":true,"href":"https:\/\/roveyayinevi.com.tr\/index.php\/wp-json\/wp\/v2\/product_tag?post=689726"}],"curies":[{"name":"wp","href":"https:\/\/api.w.org\/{rel}","templated":true}]}}