{"id":689724,"date":"2025-08-27T13:48:10","date_gmt":"2025-08-27T10:48:10","guid":{"rendered":"https:\/\/roveyayinevi.com.tr\/index.php\/urun\/hircin-kiz-ciltli\/"},"modified":"2026-04-16T01:59:22","modified_gmt":"2026-04-15T22:59:22","slug":"hircin-kiz-ciltli","status":"publish","type":"product","link":"https:\/\/roveyayinevi.com.tr\/index.php\/urun\/hircin-kiz-ciltli\/","title":{"rendered":"H\u0131r\u00e7\u0131n K\u0131z (Ciltli)"},"content":{"rendered":"<p>William Shakespeare (1564-1616): Oyunlar\u0131 ve \u015fiirlerinde insanl\u0131k durumlar\u0131n\u0131 dile getiri\u015f g\u00fcc\u00fcyle yakla\u015f\u0131k 400 y\u0131ld\u0131r b\u00fct\u00fcn d\u00fcnya okur ve seyircilerini etkilemeyi s\u00fcrd\u00fcren efsanevi yazar, H\u0131r\u00e7\u0131n K\u0131z adl\u0131 komedyas\u0131nda daha yazarl\u0131\u011f\u0131n\u0131n ilk d\u00f6nemlerinde bile karakter olu\u015fturma konusunda tart\u0131\u015f\u0131lmaz bir ustal\u0131\u011fa sahip oldu\u011funu g\u00f6stermi\u015ftir. Shakespeare\u2019in bir\u00e7ok a\u00e7\u0131dan \u0130talyan komedyas\u0131ndan esinlendi\u011fi H\u0131r\u00e7\u0131n K\u0131z, birbirini geli\u015ftiren iki \u00f6noyunla ba\u015flayarak, entrikalar, farkl\u0131 kimli\u011fe b\u00fcr\u00fcnmeler ve bir a\u015fk hik\u00e2yesi ile oyun i\u00e7inde oyun halinde s\u00fcrer. Aksi bir kad\u0131n\u0131n uysal bir e\u015fe d\u00f6n\u00fc\u015fmesini anlatan komedya, o d\u00f6nemde erkek g\u00f6z\u00fcyle kad\u0131na nas\u0131l bak\u0131ld\u0131\u011f\u0131n\u0131 da a\u00e7\u0131k\u00e7a sergilemektedir. \ufffcTan\u0131t\u0131m Metni<\/p>\n","protected":false},"excerpt":{"rendered":"<p>William Shakespeare (1564-1616): Oyunlar\u0131 ve \u015fiirlerinde insanl\u0131k durumlar\u0131n\u0131 dile getiri\u015f g\u00fcc\u00fcyle yakla\u015f\u0131k 400 y\u0131ld\u0131r b\u00fct\u00fcn d\u00fcnya okur ve seyircilerini etkilemeyi s\u00fcrd\u00fcren efsanevi yazar, H\u0131r\u00e7\u0131n K\u0131z adl\u0131<span class=\"excerpt-hellip\"> [\u2026]<\/span><\/p>\n","protected":false},"featured_media":0,"template":"","meta":{"_monsterinsights_skip_tracking":false,"_monsterinsights_sitenote_active":false,"_monsterinsights_sitenote_note":"","_monsterinsights_sitenote_category":0},"product_brand":[],"product_cat":[12291,12866],"product_tag":[],"class_list":{"0":"post-689724","1":"product","2":"type-product","3":"status-publish","5":"product_cat-edebiyat","6":"product_cat-ingiliz-edebiyati","7":"pa_cilt-ciltli","8":"pa_tur-kitap","9":"pa_yayinevi-is-bankasi-kultur-yayinlari","10":"pa_yazar-william-shakespeare","12":"first","13":"instock","14":"sale","15":"shipping-taxable","16":"purchasable","17":"product-type-simple"},"_links":{"self":[{"href":"https:\/\/roveyayinevi.com.tr\/index.php\/wp-json\/wp\/v2\/product\/689724","targetHints":{"allow":["GET"]}}],"collection":[{"href":"https:\/\/roveyayinevi.com.tr\/index.php\/wp-json\/wp\/v2\/product"}],"about":[{"href":"https:\/\/roveyayinevi.com.tr\/index.php\/wp-json\/wp\/v2\/types\/product"}],"wp:attachment":[{"href":"https:\/\/roveyayinevi.com.tr\/index.php\/wp-json\/wp\/v2\/media?parent=689724"}],"wp:term":[{"taxonomy":"product_brand","embeddable":true,"href":"https:\/\/roveyayinevi.com.tr\/index.php\/wp-json\/wp\/v2\/product_brand?post=689724"},{"taxonomy":"product_cat","embeddable":true,"href":"https:\/\/roveyayinevi.com.tr\/index.php\/wp-json\/wp\/v2\/product_cat?post=689724"},{"taxonomy":"product_tag","embeddable":true,"href":"https:\/\/roveyayinevi.com.tr\/index.php\/wp-json\/wp\/v2\/product_tag?post=689724"}],"curies":[{"name":"wp","href":"https:\/\/api.w.org\/{rel}","templated":true}]}}