{"id":689723,"date":"2025-08-27T13:48:10","date_gmt":"2025-08-27T10:48:10","guid":{"rendered":"https:\/\/roveyayinevi.com.tr\/index.php\/urun\/madame-bovary\/"},"modified":"2026-04-16T01:59:22","modified_gmt":"2026-04-15T22:59:22","slug":"madame-bovary","status":"publish","type":"product","link":"https:\/\/roveyayinevi.com.tr\/index.php\/urun\/madame-bovary\/","title":{"rendered":"Madame Bovary"},"content":{"rendered":"<p>1821\u2019de Fransa\u2019n\u0131n Rouen b\u00f6lgesinde do\u011fan Gustave Flaubert, gen\u00e7lik y\u0131llar\u0131nda ibadet edercesine edebiyatla ilgilenmi\u015ftir. Kendinden k\u0131sa bir s\u00fcre sonra yazmaya ba\u015flayan Zola taraf\u0131ndan sistematize edilen Nat\u00fcralizm (Do\u011falc\u0131l\u0131k) ak\u0131m\u0131n\u0131n ilk yazar\u0131d\u0131r. Ger\u00e7ek\u00e7ili\u011fe olan tutkusuyla, roman kahramanlar\u0131n\u0131n hi\u00e7birine yak\u0131nl\u0131k duymadan yazm\u0131\u015ft\u0131r. Her karakteri ve her olay\u0131 titizlikle inceler, ki\u015filerin ve olaylar\u0131n nedenini ara\u015ft\u0131r\u0131r ve bunlar\u0131 m\u00fckemmel bir dille okuyucuya aktar\u0131r. 1857 y\u0131l\u0131nda  Revue de Paris  dergisinde tefrika halinde yay\u0131mlatt\u0131\u011f\u0131 ilk eseri  Madame Bovary , h\u00fck\u00fcmet taraf\u0131ndan toplumun ahlaki ve dini duygular\u0131na hakaret etti\u011fi gerek\u00e7esiyle yasakland\u0131ysa da beraat etti ve Flaubert\u2019e \u00fclke \u00e7ap\u0131nda b\u00fcy\u00fck \u00fcn kazand\u0131rd\u0131. XIX. y\u00fczy\u0131l roman\u0131n\u0131n en ba\u015far\u0131l\u0131 \u00f6rneklerinden biri olan  Madame Bovary , hem ele ald\u0131\u011f\u0131 konu hem de \u00fcslubu ile roman\u0131 \u00e7arp\u0131c\u0131 hale getirmi\u015ftir. Anlat\u0131lan, Emma Bovary\u2019nin trajik hayat hikayesi ve a\u015fklar\u0131 gibi g\u00f6r\u00fcnmekle birlikte, 19. y\u00fczy\u0131l Frans\u0131z ve yarg\u0131lar\u0131 ile ahlak \u00f6l\u00e7\u00fclerinin riyakarl\u0131\u011f\u0131n\u0131 ele al\u0131r. Romandaki her detay\u0131 ger\u00e7eklerle yo\u011furmaya \u00f6nem veren Flaubert\u2019in, Emma\u2019n\u0131n intihar\u0131n\u0131 anlatmak i\u00e7in arseni\u011fin tad\u0131na bakacak kadar ileri gitti ve bu y\u00fczden hastaland\u0131\u011f\u0131 s\u00f6ylenir.  Madame Bovary  de Romantizm hareketinin duygular\u0131na kap\u0131lan ve onlar\u0131 ciddiye alan bo\u015fkafal\u0131 bir kad\u0131n\u0131n nas\u0131l felakete s\u00fcr\u00fcklendi\u011fini g\u00f6sterir. Bir k\u00fc\u00e7\u00fck burjuva kad\u0131n\u0131n\u0131n trajedisinin arkas\u0131nda yatan baya\u011f\u0131, \u00f6nemsiz ve k\u00fc\u00e7\u00fck d\u00fcnyay\u0131 g\u00f6sterir. <\/p>\n","protected":false},"excerpt":{"rendered":"<p>1821\u2019de Fransa\u2019n\u0131n Rouen b\u00f6lgesinde do\u011fan Gustave Flaubert, gen\u00e7lik y\u0131llar\u0131nda ibadet edercesine edebiyatla ilgilenmi\u015ftir. Kendinden k\u0131sa bir s\u00fcre sonra yazmaya ba\u015flayan Zola taraf\u0131ndan sistematize edilen Nat\u00fcralizm (Do\u011falc\u0131l\u0131k)<span class=\"excerpt-hellip\"> [\u2026]<\/span><\/p>\n","protected":false},"featured_media":0,"template":"","meta":{"_monsterinsights_skip_tracking":false,"_monsterinsights_sitenote_active":false,"_monsterinsights_sitenote_note":"","_monsterinsights_sitenote_category":0},"product_brand":[],"product_cat":[12291,13376],"product_tag":[],"class_list":{"0":"post-689723","1":"product","2":"type-product","3":"status-publish","5":"product_cat-edebiyat","6":"product_cat-fransiz-edebiyati","7":"pa_tur-kitap","8":"pa_yayinevi-iskele-yayincilik","9":"pa_yazar-gustave-flaubert","11":"first","12":"instock","13":"sale","14":"shipping-taxable","15":"purchasable","16":"product-type-simple"},"_links":{"self":[{"href":"https:\/\/roveyayinevi.com.tr\/index.php\/wp-json\/wp\/v2\/product\/689723","targetHints":{"allow":["GET"]}}],"collection":[{"href":"https:\/\/roveyayinevi.com.tr\/index.php\/wp-json\/wp\/v2\/product"}],"about":[{"href":"https:\/\/roveyayinevi.com.tr\/index.php\/wp-json\/wp\/v2\/types\/product"}],"wp:attachment":[{"href":"https:\/\/roveyayinevi.com.tr\/index.php\/wp-json\/wp\/v2\/media?parent=689723"}],"wp:term":[{"taxonomy":"product_brand","embeddable":true,"href":"https:\/\/roveyayinevi.com.tr\/index.php\/wp-json\/wp\/v2\/product_brand?post=689723"},{"taxonomy":"product_cat","embeddable":true,"href":"https:\/\/roveyayinevi.com.tr\/index.php\/wp-json\/wp\/v2\/product_cat?post=689723"},{"taxonomy":"product_tag","embeddable":true,"href":"https:\/\/roveyayinevi.com.tr\/index.php\/wp-json\/wp\/v2\/product_tag?post=689723"}],"curies":[{"name":"wp","href":"https:\/\/api.w.org\/{rel}","templated":true}]}}