{"id":689720,"date":"2025-08-27T13:48:09","date_gmt":"2025-08-27T10:48:09","guid":{"rendered":"https:\/\/roveyayinevi.com.tr\/index.php\/urun\/iki-sehrin-hikayesi\/"},"modified":"2026-04-16T01:59:22","modified_gmt":"2026-04-15T22:59:22","slug":"iki-sehrin-hikayesi","status":"publish","type":"product","link":"https:\/\/roveyayinevi.com.tr\/index.php\/urun\/iki-sehrin-hikayesi\/","title":{"rendered":"\u0130ki \u015eehrin Hikayesi"},"content":{"rendered":"<p>Kas\u0131m ay\u0131n\u0131n sonlar\u0131ndayd\u0131; bir Cuma gecesi olduk\u00e7a ge\u00e7 saatlerde Dover Potas\u0131 zorlukla Shooter Yoku\u015fu\u2019nu \u00e7\u0131k\u0131yordu. Vadide sis vard\u0131 ve a\u011f\u0131r a\u011f\u0131r yukar\u0131lara do\u011fru y\u00fckseliyordu. Denize benzeyen \u0131slak, araban\u0131n lambalar\u0131 ancak bir iki ad\u0131m uza\u011f\u0131 ayd\u0131nlatabiliyordu. \u00dc\u00e7 yolcu araban\u0131n yan\u0131nda \u00e7amura bata bata tepeye \u00e7\u0131k\u0131yordu. Bu havada y\u00fcr\u00fcmek ho\u015flar\u0131na gitmiyordu ama buna mecburdular. Yoku\u015f dikti, yerler kay\u0131yordu, atlar bile arabay\u0131 zor \u00e7ekiyordu, \u00fc\u00e7 defa durmu\u015flard\u0131. Hatta bir kez g\u00fc\u00e7leri kalmad\u0131\u011f\u0131 i\u00e7in geri d\u00f6nmek istermi\u015f gibi arabay\u0131 yolun kenar\u0131na do\u011fru \u00e7ektiler; ama muhaf\u0131zlar dizginlerini ve k\u0131rba\u00e7lar\u0131n\u0131 kullanarak onlar\u0131 tekrar yola sokmu\u015ftu. \ufffcTan\u0131t\u0131m Metni<\/p>\n","protected":false},"excerpt":{"rendered":"<p>Kas\u0131m ay\u0131n\u0131n sonlar\u0131ndayd\u0131; bir Cuma gecesi olduk\u00e7a ge\u00e7 saatlerde Dover Potas\u0131 zorlukla Shooter Yoku\u015fu\u2019nu \u00e7\u0131k\u0131yordu. Vadide sis vard\u0131 ve a\u011f\u0131r a\u011f\u0131r yukar\u0131lara do\u011fru y\u00fckseliyordu. Denize benzeyen<span class=\"excerpt-hellip\"> [\u2026]<\/span><\/p>\n","protected":false},"featured_media":0,"template":"","meta":{"_monsterinsights_skip_tracking":false,"_monsterinsights_sitenote_active":false,"_monsterinsights_sitenote_note":"","_monsterinsights_sitenote_category":0},"product_brand":[],"product_cat":[12291,12866],"product_tag":[],"class_list":{"0":"post-689720","1":"product","2":"type-product","3":"status-publish","5":"product_cat-edebiyat","6":"product_cat-ingiliz-edebiyati","7":"pa_cilt-ciltsiz","8":"pa_tur-kitap","9":"pa_yayinevi-iskele-yayincilik","10":"pa_yazar-charles-dickens","12":"first","13":"instock","14":"sale","15":"shipping-taxable","16":"purchasable","17":"product-type-simple"},"_links":{"self":[{"href":"https:\/\/roveyayinevi.com.tr\/index.php\/wp-json\/wp\/v2\/product\/689720","targetHints":{"allow":["GET"]}}],"collection":[{"href":"https:\/\/roveyayinevi.com.tr\/index.php\/wp-json\/wp\/v2\/product"}],"about":[{"href":"https:\/\/roveyayinevi.com.tr\/index.php\/wp-json\/wp\/v2\/types\/product"}],"wp:attachment":[{"href":"https:\/\/roveyayinevi.com.tr\/index.php\/wp-json\/wp\/v2\/media?parent=689720"}],"wp:term":[{"taxonomy":"product_brand","embeddable":true,"href":"https:\/\/roveyayinevi.com.tr\/index.php\/wp-json\/wp\/v2\/product_brand?post=689720"},{"taxonomy":"product_cat","embeddable":true,"href":"https:\/\/roveyayinevi.com.tr\/index.php\/wp-json\/wp\/v2\/product_cat?post=689720"},{"taxonomy":"product_tag","embeddable":true,"href":"https:\/\/roveyayinevi.com.tr\/index.php\/wp-json\/wp\/v2\/product_tag?post=689720"}],"curies":[{"name":"wp","href":"https:\/\/api.w.org\/{rel}","templated":true}]}}