{"id":689719,"date":"2025-08-27T13:48:09","date_gmt":"2025-08-27T10:48:09","guid":{"rendered":"https:\/\/roveyayinevi.com.tr\/index.php\/urun\/guliverin-gezileri\/"},"modified":"2026-04-16T01:59:22","modified_gmt":"2026-04-15T22:59:22","slug":"guliverin-gezileri","status":"publish","type":"product","link":"https:\/\/roveyayinevi.com.tr\/index.php\/urun\/guliverin-gezileri\/","title":{"rendered":"G\u00fcliver\u2019in Gezileri"},"content":{"rendered":"<p>Babam\u0131n \u0130ngiltere&#8217;nin kuzeyinde, i\u00e7inde k\u00fc\u00e7\u00fck bir k\u00f6\u015fk olan bir miktar arazisi vard\u0131. Ben onun be\u015f o\u011flundan \u00fc\u00e7\u00fcnc\u00fcs\u00fcyd\u00fcm. On d\u00f6rt ya\u015f\u0131ma geldi\u011fimde babam beni Cambridge (Kembri\u00e7)&#8217;te bir koleje yollad\u0131. Burada \u00fc\u00e7 y\u0131l kald\u0131m ve kendimi tamamen derslerime verdim. Ba\u015flang\u0131\u00e7ta babam pek az bir har\u00e7l\u0131k yollayabiliyordu. Bir s\u00fcre sonra beni okutmaya durumu elvermedi. Sonunda Londra&#8217;da \u00e7ok tan\u0131nm\u0131\u015f bir cerrah olan Bay Bates&#8217;\u0131n yan\u0131na \u00e7\u0131rak olarak girdim. <\/p>\n","protected":false},"excerpt":{"rendered":"<p>Babam\u0131n \u0130ngiltere&#8217;nin kuzeyinde, i\u00e7inde k\u00fc\u00e7\u00fck bir k\u00f6\u015fk olan bir miktar arazisi vard\u0131. Ben onun be\u015f o\u011flundan \u00fc\u00e7\u00fcnc\u00fcs\u00fcyd\u00fcm. On d\u00f6rt ya\u015f\u0131ma geldi\u011fimde babam beni Cambridge (Kembri\u00e7)&#8217;te bir<span class=\"excerpt-hellip\"> [\u2026]<\/span><\/p>\n","protected":false},"featured_media":0,"template":"","meta":{"_monsterinsights_skip_tracking":false,"_monsterinsights_sitenote_active":false,"_monsterinsights_sitenote_note":"","_monsterinsights_sitenote_category":0},"product_brand":[],"product_cat":[12274,12284],"product_tag":[],"class_list":{"0":"post-689719","1":"product","2":"type-product","3":"status-publish","5":"product_cat-cocuk-ve-genclik-kitaplari","6":"product_cat-hikayeler","7":"pa_tur-kitap","8":"pa_yayinevi-iskele-yayincilik","9":"pa_yazar-jonathan-swift","11":"first","12":"instock","13":"sale","14":"shipping-taxable","15":"purchasable","16":"product-type-simple"},"_links":{"self":[{"href":"https:\/\/roveyayinevi.com.tr\/index.php\/wp-json\/wp\/v2\/product\/689719","targetHints":{"allow":["GET"]}}],"collection":[{"href":"https:\/\/roveyayinevi.com.tr\/index.php\/wp-json\/wp\/v2\/product"}],"about":[{"href":"https:\/\/roveyayinevi.com.tr\/index.php\/wp-json\/wp\/v2\/types\/product"}],"wp:attachment":[{"href":"https:\/\/roveyayinevi.com.tr\/index.php\/wp-json\/wp\/v2\/media?parent=689719"}],"wp:term":[{"taxonomy":"product_brand","embeddable":true,"href":"https:\/\/roveyayinevi.com.tr\/index.php\/wp-json\/wp\/v2\/product_brand?post=689719"},{"taxonomy":"product_cat","embeddable":true,"href":"https:\/\/roveyayinevi.com.tr\/index.php\/wp-json\/wp\/v2\/product_cat?post=689719"},{"taxonomy":"product_tag","embeddable":true,"href":"https:\/\/roveyayinevi.com.tr\/index.php\/wp-json\/wp\/v2\/product_tag?post=689719"}],"curies":[{"name":"wp","href":"https:\/\/api.w.org\/{rel}","templated":true}]}}