{"id":689717,"date":"2025-08-27T13:48:09","date_gmt":"2025-08-27T10:48:09","guid":{"rendered":"https:\/\/roveyayinevi.com.tr\/index.php\/urun\/faust\/"},"modified":"2026-04-16T01:59:22","modified_gmt":"2026-04-15T22:59:22","slug":"faust","status":"publish","type":"product","link":"https:\/\/roveyayinevi.com.tr\/index.php\/urun\/faust\/","title":{"rendered":"Faust"},"content":{"rendered":"<p>&#8230; Bana sevin\u00e7li g\u00fcnlerin g\u00f6r\u00fcnt\u00fclerini getiriyorsunuz. Baz\u0131 y\u00fcce g\u00f6lgeler belirgin hale geliyor: Ayr\u0131ca ilk a\u015fk\u0131n ve ilk dostlu\u011fun izleri de sanki eski ve k\u0131smen unutulmu\u015f bir masal gibi g\u00f6z\u00fcmde canlan\u0131yor. Hayat\u0131n t\u0131pk\u0131 dehliz gibi olan k\u0131vr\u0131ml\u0131 ak\u0131\u015f\u0131ndan dolay\u0131 s\u0131zlan\u0131\u015flar tekrarlan\u0131yor ve g\u00fczel saatlerin mutlu hayalleriyle avunarak benden \u00f6nce \u00f6lm\u00fc\u015f o iyi insanlar\u0131n adlar\u0131 an\u0131l\u0131yor. \u0130lk \u015fark\u0131lar\u0131m\u0131 dinlemi\u015f olan ruhlar art\u0131k sonrakileri i\u015fitmiyorlar. O eski dost kafilesi \u015fimdi toz toprak olmu\u015ftur ve ne yaz\u0131k ki ilk yak\u0131n\u0131n sesi de s\u00f6nm\u00fc\u015ft\u00fcr! Art\u0131k \u0131st\u0131rab\u0131m hi\u00e7 tan\u0131mad\u0131\u011f\u0131m bir kalabal\u0131\u011fa sesleniyor. Onlar\u0131n beni \u00f6vmeleri ile i\u00e7imi burkuyor. \u015eiirlerimizden zevk alm\u0131\u015f olan baz\u0131lar\u0131 da, e\u011fer ya\u015f\u0131yorlarsa, d\u00fcnyada darmada\u011f\u0131n olmu\u015f halde dola\u015f\u0131p duruyorlar ve i\u00e7imi, o sakin ve aziz ruhlar d\u00fcnyas\u0131na ait bir \u00f6zlem kapl\u0131yor. Bir arp gibi u\u011fuldayan t\u00fcrk\u00fcm, belirsiz seslerle havada yay\u0131l\u0131yor. \u0130\u00e7im \u00fcrperiyor, g\u00f6z ya\u015flar\u0131na bo\u011fuluyorum, o ac\u0131mas\u0131z kalbimin yumu\u015fad\u0131\u011f\u0131n\u0131 hissediyorum. \u00d6nceden sahip oldu\u011fum \u015feyleri kendimden uzakla\u015fm\u0131\u015f g\u00f6r\u00fcyorum ve kaybolmu\u015f \u015feyler benin i\u00e7in art\u0131k birer ger\u00e7ek oluyor&#8230; <\/p>\n","protected":false},"excerpt":{"rendered":"<p>&#8230; Bana sevin\u00e7li g\u00fcnlerin g\u00f6r\u00fcnt\u00fclerini getiriyorsunuz. Baz\u0131 y\u00fcce g\u00f6lgeler belirgin hale geliyor: Ayr\u0131ca ilk a\u015fk\u0131n ve ilk dostlu\u011fun izleri de sanki eski ve k\u0131smen unutulmu\u015f bir<span class=\"excerpt-hellip\"> [\u2026]<\/span><\/p>\n","protected":false},"featured_media":0,"template":"","meta":{"_monsterinsights_skip_tracking":false,"_monsterinsights_sitenote_active":false,"_monsterinsights_sitenote_note":"","_monsterinsights_sitenote_category":0},"product_brand":[],"product_cat":[12782,12291],"product_tag":[],"class_list":{"0":"post-689717","1":"product","2":"type-product","3":"status-publish","5":"product_cat-alman-edebiyati","6":"product_cat-edebiyat","7":"pa_cilt-ciltsiz","8":"pa_tur-kitap","9":"pa_yayinevi-iskele-yayincilik","10":"pa_yazar-johann-wolfgang-von-goethe","12":"first","13":"instock","14":"sale","15":"shipping-taxable","16":"purchasable","17":"product-type-simple"},"_links":{"self":[{"href":"https:\/\/roveyayinevi.com.tr\/index.php\/wp-json\/wp\/v2\/product\/689717","targetHints":{"allow":["GET"]}}],"collection":[{"href":"https:\/\/roveyayinevi.com.tr\/index.php\/wp-json\/wp\/v2\/product"}],"about":[{"href":"https:\/\/roveyayinevi.com.tr\/index.php\/wp-json\/wp\/v2\/types\/product"}],"wp:attachment":[{"href":"https:\/\/roveyayinevi.com.tr\/index.php\/wp-json\/wp\/v2\/media?parent=689717"}],"wp:term":[{"taxonomy":"product_brand","embeddable":true,"href":"https:\/\/roveyayinevi.com.tr\/index.php\/wp-json\/wp\/v2\/product_brand?post=689717"},{"taxonomy":"product_cat","embeddable":true,"href":"https:\/\/roveyayinevi.com.tr\/index.php\/wp-json\/wp\/v2\/product_cat?post=689717"},{"taxonomy":"product_tag","embeddable":true,"href":"https:\/\/roveyayinevi.com.tr\/index.php\/wp-json\/wp\/v2\/product_tag?post=689717"}],"curies":[{"name":"wp","href":"https:\/\/api.w.org\/{rel}","templated":true}]}}