{"id":689716,"date":"2025-08-27T13:48:08","date_gmt":"2025-08-27T10:48:08","guid":{"rendered":"https:\/\/roveyayinevi.com.tr\/index.php\/urun\/falaka\/"},"modified":"2026-04-16T01:59:22","modified_gmt":"2026-04-15T22:59:22","slug":"falaka","status":"publish","type":"product","link":"https:\/\/roveyayinevi.com.tr\/index.php\/urun\/falaka\/","title":{"rendered":"Falaka"},"content":{"rendered":"<p>Siz \u00e7ocuklara bu korkuyu, nas\u0131l anlatay\u0131m? Ben bu korkuyu, yar\u0131m y\u00fczy\u0131l \u00f6nce, \u00fclkeyi yar\u0131 kaplam\u0131\u015f bir durumda buldum, g\u00f6rd\u00fcmd\u00fc. \u00c7ocuk hem kendi gitti\u011fi okulun \u00f6\u011fretmeninden hem de ba\u015fka okulun \u00f6\u011fretmeni oldu\u011funu bildi\u011fi kimselerden korkard\u0131. Bono \u00f6yle geliyor ki her okulun kalfas\u0131ndan, ba\u015fhaf\u0131z\u0131ndan, yaramaz afacanlar\u0131na var\u0131ncaya dek, hepsi hocan\u0131n kar\u015f\u0131s\u0131nda donmu\u015f gibi durur; sesinden, \u00f6n\u00fcndeki masas\u0131na s\u0131k s\u0131k vurdu\u011fu de\u011fne\u011finin \u00e7at pat\u0131ndan tir tir titrelerdi. <\/p>\n","protected":false},"excerpt":{"rendered":"<p>Siz \u00e7ocuklara bu korkuyu, nas\u0131l anlatay\u0131m? Ben bu korkuyu, yar\u0131m y\u00fczy\u0131l \u00f6nce, \u00fclkeyi yar\u0131 kaplam\u0131\u015f bir durumda buldum, g\u00f6rd\u00fcmd\u00fc. \u00c7ocuk hem kendi gitti\u011fi okulun \u00f6\u011fretmeninden hem<span class=\"excerpt-hellip\"> [\u2026]<\/span><\/p>\n","protected":false},"featured_media":0,"template":"","meta":{"_monsterinsights_skip_tracking":false,"_monsterinsights_sitenote_active":false,"_monsterinsights_sitenote_note":"","_monsterinsights_sitenote_category":0},"product_brand":[],"product_cat":[12274,12284],"product_tag":[],"class_list":{"0":"post-689716","1":"product","2":"type-product","3":"status-publish","5":"product_cat-cocuk-ve-genclik-kitaplari","6":"product_cat-hikayeler","7":"pa_tur-kitap","8":"pa_yayinevi-iskele-yayincilik","9":"pa_yazar-ahmet-rasim","11":"first","12":"instock","13":"sale","14":"shipping-taxable","15":"purchasable","16":"product-type-simple"},"_links":{"self":[{"href":"https:\/\/roveyayinevi.com.tr\/index.php\/wp-json\/wp\/v2\/product\/689716","targetHints":{"allow":["GET"]}}],"collection":[{"href":"https:\/\/roveyayinevi.com.tr\/index.php\/wp-json\/wp\/v2\/product"}],"about":[{"href":"https:\/\/roveyayinevi.com.tr\/index.php\/wp-json\/wp\/v2\/types\/product"}],"wp:attachment":[{"href":"https:\/\/roveyayinevi.com.tr\/index.php\/wp-json\/wp\/v2\/media?parent=689716"}],"wp:term":[{"taxonomy":"product_brand","embeddable":true,"href":"https:\/\/roveyayinevi.com.tr\/index.php\/wp-json\/wp\/v2\/product_brand?post=689716"},{"taxonomy":"product_cat","embeddable":true,"href":"https:\/\/roveyayinevi.com.tr\/index.php\/wp-json\/wp\/v2\/product_cat?post=689716"},{"taxonomy":"product_tag","embeddable":true,"href":"https:\/\/roveyayinevi.com.tr\/index.php\/wp-json\/wp\/v2\/product_tag?post=689716"}],"curies":[{"name":"wp","href":"https:\/\/api.w.org\/{rel}","templated":true}]}}