{"id":689714,"date":"2025-08-27T13:48:08","date_gmt":"2025-08-27T10:48:08","guid":{"rendered":"https:\/\/roveyayinevi.com.tr\/index.php\/urun\/devlet\/"},"modified":"2026-04-16T01:59:22","modified_gmt":"2026-04-15T22:59:22","slug":"devlet","status":"publish","type":"product","link":"https:\/\/roveyayinevi.com.tr\/index.php\/urun\/devlet\/","title":{"rendered":"Devlet"},"content":{"rendered":"<p>Platon Devlet adl\u0131 eserinde ideal devleti ve siyasal y\u00f6netim bi\u00e7imini ara\u015ft\u0131r\u0131r. B\u00fcy\u00fck Yunan filozofu adaletli, do\u011fru ve g\u00fc\u00e7l\u00fc bir topluluk yap\u0131s\u0131n\u0131n nas\u0131l olmas\u0131 gerekti\u011fini b\u00fct\u00fcn ayr\u0131nt\u0131lar\u0131yla anlat\u0131r. Devlet , insan d\u00fc\u015f\u00fcncesinin toplumsal ve politik ya\u015fam\u0131 akl\u0131n buyru\u011funa sokmak, ona ahlak ve do\u011fruluk a\u00e7\u0131s\u0131ndan \u015fekil vermek i\u00e7in harcad\u0131\u011f\u0131 ilk ve en k\u00f6kl\u00fc \u00e7abalardan biri, g\u00f6z kama\u015ft\u0131r\u0131c\u0131 bir \u00f6rne\u011fidir. \ufffcTan\u0131t\u0131m Metni<\/p>\n","protected":false},"excerpt":{"rendered":"<p>Platon Devlet adl\u0131 eserinde ideal devleti ve siyasal y\u00f6netim bi\u00e7imini ara\u015ft\u0131r\u0131r. B\u00fcy\u00fck Yunan filozofu adaletli, do\u011fru ve g\u00fc\u00e7l\u00fc bir topluluk yap\u0131s\u0131n\u0131n nas\u0131l olmas\u0131 gerekti\u011fini b\u00fct\u00fcn ayr\u0131nt\u0131lar\u0131yla<span class=\"excerpt-hellip\"> [\u2026]<\/span><\/p>\n","protected":false},"featured_media":0,"template":"","meta":{"_monsterinsights_skip_tracking":false,"_monsterinsights_sitenote_active":false,"_monsterinsights_sitenote_note":"","_monsterinsights_sitenote_category":0},"product_brand":[],"product_cat":[12388,14717],"product_tag":[],"class_list":{"0":"post-689714","1":"product","2":"type-product","3":"status-publish","5":"product_cat-felsefe","6":"product_cat-felsefe-tarihi","7":"pa_cilt-ciltsiz","8":"pa_tur-kitap","9":"pa_yayinevi-iskele-yayincilik","10":"pa_yazar-platon-eflatun","12":"first","13":"instock","14":"sale","15":"shipping-taxable","16":"purchasable","17":"product-type-simple"},"_links":{"self":[{"href":"https:\/\/roveyayinevi.com.tr\/index.php\/wp-json\/wp\/v2\/product\/689714","targetHints":{"allow":["GET"]}}],"collection":[{"href":"https:\/\/roveyayinevi.com.tr\/index.php\/wp-json\/wp\/v2\/product"}],"about":[{"href":"https:\/\/roveyayinevi.com.tr\/index.php\/wp-json\/wp\/v2\/types\/product"}],"wp:attachment":[{"href":"https:\/\/roveyayinevi.com.tr\/index.php\/wp-json\/wp\/v2\/media?parent=689714"}],"wp:term":[{"taxonomy":"product_brand","embeddable":true,"href":"https:\/\/roveyayinevi.com.tr\/index.php\/wp-json\/wp\/v2\/product_brand?post=689714"},{"taxonomy":"product_cat","embeddable":true,"href":"https:\/\/roveyayinevi.com.tr\/index.php\/wp-json\/wp\/v2\/product_cat?post=689714"},{"taxonomy":"product_tag","embeddable":true,"href":"https:\/\/roveyayinevi.com.tr\/index.php\/wp-json\/wp\/v2\/product_tag?post=689714"}],"curies":[{"name":"wp","href":"https:\/\/api.w.org\/{rel}","templated":true}]}}