{"id":689713,"date":"2025-08-27T13:48:08","date_gmt":"2025-08-27T10:48:08","guid":{"rendered":"https:\/\/roveyayinevi.com.tr\/index.php\/urun\/dede-korkut-hikayeleri-2\/"},"modified":"2026-04-16T01:59:22","modified_gmt":"2026-04-15T22:59:22","slug":"dede-korkut-hikayeleri-2","status":"publish","type":"product","link":"https:\/\/roveyayinevi.com.tr\/index.php\/urun\/dede-korkut-hikayeleri-2\/","title":{"rendered":"Dede Korkut Hikayeleri"},"content":{"rendered":"<p>Dede Korkut Hik\u00e2yeleri, O\u011fuz boylar\u0131 aras\u0131nda olu\u015fmu\u015f destans\u0131 \u00f6yk\u00fclerin bir derlemesidir. Dede Sultan, Korkut Ata gibi adlarla an\u0131lan Dede Korkut\u2019un ya\u015fad\u0131\u011f\u0131 d\u00f6nemle ilgili kesin bir bilgi yoktur. O\u011fuzlar\u0131n ak\u0131l hocas\u0131, bilge bir ki\u015fi olan Dede Korkut\u2019un 100 ya da 295 y\u0131l ya\u015fad\u0131\u011f\u0131 s\u00f6ylenir. Her \u00f6yk\u00fcn\u00fcn sonunda kopuzuyla ortaya \u00e7\u0131kar. O\u011fuz beylerine \u00f6\u011f\u00fctler verir, dualar okur ve \u015fiirler s\u00f6yler. \ufffcTan\u0131t\u0131m Metni<\/p>\n","protected":false},"excerpt":{"rendered":"<p>Dede Korkut Hik\u00e2yeleri, O\u011fuz boylar\u0131 aras\u0131nda olu\u015fmu\u015f destans\u0131 \u00f6yk\u00fclerin bir derlemesidir. Dede Sultan, Korkut Ata gibi adlarla an\u0131lan Dede Korkut\u2019un ya\u015fad\u0131\u011f\u0131 d\u00f6nemle ilgili kesin bir bilgi<span class=\"excerpt-hellip\"> [\u2026]<\/span><\/p>\n","protected":false},"featured_media":0,"template":"","meta":{"_monsterinsights_skip_tracking":false,"_monsterinsights_sitenote_active":false,"_monsterinsights_sitenote_note":"","_monsterinsights_sitenote_category":0},"product_brand":[],"product_cat":[12274,12284],"product_tag":[],"class_list":{"0":"post-689713","1":"product","2":"type-product","3":"status-publish","5":"product_cat-cocuk-ve-genclik-kitaplari","6":"product_cat-hikayeler","7":"pa_cilt-ciltsiz","8":"pa_tur-kitap","9":"pa_yayinevi-iskele-yayincilik","10":"pa_yazar-kolektif","12":"first","13":"instock","14":"sale","15":"shipping-taxable","16":"purchasable","17":"product-type-simple"},"_links":{"self":[{"href":"https:\/\/roveyayinevi.com.tr\/index.php\/wp-json\/wp\/v2\/product\/689713","targetHints":{"allow":["GET"]}}],"collection":[{"href":"https:\/\/roveyayinevi.com.tr\/index.php\/wp-json\/wp\/v2\/product"}],"about":[{"href":"https:\/\/roveyayinevi.com.tr\/index.php\/wp-json\/wp\/v2\/types\/product"}],"wp:attachment":[{"href":"https:\/\/roveyayinevi.com.tr\/index.php\/wp-json\/wp\/v2\/media?parent=689713"}],"wp:term":[{"taxonomy":"product_brand","embeddable":true,"href":"https:\/\/roveyayinevi.com.tr\/index.php\/wp-json\/wp\/v2\/product_brand?post=689713"},{"taxonomy":"product_cat","embeddable":true,"href":"https:\/\/roveyayinevi.com.tr\/index.php\/wp-json\/wp\/v2\/product_cat?post=689713"},{"taxonomy":"product_tag","embeddable":true,"href":"https:\/\/roveyayinevi.com.tr\/index.php\/wp-json\/wp\/v2\/product_tag?post=689713"}],"curies":[{"name":"wp","href":"https:\/\/api.w.org\/{rel}","templated":true}]}}