{"id":689711,"date":"2025-08-27T13:48:07","date_gmt":"2025-08-27T10:48:07","guid":{"rendered":"https:\/\/roveyayinevi.com.tr\/index.php\/urun\/babalar-ve-ogullar\/"},"modified":"2026-04-16T01:59:22","modified_gmt":"2026-04-15T22:59:22","slug":"babalar-ve-ogullar","status":"publish","type":"product","link":"https:\/\/roveyayinevi.com.tr\/index.php\/urun\/babalar-ve-ogullar\/","title":{"rendered":"Babalar ve O\u011fullar"},"content":{"rendered":"<p>Vladimir Nabokov\u2019 a g\u00f6re, Babalar ve O\u011fullar Turgenyev\u2019in en iyi roman\u0131 oldu\u011fu gibi, ayn\u0131 zamanda da on dokuzuncu y\u00fczy\u0131l\u0131n en ba\u015far\u0131l\u0131 romanlar\u0131ndan biridir. Turgenyev, ku\u015faklar aras\u0131 \u00e7at\u0131\u015fman\u0131n g\u00fcn\u00fcm\u00fczde h\u00e2l\u00e2 ge\u00e7erli, ama daha derin bir g\u00f6r\u00fcn\u00fcm\u00fcn\u00fc ger\u00e7ek\u00e7i roman\u0131n ilk \u00f6rneklerinden biri olan eserinde ustal\u0131kla anlat\u0131yor. Ger\u00e7ekten, Turgenyev bu yap\u0131t\u0131nda, kahraman\u0131 Bazarov\u2019u merkez olarak o d\u00f6nemin Rusya\u2019s\u0131ndaki ku\u015faklar aras\u0131 \u00e7at\u0131\u015fmay\u0131 ustal\u0131kla i\u015fler. Romana derinlik ve inand\u0131r\u0131c\u0131l\u0131k kazand\u0131ran ba\u015fl\u0131ca \u00f6zellikleri, ku\u015faklar aras\u0131 \u00e7at\u0131\u015fman\u0131n yan\u0131 s\u0131ra, kent k\u00f6kenli radikal ayd\u0131n \u00e7evrelerle k\u0131r k\u00f6kenli tutucu- liberal toprak sahiplerinin kusursuzca betimlenmesidir. Ayr\u0131ca buna kad\u0131n ve erkek karakterleri, duygular ve inan\u00e7lar aras\u0131ndaki kar\u015f\u0131tl\u0131klar\u0131n ba\u015far\u0131yla yans\u0131t\u0131lmalar\u0131n\u0131 da eklemek gerekir. Babalar ve O\u011fullar ilk kez 1859&#8217;da Rusya&#8217;da yay\u0131mland\u0131\u011f\u0131nda, radikal \u00e7evrelerle gelenek\u00e7i-muhafazak\u00e2r \u00e7evreler roman\u0131 odak olarak birbirlerini olduk\u00e7a sert ve kar\u015f\u0131l\u0131kl\u0131 yarg\u0131larla ele\u015ftirmi\u015flerdir. \ufffcTan\u0131t\u0131m Metni<\/p>\n","protected":false},"excerpt":{"rendered":"<p>Vladimir Nabokov\u2019 a g\u00f6re, Babalar ve O\u011fullar Turgenyev\u2019in en iyi roman\u0131 oldu\u011fu gibi, ayn\u0131 zamanda da on dokuzuncu y\u00fczy\u0131l\u0131n en ba\u015far\u0131l\u0131 romanlar\u0131ndan biridir. Turgenyev, ku\u015faklar aras\u0131<span class=\"excerpt-hellip\"> [\u2026]<\/span><\/p>\n","protected":false},"featured_media":0,"template":"","meta":{"_monsterinsights_skip_tracking":false,"_monsterinsights_sitenote_active":false,"_monsterinsights_sitenote_note":"","_monsterinsights_sitenote_category":0},"product_brand":[],"product_cat":[12291,13570],"product_tag":[],"class_list":{"0":"post-689711","1":"product","2":"type-product","3":"status-publish","5":"product_cat-edebiyat","6":"product_cat-rus-edebiyati","7":"pa_cilt-ciltsiz","8":"pa_tur-kitap","9":"pa_yayinevi-iskele-yayincilik","10":"pa_yazar-ivan-sergeyevic-turgenyev","12":"first","13":"instock","14":"sale","15":"shipping-taxable","16":"purchasable","17":"product-type-simple"},"_links":{"self":[{"href":"https:\/\/roveyayinevi.com.tr\/index.php\/wp-json\/wp\/v2\/product\/689711","targetHints":{"allow":["GET"]}}],"collection":[{"href":"https:\/\/roveyayinevi.com.tr\/index.php\/wp-json\/wp\/v2\/product"}],"about":[{"href":"https:\/\/roveyayinevi.com.tr\/index.php\/wp-json\/wp\/v2\/types\/product"}],"wp:attachment":[{"href":"https:\/\/roveyayinevi.com.tr\/index.php\/wp-json\/wp\/v2\/media?parent=689711"}],"wp:term":[{"taxonomy":"product_brand","embeddable":true,"href":"https:\/\/roveyayinevi.com.tr\/index.php\/wp-json\/wp\/v2\/product_brand?post=689711"},{"taxonomy":"product_cat","embeddable":true,"href":"https:\/\/roveyayinevi.com.tr\/index.php\/wp-json\/wp\/v2\/product_cat?post=689711"},{"taxonomy":"product_tag","embeddable":true,"href":"https:\/\/roveyayinevi.com.tr\/index.php\/wp-json\/wp\/v2\/product_tag?post=689711"}],"curies":[{"name":"wp","href":"https:\/\/api.w.org\/{rel}","templated":true}]}}