{"id":689710,"date":"2025-08-27T13:48:07","date_gmt":"2025-08-27T10:48:07","guid":{"rendered":"https:\/\/roveyayinevi.com.tr\/index.php\/urun\/para-uzerine-bir-inceleme\/"},"modified":"2026-04-16T01:59:22","modified_gmt":"2026-04-15T22:59:22","slug":"para-uzerine-bir-inceleme","status":"publish","type":"product","link":"https:\/\/roveyayinevi.com.tr\/index.php\/urun\/para-uzerine-bir-inceleme\/","title":{"rendered":"Para \u00dczerine Bir \u0130nceleme"},"content":{"rendered":"<p>John Maynard Keynes (1883-1946): Klasik iktisatta \u00e7\u0131\u011f\u0131r a\u00e7an Britanyal\u0131 iktisat\u00e7\u0131. En \u00f6nemli eserlerinden olan ve halen bir ba\u015fvuru kayna\u011f\u0131 olarak kabul edilen Genel Teori\u2019siyle d\u00fcnya iktisat tarihinde \u00f6nemli bir yer i\u015fgal eder. En \u00f6nemli eserlerinden biri olan Para \u00dczerine Bir \u0130nceleme\u2019de para kuram\u0131n\u0131n temel sorunlar\u0131na yeni bir yakla\u015f\u0131m arac\u0131 \u00f6nerir. Sadece statik dengenin de\u011fil, dengesizli\u011fin de karakteristiklerini tasvir etmekte yararl\u0131 bir y\u00f6ntem bulma ve parasal sistemin bir denge konumundan di\u011ferine ge\u00e7i\u015fini y\u00f6neten dinami\u011fin kanunlar\u0131n\u0131 ke\u015ffetmeyi hedefler. \ufffcTan\u0131t\u0131m Metni<\/p>\n","protected":false},"excerpt":{"rendered":"<p>John Maynard Keynes (1883-1946): Klasik iktisatta \u00e7\u0131\u011f\u0131r a\u00e7an Britanyal\u0131 iktisat\u00e7\u0131. En \u00f6nemli eserlerinden olan ve halen bir ba\u015fvuru kayna\u011f\u0131 olarak kabul edilen Genel Teori\u2019siyle d\u00fcnya iktisat<span class=\"excerpt-hellip\"> [\u2026]<\/span><\/p>\n","protected":false},"featured_media":0,"template":"","meta":{"_monsterinsights_skip_tracking":false,"_monsterinsights_sitenote_active":false,"_monsterinsights_sitenote_note":"","_monsterinsights_sitenote_category":0},"product_brand":[],"product_cat":[12364],"product_tag":[],"class_list":{"0":"post-689710","1":"product","2":"type-product","3":"status-publish","5":"product_cat-genel-konular","6":"pa_cilt-ciltsiz","7":"pa_tur-kitap","8":"pa_yayinevi-is-bankasi-kultur-yayinlari","9":"pa_yazar-john-maynard-keynes","11":"first","12":"instock","13":"sale","14":"shipping-taxable","15":"purchasable","16":"product-type-simple"},"_links":{"self":[{"href":"https:\/\/roveyayinevi.com.tr\/index.php\/wp-json\/wp\/v2\/product\/689710","targetHints":{"allow":["GET"]}}],"collection":[{"href":"https:\/\/roveyayinevi.com.tr\/index.php\/wp-json\/wp\/v2\/product"}],"about":[{"href":"https:\/\/roveyayinevi.com.tr\/index.php\/wp-json\/wp\/v2\/types\/product"}],"wp:attachment":[{"href":"https:\/\/roveyayinevi.com.tr\/index.php\/wp-json\/wp\/v2\/media?parent=689710"}],"wp:term":[{"taxonomy":"product_brand","embeddable":true,"href":"https:\/\/roveyayinevi.com.tr\/index.php\/wp-json\/wp\/v2\/product_brand?post=689710"},{"taxonomy":"product_cat","embeddable":true,"href":"https:\/\/roveyayinevi.com.tr\/index.php\/wp-json\/wp\/v2\/product_cat?post=689710"},{"taxonomy":"product_tag","embeddable":true,"href":"https:\/\/roveyayinevi.com.tr\/index.php\/wp-json\/wp\/v2\/product_tag?post=689710"}],"curies":[{"name":"wp","href":"https:\/\/api.w.org\/{rel}","templated":true}]}}