{"id":689706,"date":"2025-08-27T13:48:07","date_gmt":"2025-08-27T10:48:07","guid":{"rendered":"https:\/\/roveyayinevi.com.tr\/index.php\/urun\/divan-i-kebir-8-cilt-takim\/"},"modified":"2026-04-16T01:59:22","modified_gmt":"2026-04-15T22:59:22","slug":"divan-i-kebir-8-cilt-takim","status":"publish","type":"product","link":"https:\/\/roveyayinevi.com.tr\/index.php\/urun\/divan-i-kebir-8-cilt-takim\/","title":{"rendered":"Divan-\u0131 Kebir (8 Cilt Tak\u0131m)"},"content":{"rendered":"<p>Mevl\u00e2n\u00e2 Cel\u00e2leddin Rum\u00ee (?1207-1273): Harezm ba\u015fkenti Belh\u2019te do\u011fdu. Sayg\u0131n bir \u00e2lim olan babas\u0131n\u0131n siyasi anla\u015fmazl\u0131klar ve yakla\u015fan Mo\u011fol istilas\u0131 y\u00fcz\u00fcnden g\u00f6\u00e7 etmesiyle Sel\u00e7uklu Anadolusu\u2019na geldi. Alaaddin Keykubat\u2019\u0131n davetiyle ba\u015fkent Konya\u2019ya yerle\u015fti. Babas\u0131n\u0131n vefat\u0131yla, onun makam\u0131n\u0131 ve g\u00f6revlerini devrald\u0131. Dokuz y\u0131l T\u0131rm\u0131zl\u0131 Seyid Burhanettin\u2019e \u00f6\u011frencilik yapt\u0131. 1240\u2019l\u0131 y\u0131llarda Tebrizli \u015eems ile tan\u0131\u015ft\u0131. Hocas\u0131 Seyid Burhanettin\u2019in \u00f6ng\u00f6rm\u00fc\u015f oldu\u011fu gibi, \u015eems\u2019in etkisiyle kal (s\u00f6z) adaml\u0131\u011f\u0131ndan hal (g\u00f6n\u00fcl ve ruh) adaml\u0131\u011f\u0131na yol ald\u0131. Hayat\u0131n\u0131n son d\u00f6nemlerinde Mesnevi\u2019sini yazd\u0131. Divan-\u0131 Kebir ise, y\u0131llar boyunca s\u00f6yledi\u011fi, \u00e7o\u011funlu\u011fu Fars\u00e7a, yer yer Arap\u00e7a, T\u00fcrk\u00e7e ve Rumca \u015fiirlerin katib\u00fc\u2019l-esrar denen yaz\u0131c\u0131lar taraf\u0131ndan kayda ge\u00e7irilmesiyle ortaya \u00e7\u0131km\u0131\u015ft\u0131r.D\u00eev\u00e2n-\u0131 Keb\u00eer Cilt 1\u0130\u00e7indekilerSunu\u015fGiri\u015fMevlana&#8217;n\u0131n SoyuMevlana&#8217;n\u0131n Do\u011fumu, Tahsil ve S\u00fcl\u00fck DevresiMevlana&#8217;n\u0131n Cezbe ve S\u00fckun DevresiMevlana&#8217;n\u0131n S\u00fckun ve Verim DevresiMevlana&#8217;n\u0131n Ebedili\u011fe G\u00f6\u00e7\u00fc\u015f\u00fcMevlana&#8217;da Tasavvuf ve D\u00fcnya G\u00f6r\u00fc\u015f\u00fcMevlana&#8217;n\u0131n Ya\u015fay\u0131\u015f\u0131, \u00d6zellikleriMevlana ve \u00c7a\u011fda\u015flar\u0131, EserleriMevlana&#8217;n\u0131n \u015eiiriBirinci Ciltteki \u015eiirler Hakk\u0131nda Birka\u00e7 S\u00f6zSonradan D\u00eev\u00e2n-\u0131 Keb\u00eer&#8217;e Yaz\u0131lan \u00d6ns\u00f6zD\u00eev\u00e2n-\u0131 Keb\u00eerA\u00e7\u0131lamaBu Ciltte Ge\u00e7en AyetlerBu Ciltte Ge\u00e7en Hadisler, Atas\u00f6zleri ve \u00d6rf Mecazlar\u0131A\u00e7\u0131lamada Ge\u00e7en Kelimelerin Alfabetik Fihristi\u0130ndeksD\u00eev\u00e2n-\u0131 Keb\u00eer Cilt 2\u0130\u00e7indekiler\u0130kinci Ciltteki \u015eiirler Hakk\u0131nda Birka\u00e7 S\u00f6zD\u00eev\u00e2n-\u0131 Keb\u00eerA\u00e7\u0131lamaBu Ciltte Ge\u00e7en AyetlerBu Ciltte Ge\u00e7en Hadisler, Atas\u00f6zleri ve \u00d6rf Mecazlar\u0131A\u00e7\u0131lamada Ge\u00e7en Kelimelerin Alfabetik Fihristi\u0130ndeksD\u00eev\u00e2n-\u0131 Keb\u00eer Cilt 3\u0130\u00e7indekiler\u00dc\u00e7\u00fcnc\u00fc Ciltteki \u015eiirler Hakk\u0131nda Birka\u00e7 s\u00f6zD\u00eev\u00e2n-\u0131 Keb\u00eerA\u00e7\u0131lamaBu Ciltte Ge\u00e7en AyetlerBu Ciltte Ge\u00e7en Hadisler, Atas\u00f6zleri ve \u00d6rf Mecazlar\u0131A\u00e7\u0131lamada Ge\u00e7en Kelimelerin Alfabetik Fihristi\u0130ndeksD\u00eev\u00e2n-\u0131 Keb\u00eer Cilt 4\u0130\u00e7indekilerD\u00f6rd\u00fcnc\u00fc Ciltteki \u015eiirler Hakk\u0131nda Birka\u00e7 s\u00f6zD\u00eev\u00e2n-\u0131 Keb\u00eerA\u00e7\u0131lamaBu Ciltte Ge\u00e7en AyetlerBu Ciltte Ge\u00e7en Hadisler, Atas\u00f6zleri ve \u00d6rf Mecazlar\u0131A\u00e7\u0131lamada Ge\u00e7en Kelimelerin Alfabetik Fihristi\u0130ndeksD\u00eev\u00e2n-\u0131 Keb\u00eer Cilt 5\u0130\u00e7indekilerBe\u015finci Ciltteki \u015eiirler Hakk\u0131nda Birka\u00e7 s\u00f6zD\u00eev\u00e2n-\u0131 Keb\u00eerA\u00e7\u0131lamaBu Ciltte Ge\u00e7en AyetlerBu Ciltte Ge\u00e7en Hadisler, Atas\u00f6zleri ve \u00d6rf Mecazlar\u0131A\u00e7\u0131lamada Ge\u00e7en Kelimelerin Alfabetik Fihristi\u0130ndeksD\u00eev\u00e2n-\u0131 Keb\u00eer Cilt 6\u0130\u00e7indekilerBe\u015finci Ciltteki \u015eiirler Hakk\u0131nda Birka\u00e7 s\u00f6zD\u00eev\u00e2n-\u0131 Keb\u00eerA\u00e7\u0131lamaA\u00e7\u0131lamada Ge\u00e7en Kelimelerin Alfabetik Fihristi\u0130ndeksD\u00eev\u00e2n-\u0131 Keb\u00eer Cilt 7\u0130\u00e7indekilerYedinci Ciltteki \u015eiirler Hakk\u0131nda Birka\u00e7 S\u00f6zBahr-i Hezec &#8211; MekfufBahr-i Hezec &#8211; Mahbun MatviyyBahr-i Hezec &#8211; MatviyyBahr-i Hezec &#8211; Mahbun Mek\u015fufBahr-i Hezec &#8211; Mahbun MahzufD\u00eev\u00e2n-\u0131 Keb\u00eer Cilt 8\u0130\u00e7indekilerBahr-i Remel &#8211; M\u00fcsemmem Mahbun TamamBahr-i Remel &#8211; M\u00fcseddes MahbunBahr-i M\u00fctekaarib &#8211; Makrus\u00c7e\u015fitli Bahirler, G\u00f6r\u00fclmemi\u015f VezinlerSonra Bulunan \u015eiirlerA\u00e7\u0131lamaA\u00e7\u0131lamada Ge\u00e7en Kelimelerin Alfabetik Fihristi\u0130ndeksBibliyografya <\/p>\n","protected":false},"excerpt":{"rendered":"<p>Mevl\u00e2n\u00e2 Cel\u00e2leddin Rum\u00ee (?1207-1273): Harezm ba\u015fkenti Belh\u2019te do\u011fdu. Sayg\u0131n bir \u00e2lim olan babas\u0131n\u0131n siyasi anla\u015fmazl\u0131klar ve yakla\u015fan Mo\u011fol istilas\u0131 y\u00fcz\u00fcnden g\u00f6\u00e7 etmesiyle Sel\u00e7uklu Anadolusu\u2019na geldi. Alaaddin<span class=\"excerpt-hellip\"> [\u2026]<\/span><\/p>\n","protected":false},"featured_media":0,"template":"","meta":{"_monsterinsights_skip_tracking":false,"_monsterinsights_sitenote_active":false,"_monsterinsights_sitenote_note":"","_monsterinsights_sitenote_category":0},"product_brand":[],"product_cat":[12718,12719,15238],"product_tag":[],"class_list":{"0":"post-689706","1":"product","2":"type-product","3":"status-publish","5":"product_cat-din","6":"product_cat-islam","7":"product_cat-tasavvuf","8":"pa_cilt-ciltsiz","9":"pa_tur-kitap","10":"pa_yayinevi-is-bankasi-kultur-yayinlari","11":"pa_yazar-mevlana-celaleddin-rumi","13":"first","14":"instock","15":"sale","16":"shipping-taxable","17":"purchasable","18":"product-type-simple"},"_links":{"self":[{"href":"https:\/\/roveyayinevi.com.tr\/index.php\/wp-json\/wp\/v2\/product\/689706","targetHints":{"allow":["GET"]}}],"collection":[{"href":"https:\/\/roveyayinevi.com.tr\/index.php\/wp-json\/wp\/v2\/product"}],"about":[{"href":"https:\/\/roveyayinevi.com.tr\/index.php\/wp-json\/wp\/v2\/types\/product"}],"wp:attachment":[{"href":"https:\/\/roveyayinevi.com.tr\/index.php\/wp-json\/wp\/v2\/media?parent=689706"}],"wp:term":[{"taxonomy":"product_brand","embeddable":true,"href":"https:\/\/roveyayinevi.com.tr\/index.php\/wp-json\/wp\/v2\/product_brand?post=689706"},{"taxonomy":"product_cat","embeddable":true,"href":"https:\/\/roveyayinevi.com.tr\/index.php\/wp-json\/wp\/v2\/product_cat?post=689706"},{"taxonomy":"product_tag","embeddable":true,"href":"https:\/\/roveyayinevi.com.tr\/index.php\/wp-json\/wp\/v2\/product_tag?post=689706"}],"curies":[{"name":"wp","href":"https:\/\/api.w.org\/{rel}","templated":true}]}}