{"id":689703,"date":"2025-08-27T13:48:06","date_gmt":"2025-08-27T10:48:06","guid":{"rendered":"https:\/\/roveyayinevi.com.tr\/index.php\/urun\/cimri\/"},"modified":"2026-04-16T01:59:22","modified_gmt":"2026-04-15T22:59:22","slug":"cimri","status":"publish","type":"product","link":"https:\/\/roveyayinevi.com.tr\/index.php\/urun\/cimri\/","title":{"rendered":"Cimri"},"content":{"rendered":"<p>&#8211; Ah! Sevgili karde\u015fim, derdim bundan da b\u00fcy\u00fck. Bizim \u00fczerimizden bu kadar kat\u0131 \u015fekilde tasarruf edilmesinden, mahkum edildi\u011fimiz bu tuhaf paras\u0131zl\u0131ktan daha zalimce ne olabilir? Sonu\u00e7ta mal sahibi olmak neye yarar, ondan yararlanacak gen\u00e7 ya\u015f\u0131m\u0131z ge\u00e7tikten sonra? Ge\u00e7inmek i\u00e7in dahi art\u0131k oradan buradan bor\u00e7 bulmam gerekiyorsa, her g\u00fcn sizinle beraber do\u011fru d\u00fcr\u00fcst k\u0131yafetler giyebilmek i\u00e7in t\u00fcccarlardan medet umacak kadar al\u00e7al\u0131yorsam mal m\u00fclk neye yarar? Neyse, sizinle konu\u015fmak istememin sebebi, duygular\u0131m konusunda babam\u0131n a\u011fz\u0131n\u0131 aramamda bana yard\u0131mc\u0131 olman\u0131z. \u015eayet kar\u015f\u0131 \u00e7\u0131karsa, tatl\u0131 sevgilimle buralardan gitmeye, Tanr\u0131\u2019n\u0131n bize \u00e7izdi\u011fi kaderi izlemeye kararl\u0131y\u0131m. Bu tasar\u0131y\u0131 ger\u00e7ekle\u015ftirmek i\u00e7in her yerden bor\u00e7 bulmaya \u00e7al\u0131\u015f\u0131yorum. E\u011fer sizin meseleniz de benimkine benziyorsa ve babam\u0131z ikimizin arzular\u0131na da kar\u015f\u0131 \u00e7\u0131karsa, onu birlikte terk ederiz, bu dayan\u0131lmaz cimrili\u011fiyle y\u0131llard\u0131r bize ya\u015fatt\u0131\u011f\u0131 cehennemden de kurtuluruz.<\/p>\n","protected":false},"excerpt":{"rendered":"<p>&#8211; Ah! Sevgili karde\u015fim, derdim bundan da b\u00fcy\u00fck. Bizim \u00fczerimizden bu kadar kat\u0131 \u015fekilde tasarruf edilmesinden, mahkum edildi\u011fimiz bu tuhaf paras\u0131zl\u0131ktan daha zalimce ne olabilir? Sonu\u00e7ta<span class=\"excerpt-hellip\"> [\u2026]<\/span><\/p>\n","protected":false},"featured_media":0,"template":"","meta":{"_monsterinsights_skip_tracking":false,"_monsterinsights_sitenote_active":false,"_monsterinsights_sitenote_note":"","_monsterinsights_sitenote_category":0},"product_brand":[],"product_cat":[12291,13376],"product_tag":[],"class_list":{"0":"post-689703","1":"product","2":"type-product","3":"status-publish","5":"product_cat-edebiyat","6":"product_cat-fransiz-edebiyati","7":"pa_cilt-ciltsiz","8":"pa_tur-kitap","9":"pa_yayinevi-iskele-yayincilik","10":"pa_yazar-jean-baptiste-poquelin-moliere","12":"first","13":"instock","14":"sale","15":"shipping-taxable","16":"purchasable","17":"product-type-simple"},"_links":{"self":[{"href":"https:\/\/roveyayinevi.com.tr\/index.php\/wp-json\/wp\/v2\/product\/689703","targetHints":{"allow":["GET"]}}],"collection":[{"href":"https:\/\/roveyayinevi.com.tr\/index.php\/wp-json\/wp\/v2\/product"}],"about":[{"href":"https:\/\/roveyayinevi.com.tr\/index.php\/wp-json\/wp\/v2\/types\/product"}],"wp:attachment":[{"href":"https:\/\/roveyayinevi.com.tr\/index.php\/wp-json\/wp\/v2\/media?parent=689703"}],"wp:term":[{"taxonomy":"product_brand","embeddable":true,"href":"https:\/\/roveyayinevi.com.tr\/index.php\/wp-json\/wp\/v2\/product_brand?post=689703"},{"taxonomy":"product_cat","embeddable":true,"href":"https:\/\/roveyayinevi.com.tr\/index.php\/wp-json\/wp\/v2\/product_cat?post=689703"},{"taxonomy":"product_tag","embeddable":true,"href":"https:\/\/roveyayinevi.com.tr\/index.php\/wp-json\/wp\/v2\/product_tag?post=689703"}],"curies":[{"name":"wp","href":"https:\/\/api.w.org\/{rel}","templated":true}]}}