{"id":689701,"date":"2025-08-27T13:48:06","date_gmt":"2025-08-27T10:48:06","guid":{"rendered":"https:\/\/roveyayinevi.com.tr\/index.php\/urun\/beyaz-dis-2\/"},"modified":"2026-04-16T01:59:22","modified_gmt":"2026-04-15T22:59:22","slug":"beyaz-dis-2","status":"publish","type":"product","link":"https:\/\/roveyayinevi.com.tr\/index.php\/urun\/beyaz-dis-2\/","title":{"rendered":"Beyaz Di\u015f"},"content":{"rendered":"<p>Kendi cinsinden ve insanlardan nefret g\u00f6rd\u00fc\u011f\u00fc, hi\u00e7 durmadan onlarla m\u00fccadele etti\u011fi i\u00e7in b\u00fcy\u00fcmesi \u00e7abuk fakat tek y\u00f6nl\u00fc oluyordu. \u0130\u00e7indeki \u015fefkat ve sevginin filizlenmesi olanaks\u0131zd\u0131. B\u00f6yle \u015feyler i\u00e7in en k\u00fc\u00e7\u00fck bir umudu bile yoktu. Kuvvetliye boyun e\u011fmek, zay\u0131f\u0131 ezmek kural\u0131n\u0131 \u00f6\u011fretmi\u015fti. Gri Kunduz kuvvetli bir tanr\u0131yd\u0131. Bu y\u00fczden Beyaz Di\u015f ona boyun e\u011fiyordu. Fakat kendisinden k\u00fc\u00e7\u00fck olan k\u00f6pek, ezilmesi gereken zay\u0131f bir yarat\u0131kt\u0131. Onunki kuvvet y\u00f6n\u00fcnde bir geli\u015fmeydi. Devaml\u0131 ac\u0131 \u00e7ekmek, hatta mahvolmak tehlikesine kar\u015f\u0131 koyabilmek i\u00e7in, y\u0131rt\u0131c\u0131 ve savunmac\u0131 \u00f6zellikleri a\u015f\u0131r\u0131 derecede geli\u015fmi\u015fti. Di\u011fer k\u00f6peklerden daha \u00e7abuk hareket ediyor, daha h\u0131zl\u0131 ko\u015fuyordu. Onlara oranla daha hileci, daha \u00f6ld\u00fcr\u00fcc\u00fc, daha \u00e7evikti. \u00c7elik gibi kaslar\u0131, ipince sinirleri olan, cesur, zalim, y\u0131rt\u0131c\u0131 ve ak\u0131ll\u0131 bir hayvan olup \u00e7\u0131kt\u0131. B\u00fct\u00fcn bu niteliklere sahip olmas\u0131 \u015fartt\u0131, aksi halde ne ayakta durabilecek ne de i\u00e7inde bulundu\u011fu bu d\u00fc\u015fman \u00e7evrede ya\u015fayabilecekti. \ufffcTan\u0131t\u0131m Metni<\/p>\n","protected":false},"excerpt":{"rendered":"<p>Kendi cinsinden ve insanlardan nefret g\u00f6rd\u00fc\u011f\u00fc, hi\u00e7 durmadan onlarla m\u00fccadele etti\u011fi i\u00e7in b\u00fcy\u00fcmesi \u00e7abuk fakat tek y\u00f6nl\u00fc oluyordu. \u0130\u00e7indeki \u015fefkat ve sevginin filizlenmesi olanaks\u0131zd\u0131. B\u00f6yle \u015feyler<span class=\"excerpt-hellip\"> [\u2026]<\/span><\/p>\n","protected":false},"featured_media":0,"template":"","meta":{"_monsterinsights_skip_tracking":false,"_monsterinsights_sitenote_active":false,"_monsterinsights_sitenote_note":"","_monsterinsights_sitenote_category":0},"product_brand":[],"product_cat":[12891,12291],"product_tag":[],"class_list":{"0":"post-689701","1":"product","2":"type-product","3":"status-publish","5":"product_cat-amerikan-edebiyati","6":"product_cat-edebiyat","7":"pa_cilt-ciltsiz","8":"pa_tur-kitap","9":"pa_yayinevi-iskele-yayincilik","10":"pa_yazar-jack-london","12":"first","13":"instock","14":"sale","15":"shipping-taxable","16":"purchasable","17":"product-type-simple"},"_links":{"self":[{"href":"https:\/\/roveyayinevi.com.tr\/index.php\/wp-json\/wp\/v2\/product\/689701","targetHints":{"allow":["GET"]}}],"collection":[{"href":"https:\/\/roveyayinevi.com.tr\/index.php\/wp-json\/wp\/v2\/product"}],"about":[{"href":"https:\/\/roveyayinevi.com.tr\/index.php\/wp-json\/wp\/v2\/types\/product"}],"wp:attachment":[{"href":"https:\/\/roveyayinevi.com.tr\/index.php\/wp-json\/wp\/v2\/media?parent=689701"}],"wp:term":[{"taxonomy":"product_brand","embeddable":true,"href":"https:\/\/roveyayinevi.com.tr\/index.php\/wp-json\/wp\/v2\/product_brand?post=689701"},{"taxonomy":"product_cat","embeddable":true,"href":"https:\/\/roveyayinevi.com.tr\/index.php\/wp-json\/wp\/v2\/product_cat?post=689701"},{"taxonomy":"product_tag","embeddable":true,"href":"https:\/\/roveyayinevi.com.tr\/index.php\/wp-json\/wp\/v2\/product_tag?post=689701"}],"curies":[{"name":"wp","href":"https:\/\/api.w.org\/{rel}","templated":true}]}}