{"id":689700,"date":"2025-08-27T13:48:06","date_gmt":"2025-08-27T10:48:06","guid":{"rendered":"https:\/\/roveyayinevi.com.tr\/index.php\/urun\/ana\/"},"modified":"2026-04-16T01:59:22","modified_gmt":"2026-04-15T22:59:22","slug":"ana","status":"publish","type":"product","link":"https:\/\/roveyayinevi.com.tr\/index.php\/urun\/ana\/","title":{"rendered":"Ana"},"content":{"rendered":"<p>Maksim Gorki, 1868-1936. As\u0131l ad\u0131 Aleksey Maksimovi\u00e7 Pe\u015fkov. K\u00fc\u00e7\u00fck ya\u015fta yetim kald\u0131; okuyamad\u0131. Uzun s\u00fcre ba\u015f\u0131bo\u015f, yoksul bir hayat s\u00fcrd\u00fc.  Ac\u0131  anlam\u0131na gelen \u2018Gorki\u2019 takma ad\u0131n\u0131 da bu y\u00fczden ald\u0131. Romantik \u00f6yk\u00fclerle ba\u015flad\u0131\u011f\u0131 yazarl\u0131\u011fa, \u00f6yk\u00fclerinde gururlu, \u00f6zg\u00fcrl\u00fc\u011f\u00fc se\u00e7mi\u015f kahramanlar\u0131n ba\u015fkald\u0131r\u0131\u015flar\u0131n\u0131 anlatt\u0131. \u00c7ar y\u00f6netimi ile uyu\u015fmazl\u0131\u011fa d\u00fc\u015ft\u00fc\u011f\u00fc i\u00e7in hapsedildi; hapisten \u00e7\u0131k\u0131nca da en b\u00fcy\u00fck devrimci yap\u0131t\u0131 olan  Ana y\u0131 yazd\u0131. 1918 Devrimi arifesinde \u00c7arl\u0131k despotizmine kar\u015f\u0131 emek\u00e7i y\u0131\u011f\u0131nlar\u0131n m\u00fccadelelerini konu alan bu yap\u0131t sosyalist ger\u00e7ek\u00e7i sanat\u0131n ilk g\u00fczel \u00f6rneklerinden biridir. Yery\u00fcz\u00fcndeki b\u00fct\u00fcn gerici kuvvetlerin, bak\u0131\u015f ve milli ba\u011f\u0131ms\u0131zl\u0131k d\u00fc\u015fmanlar\u0131n\u0131n, her \u00e7e\u015fit yalanc\u0131, d\u00fczmece demokratlar\u0131n en korktuklar\u0131 yazarlardan biri de Gorki\u2019dir. Neden? \u00c7\u00fcnk\u00fc Maksim Gorki yaln\u0131z kendi halk\u0131na de\u011fil, b\u00fct\u00fcn halklara yurtlar\u0131n\u0131, h\u00fcrriyeti, bar\u0131\u015f\u0131 ve birbirlerini sevmeyi \u00f6\u011fretir. \u00c7\u00fcnk\u00fc o, insan\u0131n gelece\u011finden, g\u00fczel g\u00fcnler g\u00f6rece\u011finden emindir. \u00c7\u00fcnk\u00fc o, emek\u00e7i insan\u0131, koluyla, kafas\u0131yla \u00e7al\u0131\u015fan insan, yery\u00fcz\u00fcn\u00fcn ger\u00e7ek, biricik efendisi sayar. Gorki, insanlar ya\u015fad\u0131k\u00e7a ya\u015fayacakt\u0131r. \u00c7\u00fcnk\u00fc yery\u00fcz\u00fcn\u00fcn en b\u00fcy\u00fck \u015fairidir. <\/p>\n","protected":false},"excerpt":{"rendered":"<p>Maksim Gorki, 1868-1936. As\u0131l ad\u0131 Aleksey Maksimovi\u00e7 Pe\u015fkov. K\u00fc\u00e7\u00fck ya\u015fta yetim kald\u0131; okuyamad\u0131. Uzun s\u00fcre ba\u015f\u0131bo\u015f, yoksul bir hayat s\u00fcrd\u00fc. Ac\u0131 anlam\u0131na gelen \u2018Gorki\u2019 takma ad\u0131n\u0131<span class=\"excerpt-hellip\"> [\u2026]<\/span><\/p>\n","protected":false},"featured_media":0,"template":"","meta":{"_monsterinsights_skip_tracking":false,"_monsterinsights_sitenote_active":false,"_monsterinsights_sitenote_note":"","_monsterinsights_sitenote_category":0},"product_brand":[],"product_cat":[12291,13570],"product_tag":[],"class_list":{"0":"post-689700","1":"product","2":"type-product","3":"status-publish","5":"product_cat-edebiyat","6":"product_cat-rus-edebiyati","7":"pa_tur-kitap","8":"pa_yayinevi-iskele-yayincilik","9":"pa_yazar-maksim-gorki","11":"first","12":"instock","13":"sale","14":"shipping-taxable","15":"purchasable","16":"product-type-simple"},"_links":{"self":[{"href":"https:\/\/roveyayinevi.com.tr\/index.php\/wp-json\/wp\/v2\/product\/689700","targetHints":{"allow":["GET"]}}],"collection":[{"href":"https:\/\/roveyayinevi.com.tr\/index.php\/wp-json\/wp\/v2\/product"}],"about":[{"href":"https:\/\/roveyayinevi.com.tr\/index.php\/wp-json\/wp\/v2\/types\/product"}],"wp:attachment":[{"href":"https:\/\/roveyayinevi.com.tr\/index.php\/wp-json\/wp\/v2\/media?parent=689700"}],"wp:term":[{"taxonomy":"product_brand","embeddable":true,"href":"https:\/\/roveyayinevi.com.tr\/index.php\/wp-json\/wp\/v2\/product_brand?post=689700"},{"taxonomy":"product_cat","embeddable":true,"href":"https:\/\/roveyayinevi.com.tr\/index.php\/wp-json\/wp\/v2\/product_cat?post=689700"},{"taxonomy":"product_tag","embeddable":true,"href":"https:\/\/roveyayinevi.com.tr\/index.php\/wp-json\/wp\/v2\/product_tag?post=689700"}],"curies":[{"name":"wp","href":"https:\/\/api.w.org\/{rel}","templated":true}]}}