{"id":689699,"date":"2025-08-27T13:48:05","date_gmt":"2025-08-27T10:48:05","guid":{"rendered":"https:\/\/roveyayinevi.com.tr\/index.php\/urun\/80-gunde-devrialem\/"},"modified":"2026-04-16T01:59:22","modified_gmt":"2026-04-15T22:59:22","slug":"80-gunde-devrialem","status":"publish","type":"product","link":"https:\/\/roveyayinevi.com.tr\/index.php\/urun\/80-gunde-devrialem\/","title":{"rendered":"80 G\u00fcnde Devrialem"},"content":{"rendered":"<p>\u201cPhileas Fogg, Londra\u2019dan ayr\u0131l\u0131rken, yola \u00e7\u0131k\u0131\u015f\u0131n\u0131n uyand\u0131raca\u011f\u0131 b\u00fcy\u00fck yank\u0131lardan herh\u00e2lde habersiz bulunuyordu. Seksen g\u00fcnde devri\u00e2lem gezisinin haberi \u00f6nce, Reform Kul\u00fcp\u2019te duyuldu. Bu, se\u00e7kin kul\u00fcb\u00fcn \u00fcyeleri aras\u0131nda ger\u00e7ek bir heyecan uyand\u0131rd\u0131. Sonra bu heyecan, muhabirler arac\u0131l\u0131\u011f\u0131yla gazetelere, gazetelerden de Londra, sonra da b\u00fct\u00fcn \u0130ngiltere halk\u0131na ge\u00e7ti. T\u00fcrl\u00fc tart\u0131\u015fmalar, yorumlar, tahliller yap\u0131ld\u0131. Baz\u0131 kimseler Phileas Fogg\u2019un taraf\u0131n\u0131 tuttular, baz\u0131lar\u0131 da onun aleyhinde cephe ald\u0131lar ve bu sonuncular \u00e7ok ge\u00e7meden b\u00fcy\u00fck bir \u00e7o\u011funluk h\u00e2line geldiler. Bug\u00fcn kullan\u0131lan ula\u015ft\u0131rma vas\u0131talar\u0131 ile bu, yaln\u0131z olanaks\u0131z de\u011fil, ayn\u0131 zamanda delice bir \u015feydi! Bu konu hakk\u0131nda \u00e7ok hareketli fakat mant\u0131kl\u0131 yazlar yaz\u0131ld\u0131. Tam o s\u0131ralarda, Krall\u0131k Co\u011frafya Kurumunun 7 Ekim tarihli b\u00fclteninde uzun bir yaz\u0131 \u00e7\u0131km\u0131\u015ft\u0131. Yaz\u0131da konu, her bak\u0131mdan inceleniyor, b\u00f6yle bir giri\u015fimin delilik oldu\u011fu sonucuna var\u0131l\u0131yordu. Bu yaz\u0131 b\u00fcy\u00fck bir g\u00fcr\u00fclt\u00fc kopard\u0131. Hemen hemen b\u00fct\u00fcn gazeteler, bunu oldu\u011fu gibi bast\u0131lar. Bu y\u00fczden Phileas Fogg\u2019un taraf\u0131n\u0131 tutanlar, bahisten yava\u015f yava\u015f vazge\u00e7iyorlard\u0131.\u201d<\/p>\n","protected":false},"excerpt":{"rendered":"<p>\u201cPhileas Fogg, Londra\u2019dan ayr\u0131l\u0131rken, yola \u00e7\u0131k\u0131\u015f\u0131n\u0131n uyand\u0131raca\u011f\u0131 b\u00fcy\u00fck yank\u0131lardan herh\u00e2lde habersiz bulunuyordu. Seksen g\u00fcnde devri\u00e2lem gezisinin haberi \u00f6nce, Reform Kul\u00fcp\u2019te duyuldu. Bu, se\u00e7kin kul\u00fcb\u00fcn \u00fcyeleri aras\u0131nda<span class=\"excerpt-hellip\"> [\u2026]<\/span><\/p>\n","protected":false},"featured_media":0,"template":"","meta":{"_monsterinsights_skip_tracking":false,"_monsterinsights_sitenote_active":false,"_monsterinsights_sitenote_note":"","_monsterinsights_sitenote_category":0},"product_brand":[],"product_cat":[12274,12284],"product_tag":[],"class_list":{"0":"post-689699","1":"product","2":"type-product","3":"status-publish","5":"product_cat-cocuk-ve-genclik-kitaplari","6":"product_cat-hikayeler","7":"pa_cilt-ciltsiz","8":"pa_tur-kitap","9":"pa_yayinevi-iskele-yayincilik","10":"pa_yazar-jules-verne","12":"first","13":"instock","14":"sale","15":"shipping-taxable","16":"purchasable","17":"product-type-simple"},"_links":{"self":[{"href":"https:\/\/roveyayinevi.com.tr\/index.php\/wp-json\/wp\/v2\/product\/689699","targetHints":{"allow":["GET"]}}],"collection":[{"href":"https:\/\/roveyayinevi.com.tr\/index.php\/wp-json\/wp\/v2\/product"}],"about":[{"href":"https:\/\/roveyayinevi.com.tr\/index.php\/wp-json\/wp\/v2\/types\/product"}],"wp:attachment":[{"href":"https:\/\/roveyayinevi.com.tr\/index.php\/wp-json\/wp\/v2\/media?parent=689699"}],"wp:term":[{"taxonomy":"product_brand","embeddable":true,"href":"https:\/\/roveyayinevi.com.tr\/index.php\/wp-json\/wp\/v2\/product_brand?post=689699"},{"taxonomy":"product_cat","embeddable":true,"href":"https:\/\/roveyayinevi.com.tr\/index.php\/wp-json\/wp\/v2\/product_cat?post=689699"},{"taxonomy":"product_tag","embeddable":true,"href":"https:\/\/roveyayinevi.com.tr\/index.php\/wp-json\/wp\/v2\/product_tag?post=689699"}],"curies":[{"name":"wp","href":"https:\/\/api.w.org\/{rel}","templated":true}]}}