{"id":689698,"date":"2025-08-27T13:48:05","date_gmt":"2025-08-27T10:48:05","guid":{"rendered":"https:\/\/roveyayinevi.com.tr\/index.php\/urun\/dirilis\/"},"modified":"2026-04-16T01:59:22","modified_gmt":"2026-04-15T22:59:22","slug":"dirilis","status":"publish","type":"product","link":"https:\/\/roveyayinevi.com.tr\/index.php\/urun\/dirilis\/","title":{"rendered":"Dirili\u015f"},"content":{"rendered":"<p>Dirili\u015f , Rus ve D\u00fcnya edebiyat\u0131n\u0131n en usta yazarlar\u0131ndan olan Tolstoy\u2019un, y\u0131llarca her dilde say\u0131s\u0131z kez bas\u0131lan, milyonlarca okur taraf\u0131ndan tekrar tekrar okunan ve yazar\u0131n\u0131 \u00f6l\u00fcms\u00fczle\u015ftiren ba\u015fyap\u0131tlardan biridir. Dirili\u015f , sadece bir vicdan azab\u0131n\u0131n roman\u0131 de\u011fil; ayn\u0131 zamanda, ceza hukukuna y\u00f6neltilmi\u015f keskin bir ele\u015ftiricidir. Tolstoy\u2019un d\u00fc\u015f\u00fcncesini anlamak ve ustal\u0131\u011f\u0131n tad\u0131na varmak i\u00e7i Dirili\u015fi okumak yeter. \ufffcTan\u0131t\u0131m Metni<\/p>\n","protected":false},"excerpt":{"rendered":"<p>Dirili\u015f , Rus ve D\u00fcnya edebiyat\u0131n\u0131n en usta yazarlar\u0131ndan olan Tolstoy\u2019un, y\u0131llarca her dilde say\u0131s\u0131z kez bas\u0131lan, milyonlarca okur taraf\u0131ndan tekrar tekrar okunan ve yazar\u0131n\u0131 \u00f6l\u00fcms\u00fczle\u015ftiren<span class=\"excerpt-hellip\"> [\u2026]<\/span><\/p>\n","protected":false},"featured_media":0,"template":"","meta":{"_monsterinsights_skip_tracking":false,"_monsterinsights_sitenote_active":false,"_monsterinsights_sitenote_note":"","_monsterinsights_sitenote_category":0},"product_brand":[],"product_cat":[12291,13570],"product_tag":[],"class_list":{"0":"post-689698","1":"product","2":"type-product","3":"status-publish","5":"product_cat-edebiyat","6":"product_cat-rus-edebiyati","7":"pa_cilt-ciltsiz","8":"pa_tur-kitap","9":"pa_yayinevi-iskele-yayincilik","10":"pa_yazar-lev-nikolayevic-tolstoy","12":"first","13":"instock","14":"sale","15":"shipping-taxable","16":"purchasable","17":"product-type-simple"},"_links":{"self":[{"href":"https:\/\/roveyayinevi.com.tr\/index.php\/wp-json\/wp\/v2\/product\/689698","targetHints":{"allow":["GET"]}}],"collection":[{"href":"https:\/\/roveyayinevi.com.tr\/index.php\/wp-json\/wp\/v2\/product"}],"about":[{"href":"https:\/\/roveyayinevi.com.tr\/index.php\/wp-json\/wp\/v2\/types\/product"}],"wp:attachment":[{"href":"https:\/\/roveyayinevi.com.tr\/index.php\/wp-json\/wp\/v2\/media?parent=689698"}],"wp:term":[{"taxonomy":"product_brand","embeddable":true,"href":"https:\/\/roveyayinevi.com.tr\/index.php\/wp-json\/wp\/v2\/product_brand?post=689698"},{"taxonomy":"product_cat","embeddable":true,"href":"https:\/\/roveyayinevi.com.tr\/index.php\/wp-json\/wp\/v2\/product_cat?post=689698"},{"taxonomy":"product_tag","embeddable":true,"href":"https:\/\/roveyayinevi.com.tr\/index.php\/wp-json\/wp\/v2\/product_tag?post=689698"}],"curies":[{"name":"wp","href":"https:\/\/api.w.org\/{rel}","templated":true}]}}