{"id":689697,"date":"2025-08-27T13:48:05","date_gmt":"2025-08-27T10:48:05","guid":{"rendered":"https:\/\/roveyayinevi.com.tr\/index.php\/urun\/dede-korkut-hikayeleri\/"},"modified":"2026-04-16T01:59:22","modified_gmt":"2026-04-15T22:59:22","slug":"dede-korkut-hikayeleri","status":"publish","type":"product","link":"https:\/\/roveyayinevi.com.tr\/index.php\/urun\/dede-korkut-hikayeleri\/","title":{"rendered":"Dede Korkut Hikayeleri"},"content":{"rendered":"<p>Alice Harikalar \u00dclkesinde G\u00fclliver&#8217;in Gezileri Heidi Pollyanna \u00dc\u00e7 Sil\u00e2h\u015forler Pinokyo Define Adas\u0131 Oliver Twist Mutlu Prens 80 G\u00fcnde Devri\u00e2lem T\u00fcrk\u00fclerden Se\u00e7meler Karag\u00f6z ile Hacivat Tiryaki S\u00f6zleri Alt\u0131n I\u015f\u0131k \u015eermin \u00d6mer&#8217;in \u00c7ocuklu\u011fu \u00c7ocuk \u015eiirleri Billur K\u00f6\u015fk Masallar\u0131 De\u011firmenimden Mektuplar Robin Hood Kelo\u011flan Masallar\u0131 Nasrettin Hoca Hik\u00e2yeleri Tom Sawyer Yaln\u0131z Efe Dede Korkut Hik\u00e2yeleri Falaka Mesnevi&#8217;den Se\u00e7meler Vatan Yahut Silistre Ar\u0131lar Ordusu \u0130nsan Ne \u0130le Ya\u015far Hik\u00e2yeler Andersen Masallar\u0131 La Fontaine&#8217;den Se\u00e7meler T\u00fcrk Bilmecelerinden Se\u00e7meler T\u00fcrk Manilerinden Se\u00e7meler Tekerlemeler Ezop Masallar\u0131 T\u00fcrk Ninnilerinden Se\u00e7meler <\/p>\n","protected":false},"excerpt":{"rendered":"<p>Alice Harikalar \u00dclkesinde G\u00fclliver&#8217;in Gezileri Heidi Pollyanna \u00dc\u00e7 Sil\u00e2h\u015forler Pinokyo Define Adas\u0131 Oliver Twist Mutlu Prens 80 G\u00fcnde Devri\u00e2lem T\u00fcrk\u00fclerden Se\u00e7meler Karag\u00f6z ile Hacivat Tiryaki S\u00f6zleri<span class=\"excerpt-hellip\"> [\u2026]<\/span><\/p>\n","protected":false},"featured_media":0,"template":"","meta":{"_monsterinsights_skip_tracking":false,"_monsterinsights_sitenote_active":false,"_monsterinsights_sitenote_note":"","_monsterinsights_sitenote_category":0},"product_brand":[],"product_cat":[12274,12284],"product_tag":[],"class_list":{"0":"post-689697","1":"product","2":"type-product","3":"status-publish","5":"product_cat-cocuk-ve-genclik-kitaplari","6":"product_cat-hikayeler","7":"pa_tur-kitap","8":"pa_yayinevi-iskele-yayincilik","9":"pa_yazar-bekir-aktan","11":"first","12":"instock","13":"sale","14":"shipping-taxable","15":"purchasable","16":"product-type-simple"},"_links":{"self":[{"href":"https:\/\/roveyayinevi.com.tr\/index.php\/wp-json\/wp\/v2\/product\/689697","targetHints":{"allow":["GET"]}}],"collection":[{"href":"https:\/\/roveyayinevi.com.tr\/index.php\/wp-json\/wp\/v2\/product"}],"about":[{"href":"https:\/\/roveyayinevi.com.tr\/index.php\/wp-json\/wp\/v2\/types\/product"}],"wp:attachment":[{"href":"https:\/\/roveyayinevi.com.tr\/index.php\/wp-json\/wp\/v2\/media?parent=689697"}],"wp:term":[{"taxonomy":"product_brand","embeddable":true,"href":"https:\/\/roveyayinevi.com.tr\/index.php\/wp-json\/wp\/v2\/product_brand?post=689697"},{"taxonomy":"product_cat","embeddable":true,"href":"https:\/\/roveyayinevi.com.tr\/index.php\/wp-json\/wp\/v2\/product_cat?post=689697"},{"taxonomy":"product_tag","embeddable":true,"href":"https:\/\/roveyayinevi.com.tr\/index.php\/wp-json\/wp\/v2\/product_tag?post=689697"}],"curies":[{"name":"wp","href":"https:\/\/api.w.org\/{rel}","templated":true}]}}