{"id":689696,"date":"2025-08-27T13:48:05","date_gmt":"2025-08-27T10:48:05","guid":{"rendered":"https:\/\/roveyayinevi.com.tr\/index.php\/urun\/beyaz-geceler\/"},"modified":"2026-04-16T01:59:21","modified_gmt":"2026-04-15T22:59:21","slug":"beyaz-geceler","status":"publish","type":"product","link":"https:\/\/roveyayinevi.com.tr\/index.php\/urun\/beyaz-geceler\/","title":{"rendered":"Beyaz Geceler"},"content":{"rendered":"<p>Ne uzun bir zaman dilimidir, ya\u015fam s\u00fcresince bir anl\u0131k mutluluk. Anl\u0131k mutluluklar de\u011fil mi hayat\u0131 bunca zengin, bunca g\u00fczel, bunca ya\u015fan\u0131las\u0131 k\u0131lan. Ay\u0131n ba\u015fka t\u00fcrl\u00fc parlad\u0131\u011f\u0131, a\u015fklar\u0131n ve terk edilmi\u015fliklerin ba\u015fka t\u00fcrl\u00fc ya\u015fand\u0131\u011f\u0131 d\u00f6rt gecelik bir a\u015fk hik\u00e2yesiydi; ancak bir \u00f6m\u00fcr boyunca o mutluluktan pay almay\u0131 ve o mutlulu\u011fu gizli bah\u00e7elerinde b\u00fcy\u00fctmeyi bileceklerdi&#8230; O y\u0131llarda Rus yazar ve ayd\u0131nlar\u0131 me\u015fgul eden romantik ve hayalperest kahramanlar\u0131n yal\u0131n a\u015fk duygusunu, sevgiliye inebilme g\u00fcc\u00fcn\u00fc, bir sevgiliyle birlikte yeni bir d\u00fcnya d\u00fc\u015fleyebilme zevkini, yazar\u0131n duygular\u0131n m\u00fczi\u011fini \u00f6zg\u00fcrce ve kendi \u00fcsl\u00fbbu ile \u00e7ald\u0131\u011f\u0131 bir a\u015fk hik\u00e2yesi. Ancak gen\u00e7 ve bakir ruhlarda ya\u015fayabilen saf ve ula\u015f\u0131lmas\u0131 zor a\u015fklar\u0131n unutulmaz \u00f6rneklerinden biri:  Beyaz Geceler &#8230; \u0130nsan\u0131n kalbine do\u011frudan seslenebilen, Dostoyevski&#8217;nin en hafif, en saf ve en lirik kitab\u0131&#8230; <\/p>\n","protected":false},"excerpt":{"rendered":"<p>Ne uzun bir zaman dilimidir, ya\u015fam s\u00fcresince bir anl\u0131k mutluluk. Anl\u0131k mutluluklar de\u011fil mi hayat\u0131 bunca zengin, bunca g\u00fczel, bunca ya\u015fan\u0131las\u0131 k\u0131lan. Ay\u0131n ba\u015fka t\u00fcrl\u00fc parlad\u0131\u011f\u0131,<span class=\"excerpt-hellip\"> [\u2026]<\/span><\/p>\n","protected":false},"featured_media":0,"template":"","meta":{"_monsterinsights_skip_tracking":false,"_monsterinsights_sitenote_active":false,"_monsterinsights_sitenote_note":"","_monsterinsights_sitenote_category":0},"product_brand":[],"product_cat":[12291,13570],"product_tag":[],"class_list":{"0":"post-689696","1":"product","2":"type-product","3":"status-publish","5":"product_cat-edebiyat","6":"product_cat-rus-edebiyati","7":"pa_tur-kitap","8":"pa_yayinevi-iskele-yayincilik","9":"pa_yazar-fyodor-mihaylovic-dostoyevski","11":"first","12":"instock","13":"sale","14":"shipping-taxable","15":"purchasable","16":"product-type-simple"},"_links":{"self":[{"href":"https:\/\/roveyayinevi.com.tr\/index.php\/wp-json\/wp\/v2\/product\/689696","targetHints":{"allow":["GET"]}}],"collection":[{"href":"https:\/\/roveyayinevi.com.tr\/index.php\/wp-json\/wp\/v2\/product"}],"about":[{"href":"https:\/\/roveyayinevi.com.tr\/index.php\/wp-json\/wp\/v2\/types\/product"}],"wp:attachment":[{"href":"https:\/\/roveyayinevi.com.tr\/index.php\/wp-json\/wp\/v2\/media?parent=689696"}],"wp:term":[{"taxonomy":"product_brand","embeddable":true,"href":"https:\/\/roveyayinevi.com.tr\/index.php\/wp-json\/wp\/v2\/product_brand?post=689696"},{"taxonomy":"product_cat","embeddable":true,"href":"https:\/\/roveyayinevi.com.tr\/index.php\/wp-json\/wp\/v2\/product_cat?post=689696"},{"taxonomy":"product_tag","embeddable":true,"href":"https:\/\/roveyayinevi.com.tr\/index.php\/wp-json\/wp\/v2\/product_tag?post=689696"}],"curies":[{"name":"wp","href":"https:\/\/api.w.org\/{rel}","templated":true}]}}