{"id":689695,"date":"2025-08-27T13:48:05","date_gmt":"2025-08-27T10:48:05","guid":{"rendered":"https:\/\/roveyayinevi.com.tr\/index.php\/urun\/tanzimattan-21-yuzyila-turkiye-ekonomisi\/"},"modified":"2026-04-16T01:59:21","modified_gmt":"2026-04-15T22:59:21","slug":"tanzimattan-21-yuzyila-turkiye-ekonomisi","status":"publish","type":"product","link":"https:\/\/roveyayinevi.com.tr\/index.php\/urun\/tanzimattan-21-yuzyila-turkiye-ekonomisi\/","title":{"rendered":"Tanzimattan 21. Y\u00fczy\u0131la T\u00fcrkiye Ekonomisi"},"content":{"rendered":"<p>K\u00fcreselle\u015fme olgusu, g\u00fcn\u00fcm\u00fczde t\u00fcm ekonomik ve sosyal ili\u015fkilere damgas\u0131n\u0131 vurdu. K\u00fcreselle\u015fmenin T\u00fcrkiye a\u00e7\u0131s\u0131ndan ge\u00e7irdi\u011fi a\u015famalar\u0131 tarihsel olarak ele almak, yaratt\u0131\u011f\u0131 sonu\u00e7lar\u0131 do\u011fru bi\u00e7imde irdelemek g\u00fcn\u00fcm\u00fcz\u00fc anlayabilmek i\u00e7in olduk\u00e7a \u00f6nemli. Prof. G\u00fclten Kazgan, bu kitab\u0131nda, k\u00fcreselle\u015fmenin T\u00fcrkiye \u00fczerindeki etkilerini tarihsel olarak, sosyal sonu\u00e7lar\u0131yla birlikte irdeliyor. Yazar, T\u00fcrkiye ekonomisinin \u201cbirinci\u201d k\u00fcreselle\u015fme olarak tan\u0131mlanabilecek kavramla 1830\u2019lu y\u0131llarda kar\u015f\u0131la\u015ft\u0131\u011f\u0131n\u0131 ve Osmanl\u0131 \u0130mparatorlu\u011fu\u2019nun ba\u011f\u0131ml\u0131 ve yar\u0131-s\u00f6m\u00fcrge durumuna geli\u015findeki temel etkenlerinin emperyalizmin yaratt\u0131\u011f\u0131 unsurlara ba\u011fl\u0131 oldu\u011funu \u00f6ne s\u00fcr\u00fcyor. Cumhuriyet T\u00fcrkiyesi\u2019ni ise bu kal\u0131nt\u0131lar\u0131n tasfiyesi ve II. D\u00fcnya Sava\u015f\u0131 ile birlikte olu\u015fan yeni \u201cd\u00fcnya dengeleri\u201d ba\u011flam\u0131nda ele al\u0131yor. Kazgan, \u201cikinci\u201d k\u00fcreselle\u015fme a\u015famas\u0131n\u0131, II. D\u00fcnya Sava\u015f\u0131\u2019ndan sonra tesis edilen sosyal devletin tasfiyesini sa\u011flayan 24 Ocak Kararlar\u0131 ve piyasan\u0131n serbestle\u015fmesiyle ba\u015flat\u0131yor. Bu s\u00fcrecin 1990\u2019l\u0131 y\u0131llarda h\u0131zland\u0131\u011f\u0131n\u0131 vurgulayan Kazgan, T\u00fcrkiye\u2019nin i\u00e7ine \u00e7ekildi\u011fi ba\u011f\u0131ml\u0131l\u0131k s\u00fcrecini ve bu y\u0131llarda patlak veren krizlerin ve Ekim 2008 krizinin sosyal, ekonomik ve siyasal sonu\u00e7lar\u0131n\u0131 ara\u015ft\u0131r\u0131yor. Osmanl\u0131\u2019dan g\u00fcn\u00fcm\u00fcze kadar gelen ekonomik geli\u015fmeleri ele alan Tanzimat\u2019tan 21. Y\u00fczy\u0131la T\u00fcrkiye Ekonomisi, temel bir ba\u015fvuru kayna\u011f\u0131 niteli\u011fini ta\u015f\u0131maktad\u0131r. Eserin alt\u0131nc\u0131 bask\u0131s\u0131nda yazar, kitab\u0131 son y\u0131llarda ya\u015fanan geli\u015fmeleri de g\u00f6z \u00f6n\u00fcne alarak geni\u015fletmi\u015f ve g\u00fcncelle\u015ftirilmi\u015ftir. <\/p>\n","protected":false},"excerpt":{"rendered":"<p>K\u00fcreselle\u015fme olgusu, g\u00fcn\u00fcm\u00fczde t\u00fcm ekonomik ve sosyal ili\u015fkilere damgas\u0131n\u0131 vurdu. K\u00fcreselle\u015fmenin T\u00fcrkiye a\u00e7\u0131s\u0131ndan ge\u00e7irdi\u011fi a\u015famalar\u0131 tarihsel olarak ele almak, yaratt\u0131\u011f\u0131 sonu\u00e7lar\u0131 do\u011fru bi\u00e7imde irdelemek g\u00fcn\u00fcm\u00fcz\u00fc anlayabilmek<span class=\"excerpt-hellip\"> [\u2026]<\/span><\/p>\n","protected":false},"featured_media":0,"template":"","meta":{"_monsterinsights_skip_tracking":false,"_monsterinsights_sitenote_active":false,"_monsterinsights_sitenote_note":"","_monsterinsights_sitenote_category":0},"product_brand":[],"product_cat":[14841,13043],"product_tag":[],"class_list":{"0":"post-689695","1":"product","2":"type-product","3":"status-publish","5":"product_cat-arastirma-inceleme-kuram","6":"product_cat-ekonomi","7":"pa_cilt-ciltsiz","8":"pa_tur-kitap","9":"pa_yayinevi-bilgi-universitesi-yayinlari-akademik","10":"pa_yazar-gulten-kazgan","12":"first","13":"instock","14":"sale","15":"shipping-taxable","16":"purchasable","17":"product-type-simple"},"_links":{"self":[{"href":"https:\/\/roveyayinevi.com.tr\/index.php\/wp-json\/wp\/v2\/product\/689695","targetHints":{"allow":["GET"]}}],"collection":[{"href":"https:\/\/roveyayinevi.com.tr\/index.php\/wp-json\/wp\/v2\/product"}],"about":[{"href":"https:\/\/roveyayinevi.com.tr\/index.php\/wp-json\/wp\/v2\/types\/product"}],"wp:attachment":[{"href":"https:\/\/roveyayinevi.com.tr\/index.php\/wp-json\/wp\/v2\/media?parent=689695"}],"wp:term":[{"taxonomy":"product_brand","embeddable":true,"href":"https:\/\/roveyayinevi.com.tr\/index.php\/wp-json\/wp\/v2\/product_brand?post=689695"},{"taxonomy":"product_cat","embeddable":true,"href":"https:\/\/roveyayinevi.com.tr\/index.php\/wp-json\/wp\/v2\/product_cat?post=689695"},{"taxonomy":"product_tag","embeddable":true,"href":"https:\/\/roveyayinevi.com.tr\/index.php\/wp-json\/wp\/v2\/product_tag?post=689695"}],"curies":[{"name":"wp","href":"https:\/\/api.w.org\/{rel}","templated":true}]}}