{"id":689694,"date":"2025-08-27T13:48:04","date_gmt":"2025-08-27T10:48:04","guid":{"rendered":"https:\/\/roveyayinevi.com.tr\/index.php\/urun\/hafiz-divani\/"},"modified":"2026-04-08T01:59:11","modified_gmt":"2026-04-07T22:59:11","slug":"hafiz-divani","status":"publish","type":"product","link":"https:\/\/roveyayinevi.com.tr\/index.php\/urun\/hafiz-divani\/","title":{"rendered":"Haf\u0131z Divan\u0131"},"content":{"rendered":"<p>Haf\u0131z-\u0131 \u015eiraz\u00ee: XIV. y\u00fczy\u0131lda \u0130ran\u2019da ya\u015fam\u0131\u015ft\u0131r. Ya\u015fam\u0131 hakk\u0131nda g\u00fcn\u00fcm\u00fcze ula\u015fan bilgilerin kesinli\u011fi de tart\u0131\u015fmal\u0131d\u0131r. Haf\u0131z, \u0130ran \u015fiirine \u00e7\u0131\u011f\u0131r a\u00e7acak \u00f6l\u00e7\u00fcde \u00f6nemli yenilikler getirmi\u015ftir. \u015eiirlerinde hayat\u0131, d\u00fcnya nimetlerini ve g\u00fcndelik olaylardan kaynaklanan duygular\u0131 konu olarak i\u015flemi\u015ftir. Meyhane, \u015farap, saki, dilber, g\u00fcl gibi s\u00f6zc\u00fckleri birer mazmun olmaktan \u00e7ok ger\u00e7ek anlamlar\u0131yla kullanm\u0131\u015ft\u0131r. Gazel dilinin kurucusu olan Haf\u0131z-\u0131 \u015eiraz\u00ee, sadece beyit b\u00fct\u00fcnl\u00fc\u011f\u00fc g\u00f6zetilen \u015fiirde konu b\u00fct\u00fcnl\u00fc\u011f\u00fcn\u00fc g\u00f6zeten ilk \u015fairlerdendir. \u015eiirleri sanat \u00e7evrelerinde be\u011fenildi\u011fi kadar halk taraf\u0131ndan da benimsenmi\u015f, d\u00eev\u00e2n\u0131 halk aras\u0131nda g\u00f6n\u00fcl ili\u015fkileri ve talih konusunda ba\u015fvurulan bir falname olarak kullan\u0131lm\u0131\u015ft\u0131r. \ufffcTan\u0131t\u0131m Metni<\/p>\n","protected":false},"excerpt":{"rendered":"<p>Haf\u0131z-\u0131 \u015eiraz\u00ee: XIV. y\u00fczy\u0131lda \u0130ran\u2019da ya\u015fam\u0131\u015ft\u0131r. Ya\u015fam\u0131 hakk\u0131nda g\u00fcn\u00fcm\u00fcze ula\u015fan bilgilerin kesinli\u011fi de tart\u0131\u015fmal\u0131d\u0131r. Haf\u0131z, \u0130ran \u015fiirine \u00e7\u0131\u011f\u0131r a\u00e7acak \u00f6l\u00e7\u00fcde \u00f6nemli yenilikler getirmi\u015ftir. \u015eiirlerinde hayat\u0131, d\u00fcnya<span class=\"excerpt-hellip\"> [\u2026]<\/span><\/p>\n","protected":false},"featured_media":0,"template":"","meta":{"_monsterinsights_skip_tracking":false,"_monsterinsights_sitenote_active":false,"_monsterinsights_sitenote_note":"","_monsterinsights_sitenote_category":0},"product_brand":[],"product_cat":[12291,12711],"product_tag":[],"class_list":{"0":"post-689694","1":"product","2":"type-product","3":"status-publish","5":"product_cat-edebiyat","6":"product_cat-roman-oyku","7":"pa_cilt-ciltsiz","8":"pa_tur-kitap","9":"pa_yayinevi-is-bankasi-kultur-yayinlari","10":"pa_yazar-hafiz-i-sirazi","12":"first","13":"instock","14":"sale","15":"shipping-taxable","16":"purchasable","17":"product-type-simple"},"_links":{"self":[{"href":"https:\/\/roveyayinevi.com.tr\/index.php\/wp-json\/wp\/v2\/product\/689694","targetHints":{"allow":["GET"]}}],"collection":[{"href":"https:\/\/roveyayinevi.com.tr\/index.php\/wp-json\/wp\/v2\/product"}],"about":[{"href":"https:\/\/roveyayinevi.com.tr\/index.php\/wp-json\/wp\/v2\/types\/product"}],"wp:attachment":[{"href":"https:\/\/roveyayinevi.com.tr\/index.php\/wp-json\/wp\/v2\/media?parent=689694"}],"wp:term":[{"taxonomy":"product_brand","embeddable":true,"href":"https:\/\/roveyayinevi.com.tr\/index.php\/wp-json\/wp\/v2\/product_brand?post=689694"},{"taxonomy":"product_cat","embeddable":true,"href":"https:\/\/roveyayinevi.com.tr\/index.php\/wp-json\/wp\/v2\/product_cat?post=689694"},{"taxonomy":"product_tag","embeddable":true,"href":"https:\/\/roveyayinevi.com.tr\/index.php\/wp-json\/wp\/v2\/product_tag?post=689694"}],"curies":[{"name":"wp","href":"https:\/\/api.w.org\/{rel}","templated":true}]}}