{"id":689692,"date":"2025-08-27T13:48:04","date_gmt":"2025-08-27T10:48:04","guid":{"rendered":"https:\/\/roveyayinevi.com.tr\/index.php\/urun\/gulliverin-gezilericiltli\/"},"modified":"2026-04-16T01:59:21","modified_gmt":"2026-04-15T22:59:21","slug":"gulliverin-gezilericiltli","status":"publish","type":"product","link":"https:\/\/roveyayinevi.com.tr\/index.php\/urun\/gulliverin-gezilericiltli\/","title":{"rendered":"Gulliver\u2019in Gezileri(Ciltli)"},"content":{"rendered":"<p>Jonathan Swift (1667-1945): &#8220;Kitaplar\u0131n Sava\u015f\u0131&#8221;ndan &#8220;Al\u00e7akg\u00f6n\u00fcll\u00fc Bir \u00d6neri&#8221;ye t\u00fcm \u00e7a\u011flar\u0131n en \u00f6nemli yergi ustalar\u0131ndan biri ve tek roman\u0131 Gulliver&#8217;in Gezileri&#8217;yle (1726) \u00f6l\u00fcms\u00fczle\u015fmi\u015f bir 17. y\u00fczy\u0131l sonu 18. y\u00fczy\u0131l ba\u015f\u0131 yazar\u0131d\u0131r.Gulliver&#8217;in ilk iki b\u00f6l\u00fcm\u00fcnde, &#8220;C\u00fcceler&#8221; ve &#8220;Devler&#8221; \u00fclkelerine gezilerindeki hayalg\u00fcc\u00fcyle hemen her ya\u015ftan okura ula\u015fan Swift, insanl\u0131\u011fa ili\u015fkin g\u00f6zlemleriniyse, kitab\u0131n\u0131n d\u00f6rd\u00fcnc\u00fc b\u00f6l\u00fcm\u00fc olan &#8220;Tekboynuzlar \u00dclkesine Yolculuk&#8221;ta alabildi\u011fine keskinle\u015ftirmi\u015ftir.<\/p>\n","protected":false},"excerpt":{"rendered":"<p>Jonathan Swift (1667-1945): &#8220;Kitaplar\u0131n Sava\u015f\u0131&#8221;ndan &#8220;Al\u00e7akg\u00f6n\u00fcll\u00fc Bir \u00d6neri&#8221;ye t\u00fcm \u00e7a\u011flar\u0131n en \u00f6nemli yergi ustalar\u0131ndan biri ve tek roman\u0131 Gulliver&#8217;in Gezileri&#8217;yle (1726) \u00f6l\u00fcms\u00fczle\u015fmi\u015f bir 17. y\u00fczy\u0131l sonu<span class=\"excerpt-hellip\"> [\u2026]<\/span><\/p>\n","protected":false},"featured_media":0,"template":"","meta":{"_monsterinsights_skip_tracking":false,"_monsterinsights_sitenote_active":false,"_monsterinsights_sitenote_note":"","_monsterinsights_sitenote_category":0},"product_brand":[],"product_cat":[12291,12866],"product_tag":[],"class_list":{"0":"post-689692","1":"product","2":"type-product","3":"status-publish","5":"product_cat-edebiyat","6":"product_cat-ingiliz-edebiyati","7":"pa_cilt-ciltli","8":"pa_tur-kitap","9":"pa_yayinevi-is-bankasi-kultur-yayinlari","10":"pa_yazar-jonathan-swift","12":"first","13":"instock","14":"sale","15":"shipping-taxable","16":"purchasable","17":"product-type-simple"},"_links":{"self":[{"href":"https:\/\/roveyayinevi.com.tr\/index.php\/wp-json\/wp\/v2\/product\/689692","targetHints":{"allow":["GET"]}}],"collection":[{"href":"https:\/\/roveyayinevi.com.tr\/index.php\/wp-json\/wp\/v2\/product"}],"about":[{"href":"https:\/\/roveyayinevi.com.tr\/index.php\/wp-json\/wp\/v2\/types\/product"}],"wp:attachment":[{"href":"https:\/\/roveyayinevi.com.tr\/index.php\/wp-json\/wp\/v2\/media?parent=689692"}],"wp:term":[{"taxonomy":"product_brand","embeddable":true,"href":"https:\/\/roveyayinevi.com.tr\/index.php\/wp-json\/wp\/v2\/product_brand?post=689692"},{"taxonomy":"product_cat","embeddable":true,"href":"https:\/\/roveyayinevi.com.tr\/index.php\/wp-json\/wp\/v2\/product_cat?post=689692"},{"taxonomy":"product_tag","embeddable":true,"href":"https:\/\/roveyayinevi.com.tr\/index.php\/wp-json\/wp\/v2\/product_tag?post=689692"}],"curies":[{"name":"wp","href":"https:\/\/api.w.org\/{rel}","templated":true}]}}