{"id":689691,"date":"2025-08-27T13:48:04","date_gmt":"2025-08-27T10:48:04","guid":{"rendered":"https:\/\/roveyayinevi.com.tr\/index.php\/urun\/30-gun-30-gece\/"},"modified":"2026-04-16T01:59:21","modified_gmt":"2026-04-15T22:59:21","slug":"30-gun-30-gece","status":"publish","type":"product","link":"https:\/\/roveyayinevi.com.tr\/index.php\/urun\/30-gun-30-gece\/","title":{"rendered":"30 G\u00fcn 30 Gece"},"content":{"rendered":"<p>&#8220;Elinizde tutmakta oldu\u011funuz \u00e7izgi roman eski g\u00fczel g\u00fcnlerdeki korku filmleri gibi ham ve sert bir enerji i\u00e7eriyor. K\u0131sa, keskin ve ac\u0131mas\u0131z&#8230; Ak\u0131lda kal\u0131c\u0131 bir ba\u015fl\u0131\u011f\u0131 ve donuk kalbinde son derece zekice; fakat basit bir fikri var&#8230; Ve ba\u015flay\u0131nca hi\u00e7 yava\u015flamadan devam eden bir hikayesi&#8230;&#8221; -Clive Barker- Steve Niles ve Ben Templesmith taraf\u0131ndan yarat\u0131lm\u0131\u015f olan korku \u00e7izgi roman\u0131 30 G\u00fcn 30 Gece; 2007 Scream Awards birincili\u011fi ile \u00f6d\u00fcllendirilen serinin ilk grafik roman\u0131. (Tan\u0131t\u0131m B\u00fclteninden) <\/p>\n","protected":false},"excerpt":{"rendered":"<p>&#8220;Elinizde tutmakta oldu\u011funuz \u00e7izgi roman eski g\u00fczel g\u00fcnlerdeki korku filmleri gibi ham ve sert bir enerji i\u00e7eriyor. K\u0131sa, keskin ve ac\u0131mas\u0131z&#8230; Ak\u0131lda kal\u0131c\u0131 bir ba\u015fl\u0131\u011f\u0131 ve<span class=\"excerpt-hellip\"> [\u2026]<\/span><\/p>\n","protected":false},"featured_media":0,"template":"","meta":{"_monsterinsights_skip_tracking":false,"_monsterinsights_sitenote_active":false,"_monsterinsights_sitenote_note":"","_monsterinsights_sitenote_category":0},"product_brand":[],"product_cat":[12416,12291],"product_tag":[],"class_list":{"0":"post-689691","1":"product","2":"type-product","3":"status-publish","5":"product_cat-cizgi-roman","6":"product_cat-edebiyat","7":"pa_cilt-ciltsiz","8":"pa_tur-kitap","9":"pa_yayinevi-jbc-yayincilik","10":"pa_yazar-steve-niles","12":"first","13":"instock","14":"sale","15":"shipping-taxable","16":"purchasable","17":"product-type-simple"},"_links":{"self":[{"href":"https:\/\/roveyayinevi.com.tr\/index.php\/wp-json\/wp\/v2\/product\/689691","targetHints":{"allow":["GET"]}}],"collection":[{"href":"https:\/\/roveyayinevi.com.tr\/index.php\/wp-json\/wp\/v2\/product"}],"about":[{"href":"https:\/\/roveyayinevi.com.tr\/index.php\/wp-json\/wp\/v2\/types\/product"}],"wp:attachment":[{"href":"https:\/\/roveyayinevi.com.tr\/index.php\/wp-json\/wp\/v2\/media?parent=689691"}],"wp:term":[{"taxonomy":"product_brand","embeddable":true,"href":"https:\/\/roveyayinevi.com.tr\/index.php\/wp-json\/wp\/v2\/product_brand?post=689691"},{"taxonomy":"product_cat","embeddable":true,"href":"https:\/\/roveyayinevi.com.tr\/index.php\/wp-json\/wp\/v2\/product_cat?post=689691"},{"taxonomy":"product_tag","embeddable":true,"href":"https:\/\/roveyayinevi.com.tr\/index.php\/wp-json\/wp\/v2\/product_tag?post=689691"}],"curies":[{"name":"wp","href":"https:\/\/api.w.org\/{rel}","templated":true}]}}