{"id":689690,"date":"2025-08-27T13:48:04","date_gmt":"2025-08-27T10:48:04","guid":{"rendered":"https:\/\/roveyayinevi.com.tr\/index.php\/urun\/harika-hayvanlar-okyanusta-kesif-gezisi\/"},"modified":"2026-04-16T01:59:21","modified_gmt":"2026-04-15T22:59:21","slug":"harika-hayvanlar-okyanusta-kesif-gezisi","status":"publish","type":"product","link":"https:\/\/roveyayinevi.com.tr\/index.php\/urun\/harika-hayvanlar-okyanusta-kesif-gezisi\/","title":{"rendered":"Harika Hayvanlar &#8211; Okyanusta Ke\u015fif Gezisi"},"content":{"rendered":"<p>Kuzey Pasifik Okyanusu u\u00e7suz bucaks\u0131z bir alan\u0131 kaplar. Karanl\u0131k ve derin sular\u0131 deniz kaplumba\u011falar\u0131ndan denizanalar\u0131na,  irili ufakl\u0131 bal\u0131k s\u00fcr\u00fclerinden mercanlara, balinalardan ahtapotlara var\u0131ncaya dek bir\u00e7ok canl\u0131 t\u00fcr\u00fcn\u00fc bar\u0131nd\u0131r\u0131r. Sen de Tav\u015fan, Fare ve Ku\u015f\u2019la birlikte, okyanuslar\u0131n derinliklerine dal ve yoluna \u00e7\u0131kan harika hayvanlarla tan\u0131\u015f. Hayvanlar aleminin s\u0131rlar\u0131n\u0131 \u00f6\u011frenmek isteyen gen\u00e7 okurlar i\u00e7in evde, bah\u00e7ede, plajda, yatakta, her zaman ve her yerde okunabilecek bir ilk ad\u0131m kitab\u0131. <\/p>\n","protected":false},"excerpt":{"rendered":"<p>Kuzey Pasifik Okyanusu u\u00e7suz bucaks\u0131z bir alan\u0131 kaplar. Karanl\u0131k ve derin sular\u0131 deniz kaplumba\u011falar\u0131ndan denizanalar\u0131na, irili ufakl\u0131 bal\u0131k s\u00fcr\u00fclerinden mercanlara, balinalardan ahtapotlara var\u0131ncaya dek bir\u00e7ok canl\u0131<span class=\"excerpt-hellip\"> [\u2026]<\/span><\/p>\n","protected":false},"featured_media":0,"template":"","meta":{"_monsterinsights_skip_tracking":false,"_monsterinsights_sitenote_active":false,"_monsterinsights_sitenote_note":"","_monsterinsights_sitenote_category":0},"product_brand":[],"product_cat":[12274,12518],"product_tag":[],"class_list":{"0":"post-689690","1":"product","2":"type-product","3":"status-publish","5":"product_cat-cocuk-ve-genclik-kitaplari","6":"product_cat-okul-oncesi-kitaplar","7":"pa_cilt-ciltsiz","8":"pa_tur-kitap","9":"pa_yayinevi-is-bankasi-kultur-yayinlari","10":"pa_yazar-ant-parker","12":"first","13":"instock","14":"sale","15":"shipping-taxable","16":"purchasable","17":"product-type-simple"},"_links":{"self":[{"href":"https:\/\/roveyayinevi.com.tr\/index.php\/wp-json\/wp\/v2\/product\/689690","targetHints":{"allow":["GET"]}}],"collection":[{"href":"https:\/\/roveyayinevi.com.tr\/index.php\/wp-json\/wp\/v2\/product"}],"about":[{"href":"https:\/\/roveyayinevi.com.tr\/index.php\/wp-json\/wp\/v2\/types\/product"}],"wp:attachment":[{"href":"https:\/\/roveyayinevi.com.tr\/index.php\/wp-json\/wp\/v2\/media?parent=689690"}],"wp:term":[{"taxonomy":"product_brand","embeddable":true,"href":"https:\/\/roveyayinevi.com.tr\/index.php\/wp-json\/wp\/v2\/product_brand?post=689690"},{"taxonomy":"product_cat","embeddable":true,"href":"https:\/\/roveyayinevi.com.tr\/index.php\/wp-json\/wp\/v2\/product_cat?post=689690"},{"taxonomy":"product_tag","embeddable":true,"href":"https:\/\/roveyayinevi.com.tr\/index.php\/wp-json\/wp\/v2\/product_tag?post=689690"}],"curies":[{"name":"wp","href":"https:\/\/api.w.org\/{rel}","templated":true}]}}