{"id":689687,"date":"2025-08-27T13:48:03","date_gmt":"2025-08-27T10:48:03","guid":{"rendered":"https:\/\/roveyayinevi.com.tr\/index.php\/urun\/hareketli-sehir\/"},"modified":"2026-04-16T01:59:21","modified_gmt":"2026-04-15T22:59:21","slug":"hareketli-sehir","status":"publish","type":"product","link":"https:\/\/roveyayinevi.com.tr\/index.php\/urun\/hareketli-sehir\/","title":{"rendered":"Hareketli \u015eehir"},"content":{"rendered":"<p>Hareketli Kitaplar \u00e7ocuklar\u0131n boyut alg\u0131lar\u0131n\u0131, el g\u00f6z koordinasyonlar\u0131n\u0131 ve \u00e7evreyle ba\u011flant\u0131 kurma yeteneklerini geli\u015ftirmek amac\u0131yla haz\u0131rlanm\u0131\u015ft\u0131r. \u00c7ocu\u011funuzun elinden d\u00fc\u015f\u00fcrmeyece\u011fi Hareketli Kitaplar serisi hem \u00e7ok e\u011flenceli hem de \u00e7ok dayan\u0131kl\u0131. \ufffcTan\u0131t\u0131m Metni<\/p>\n","protected":false},"excerpt":{"rendered":"<p>Hareketli Kitaplar \u00e7ocuklar\u0131n boyut alg\u0131lar\u0131n\u0131, el g\u00f6z koordinasyonlar\u0131n\u0131 ve \u00e7evreyle ba\u011flant\u0131 kurma yeteneklerini geli\u015ftirmek amac\u0131yla haz\u0131rlanm\u0131\u015ft\u0131r. \u00c7ocu\u011funuzun elinden d\u00fc\u015f\u00fcrmeyece\u011fi Hareketli Kitaplar serisi hem \u00e7ok e\u011flenceli hem<span class=\"excerpt-hellip\"> [\u2026]<\/span><\/p>\n","protected":false},"featured_media":0,"template":"","meta":{"_monsterinsights_skip_tracking":false,"_monsterinsights_sitenote_active":false,"_monsterinsights_sitenote_note":"","_monsterinsights_sitenote_category":0},"product_brand":[],"product_cat":[12274,12284],"product_tag":[],"class_list":{"0":"post-689687","1":"product","2":"type-product","3":"status-publish","5":"product_cat-cocuk-ve-genclik-kitaplari","6":"product_cat-hikayeler","7":"pa_cilt-ciltli","8":"pa_tur-kitap","9":"pa_yayinevi-is-bankasi-kultur-yayinlari","10":"pa_yazar-rebecca-finn","12":"first","13":"instock","14":"sale","15":"shipping-taxable","16":"purchasable","17":"product-type-simple"},"_links":{"self":[{"href":"https:\/\/roveyayinevi.com.tr\/index.php\/wp-json\/wp\/v2\/product\/689687","targetHints":{"allow":["GET"]}}],"collection":[{"href":"https:\/\/roveyayinevi.com.tr\/index.php\/wp-json\/wp\/v2\/product"}],"about":[{"href":"https:\/\/roveyayinevi.com.tr\/index.php\/wp-json\/wp\/v2\/types\/product"}],"wp:attachment":[{"href":"https:\/\/roveyayinevi.com.tr\/index.php\/wp-json\/wp\/v2\/media?parent=689687"}],"wp:term":[{"taxonomy":"product_brand","embeddable":true,"href":"https:\/\/roveyayinevi.com.tr\/index.php\/wp-json\/wp\/v2\/product_brand?post=689687"},{"taxonomy":"product_cat","embeddable":true,"href":"https:\/\/roveyayinevi.com.tr\/index.php\/wp-json\/wp\/v2\/product_cat?post=689687"},{"taxonomy":"product_tag","embeddable":true,"href":"https:\/\/roveyayinevi.com.tr\/index.php\/wp-json\/wp\/v2\/product_tag?post=689687"}],"curies":[{"name":"wp","href":"https:\/\/api.w.org\/{rel}","templated":true}]}}