{"id":689684,"date":"2025-08-27T13:48:02","date_gmt":"2025-08-27T10:48:02","guid":{"rendered":"https:\/\/roveyayinevi.com.tr\/index.php\/urun\/harika-hayvanlar-yagmur-ormanlari\/"},"modified":"2026-04-16T01:59:21","modified_gmt":"2026-04-15T22:59:21","slug":"harika-hayvanlar-yagmur-ormanlari","status":"publish","type":"product","link":"https:\/\/roveyayinevi.com.tr\/index.php\/urun\/harika-hayvanlar-yagmur-ormanlari\/","title":{"rendered":"Harika Hayvanlar &#8211; Ya\u011fmur Ormanlar\u0131"},"content":{"rendered":"<p>Ya\u015famam\u0131z i\u00e7in gereken oksijenin y\u00fczde 28\u2019ine yak\u0131n\u0131n\u0131 ya\u011fmur ormanlar\u0131 \u00fcretir. Bu ormanlara verilen zararlar, d\u00fcnyan\u0131n gelece\u011fini tehlikeye atmaktad\u0131r. Ya\u011fmur ormanlar\u0131 d\u00fcnyan\u0131n en zengin do\u011fal ya\u015fam alanlar\u0131d\u0131r.  Buralarda o kadar \u00e7ok canl\u0131 t\u00fcr\u00fc ya\u015far ki, saymakla bitmez. \u00dcstelik bilim insanlar\u0131, bu ormanlarda hen\u00fcz bilinmeyen bir\u00e7ok canl\u0131 t\u00fcr\u00fcn\u00fcn de ya\u015fad\u0131\u011f\u0131n\u0131 s\u00f6ylemektedirler. Sen de Tav\u015fan, Fare ve Ku\u015f\u2019la birlikte, G\u00fcney Amerika\u2019n\u0131n ya\u011fmur ormanlar\u0131na dal, yoluna \u00e7\u0131kan harika hayvanlarla tan\u0131\u015f. Hayvanlar aleminin s\u0131rlar\u0131n\u0131 \u00f6\u011frenmek isteyen gen\u00e7 okurlar i\u00e7in evde, bah\u00e7ede, plajda, yatakta, her zaman ve her yerde okunabilecek bir ilk ad\u0131m kitab\u0131\u2026 <\/p>\n","protected":false},"excerpt":{"rendered":"<p>Ya\u015famam\u0131z i\u00e7in gereken oksijenin y\u00fczde 28\u2019ine yak\u0131n\u0131n\u0131 ya\u011fmur ormanlar\u0131 \u00fcretir. Bu ormanlara verilen zararlar, d\u00fcnyan\u0131n gelece\u011fini tehlikeye atmaktad\u0131r. Ya\u011fmur ormanlar\u0131 d\u00fcnyan\u0131n en zengin do\u011fal ya\u015fam alanlar\u0131d\u0131r.<span class=\"excerpt-hellip\"> [\u2026]<\/span><\/p>\n","protected":false},"featured_media":0,"template":"","meta":{"_monsterinsights_skip_tracking":false,"_monsterinsights_sitenote_active":false,"_monsterinsights_sitenote_note":"","_monsterinsights_sitenote_category":0},"product_brand":[],"product_cat":[12274,12518],"product_tag":[],"class_list":{"0":"post-689684","1":"product","2":"type-product","3":"status-publish","5":"product_cat-cocuk-ve-genclik-kitaplari","6":"product_cat-okul-oncesi-kitaplar","7":"pa_cilt-ciltsiz","8":"pa_tur-kitap","9":"pa_yayinevi-is-bankasi-kultur-yayinlari","10":"pa_yazar-tony-mitton","12":"first","13":"instock","14":"sale","15":"shipping-taxable","16":"purchasable","17":"product-type-simple"},"_links":{"self":[{"href":"https:\/\/roveyayinevi.com.tr\/index.php\/wp-json\/wp\/v2\/product\/689684","targetHints":{"allow":["GET"]}}],"collection":[{"href":"https:\/\/roveyayinevi.com.tr\/index.php\/wp-json\/wp\/v2\/product"}],"about":[{"href":"https:\/\/roveyayinevi.com.tr\/index.php\/wp-json\/wp\/v2\/types\/product"}],"wp:attachment":[{"href":"https:\/\/roveyayinevi.com.tr\/index.php\/wp-json\/wp\/v2\/media?parent=689684"}],"wp:term":[{"taxonomy":"product_brand","embeddable":true,"href":"https:\/\/roveyayinevi.com.tr\/index.php\/wp-json\/wp\/v2\/product_brand?post=689684"},{"taxonomy":"product_cat","embeddable":true,"href":"https:\/\/roveyayinevi.com.tr\/index.php\/wp-json\/wp\/v2\/product_cat?post=689684"},{"taxonomy":"product_tag","embeddable":true,"href":"https:\/\/roveyayinevi.com.tr\/index.php\/wp-json\/wp\/v2\/product_tag?post=689684"}],"curies":[{"name":"wp","href":"https:\/\/api.w.org\/{rel}","templated":true}]}}