{"id":689680,"date":"2025-08-27T13:48:02","date_gmt":"2025-08-27T10:48:02","guid":{"rendered":"https:\/\/roveyayinevi.com.tr\/index.php\/urun\/gokkusagini-goren-kopek\/"},"modified":"2026-04-16T01:59:21","modified_gmt":"2026-04-15T22:59:21","slug":"gokkusagini-goren-kopek","status":"publish","type":"product","link":"https:\/\/roveyayinevi.com.tr\/index.php\/urun\/gokkusagini-goren-kopek\/","title":{"rendered":"G\u00f6kku\u015fa\u011f\u0131n\u0131 G\u00f6ren K\u00f6pek"},"content":{"rendered":"<p>Herkesin bildi\u011fi gibi k\u00f6pekler renkleri g\u00f6remez. Ancak bir \u00e7iftlikte ya\u015fayan Toraman adl\u0131 yavru di\u011fer k\u00f6peklerden \u00e7ok farkl\u0131yd\u0131. Toraman renkleri g\u00f6rebiliyordu. Annesi ve \u00e7iftlikteki di\u011fer hayvanlar, onun renkleri g\u00f6rebildi\u011fini fark edince \u00e7ok \u015fa\u015f\u0131rd\u0131lar, ama bir s\u00fcre sonra bunun \u00e7ok faydal\u0131 bir yetenek oldu\u011funu anlad\u0131lar. Ne yaz\u0131k ki, bazen olaylar\u0131n beklenmedik sonu\u00e7lar\u0131 olur. Bu defa da \u00f6yle oldu ve bu tuhaf yetenek Toraman\u2019\u0131 zorlu bir maceraya s\u00fcr\u00fckledi. Y\u00fcre\u011finizi \u0131s\u0131tacak s\u0131cac\u0131k bir sevgi ve dostluk hik\u00e2yesi.<\/p>\n","protected":false},"excerpt":{"rendered":"<p>Herkesin bildi\u011fi gibi k\u00f6pekler renkleri g\u00f6remez. Ancak bir \u00e7iftlikte ya\u015fayan Toraman adl\u0131 yavru di\u011fer k\u00f6peklerden \u00e7ok farkl\u0131yd\u0131. Toraman renkleri g\u00f6rebiliyordu. Annesi ve \u00e7iftlikteki di\u011fer hayvanlar, onun<span class=\"excerpt-hellip\"> [\u2026]<\/span><\/p>\n","protected":false},"featured_media":0,"template":"","meta":{"_monsterinsights_skip_tracking":false,"_monsterinsights_sitenote_active":false,"_monsterinsights_sitenote_note":"","_monsterinsights_sitenote_category":0},"product_brand":[],"product_cat":[12274,12284],"product_tag":[],"class_list":{"0":"post-689680","1":"product","2":"type-product","3":"status-publish","5":"product_cat-cocuk-ve-genclik-kitaplari","6":"product_cat-hikayeler","7":"pa_cilt-ciltsiz","8":"pa_tur-kitap","9":"pa_yayinevi-is-bankasi-kultur-yayinlari","10":"pa_yazar-mustafa-yogurtcu","12":"first","13":"instock","14":"sale","15":"shipping-taxable","16":"purchasable","17":"product-type-simple"},"_links":{"self":[{"href":"https:\/\/roveyayinevi.com.tr\/index.php\/wp-json\/wp\/v2\/product\/689680","targetHints":{"allow":["GET"]}}],"collection":[{"href":"https:\/\/roveyayinevi.com.tr\/index.php\/wp-json\/wp\/v2\/product"}],"about":[{"href":"https:\/\/roveyayinevi.com.tr\/index.php\/wp-json\/wp\/v2\/types\/product"}],"wp:attachment":[{"href":"https:\/\/roveyayinevi.com.tr\/index.php\/wp-json\/wp\/v2\/media?parent=689680"}],"wp:term":[{"taxonomy":"product_brand","embeddable":true,"href":"https:\/\/roveyayinevi.com.tr\/index.php\/wp-json\/wp\/v2\/product_brand?post=689680"},{"taxonomy":"product_cat","embeddable":true,"href":"https:\/\/roveyayinevi.com.tr\/index.php\/wp-json\/wp\/v2\/product_cat?post=689680"},{"taxonomy":"product_tag","embeddable":true,"href":"https:\/\/roveyayinevi.com.tr\/index.php\/wp-json\/wp\/v2\/product_tag?post=689680"}],"curies":[{"name":"wp","href":"https:\/\/api.w.org\/{rel}","templated":true}]}}