{"id":689677,"date":"2025-08-27T13:48:01","date_gmt":"2025-08-27T10:48:01","guid":{"rendered":"https:\/\/roveyayinevi.com.tr\/index.php\/urun\/gofret-ile-babasi\/"},"modified":"2026-04-16T01:59:21","modified_gmt":"2026-04-15T22:59:21","slug":"gofret-ile-babasi","status":"publish","type":"product","link":"https:\/\/roveyayinevi.com.tr\/index.php\/urun\/gofret-ile-babasi\/","title":{"rendered":"Gofret ile Babas\u0131"},"content":{"rendered":"<p>Bu hareketli ve e\u011flenceli masal miniklere aile sevgisinin \u00f6nemini \u00f6\u011fretiyor. Babas\u0131 yiyecek aramaya gitti\u011finde, Gofret evde oturup onu beklerdi. Babas\u0131 onun g\u00fcvenli\u011fine \u00e7ok \u00f6nem veriyordu. Ancak bir sabah, evden ayr\u0131l\u0131rken \u00e7ok \u00f6nemli bir \u015fey unuttu. Gofret de unuttu\u011fu \u015feyi s\u00f6ylemek i\u00e7in babas\u0131n\u0131n pe\u015finden ko\u015fmaya ba\u015flad\u0131. Acaba bu heyecanl\u0131 macera nas\u0131l sona erecek? Ya\u015f Grubu: Bu kitab\u0131 \u00e7ocu\u011funuza 7 ya\u015f\u0131na kadar siz okuyabilirsiniz. \u00c7ocu\u011funuz okumay\u0131 \u00f6\u011frendikten sonra kendisi okuyabilir. Milli E\u011fitim Bakanl\u0131\u011f\u0131\u2019n\u0131n belirledi\u011fi yaz\u0131 tipi kullan\u0131lm\u0131\u015ft\u0131r. <\/p>\n","protected":false},"excerpt":{"rendered":"<p>Bu hareketli ve e\u011flenceli masal miniklere aile sevgisinin \u00f6nemini \u00f6\u011fretiyor. Babas\u0131 yiyecek aramaya gitti\u011finde, Gofret evde oturup onu beklerdi. Babas\u0131 onun g\u00fcvenli\u011fine \u00e7ok \u00f6nem veriyordu. Ancak<span class=\"excerpt-hellip\"> [\u2026]<\/span><\/p>\n","protected":false},"featured_media":0,"template":"","meta":{"_monsterinsights_skip_tracking":false,"_monsterinsights_sitenote_active":false,"_monsterinsights_sitenote_note":"","_monsterinsights_sitenote_category":0},"product_brand":[],"product_cat":[12913,12274],"product_tag":[],"class_list":{"0":"post-689677","1":"product","2":"type-product","3":"status-publish","5":"product_cat-3-6-yas-kitaplari","6":"product_cat-cocuk-ve-genclik-kitaplari","7":"pa_cilt-ciltsiz","8":"pa_tur-kitap","9":"pa_yayinevi-is-bankasi-kultur-yayinlari","10":"pa_yazar-rosie-reeve","12":"first","13":"instock","14":"sale","15":"shipping-taxable","16":"purchasable","17":"product-type-simple"},"_links":{"self":[{"href":"https:\/\/roveyayinevi.com.tr\/index.php\/wp-json\/wp\/v2\/product\/689677","targetHints":{"allow":["GET"]}}],"collection":[{"href":"https:\/\/roveyayinevi.com.tr\/index.php\/wp-json\/wp\/v2\/product"}],"about":[{"href":"https:\/\/roveyayinevi.com.tr\/index.php\/wp-json\/wp\/v2\/types\/product"}],"wp:attachment":[{"href":"https:\/\/roveyayinevi.com.tr\/index.php\/wp-json\/wp\/v2\/media?parent=689677"}],"wp:term":[{"taxonomy":"product_brand","embeddable":true,"href":"https:\/\/roveyayinevi.com.tr\/index.php\/wp-json\/wp\/v2\/product_brand?post=689677"},{"taxonomy":"product_cat","embeddable":true,"href":"https:\/\/roveyayinevi.com.tr\/index.php\/wp-json\/wp\/v2\/product_cat?post=689677"},{"taxonomy":"product_tag","embeddable":true,"href":"https:\/\/roveyayinevi.com.tr\/index.php\/wp-json\/wp\/v2\/product_tag?post=689677"}],"curies":[{"name":"wp","href":"https:\/\/api.w.org\/{rel}","templated":true}]}}