{"id":689676,"date":"2025-08-27T13:48:01","date_gmt":"2025-08-27T10:48:01","guid":{"rendered":"https:\/\/roveyayinevi.com.tr\/index.php\/urun\/gencler-icin-fotograflarla-nutuk\/"},"modified":"2026-04-16T01:59:21","modified_gmt":"2026-04-15T22:59:21","slug":"gencler-icin-fotograflarla-nutuk","status":"publish","type":"product","link":"https:\/\/roveyayinevi.com.tr\/index.php\/urun\/gencler-icin-fotograflarla-nutuk\/","title":{"rendered":"Gen\u00e7ler \u0130\u00e7in Foto\u011fraflarla Nutuk"},"content":{"rendered":"<p>Ey T\u00fcrk gen\u00e7li\u011fi! Birinci g\u00f6revin, T\u00fcrk ba\u011f\u0131ms\u0131zl\u0131\u011f\u0131n\u0131, T\u00fcrk Cumhuriyeti\u2019ni sonsuza kadar korumak ve savunmakt\u0131r. Varl\u0131\u011f\u0131n\u0131n ve gelece\u011finin tek temeli budur. Bu temel, senin en de\u011ferli hazinendir. Gelecekte de, seni bu hazineden yoksun b\u0131rakmak isteyecek i\u00e7 ve d\u0131\u015f d\u00fc\u015fmanlar\u0131n olacakt\u0131r. Bir g\u00fcn, ba\u011f\u0131ms\u0131zl\u0131k ve cumhuriyeti savunma zorunlulu\u011funa d\u00fc\u015fersen, g\u00f6reve at\u0131lmak i\u00e7in, i\u00e7inde bulunaca\u011f\u0131n durumun olanak ve ko\u015fullar\u0131n\u0131 d\u00fc\u015f\u00fcnmeyeceksin! Bu olanak ve ko\u015fullar \u00e7ok elveri\u015fsiz bir nitelikte g\u00f6r\u00fcnebilir. Ba\u011f\u0131ms\u0131zl\u0131k ve cumhuriyetine kastedecek d\u00fc\u015fmanlar, b\u00fct\u00fcn d\u00fcnyada benzeri g\u00f6r\u00fclmemi\u015f bir zaferin temsilcisi olabilirler. Zorla ve aldatmacayla sevgili vatan\u0131n b\u00fct\u00fcn kaleleri zaptedilmi\u015f, b\u00fct\u00fcn tersanelerine girilmi\u015f, b\u00fct\u00fcn ordular\u0131 da\u011f\u0131t\u0131lm\u0131\u015f ve \u00fclkenin her k\u00f6\u015fesi fiili olarak ele ge\u00e7irilmi\u015f olabilir. B\u00fct\u00fcn bu ko\u015fullardan daha ac\u0131kl\u0131 ve daha korkun\u00e7 olmak \u00fczere, \u00fclkenin i\u00e7inde iktidara sahip olanlar aymazl\u0131k ve sapk\u0131nl\u0131k ve hatta hainlik i\u00e7inde bulunabilirler. Hatta bu iktidar sahipleri, ki\u015fisel \u00e7\u0131karlar\u0131n\u0131 istilac\u0131lar\u0131n siyasi emelleriyle birle\u015ftirebilirler. Ulus, yoksulluk ve s\u0131k\u0131nt\u0131 i\u00e7inde yorgun ve bitkin d\u00fc\u015fm\u00fc\u015f olabilir. Ey T\u00fcrk gelece\u011finin evlad\u0131! \u0130\u015fte, bu durum ve ko\u015fullar i\u00e7inde bile g\u00f6revin, T\u00fcrk ba\u011f\u0131ms\u0131zl\u0131k ve cumhuriyetini kurtarmakt\u0131r! Muhta\u00e7 oldu\u011fun g\u00fc\u00e7, damarlar\u0131ndaki soylu kanda mevcuttur! \ufffc<\/p>\n","protected":false},"excerpt":{"rendered":"<p>Ey T\u00fcrk gen\u00e7li\u011fi! Birinci g\u00f6revin, T\u00fcrk ba\u011f\u0131ms\u0131zl\u0131\u011f\u0131n\u0131, T\u00fcrk Cumhuriyeti\u2019ni sonsuza kadar korumak ve savunmakt\u0131r. Varl\u0131\u011f\u0131n\u0131n ve gelece\u011finin tek temeli budur. Bu temel, senin en de\u011ferli hazinendir.<span class=\"excerpt-hellip\"> [\u2026]<\/span><\/p>\n","protected":false},"featured_media":0,"template":"","meta":{"_monsterinsights_skip_tracking":false,"_monsterinsights_sitenote_active":false,"_monsterinsights_sitenote_note":"","_monsterinsights_sitenote_category":0},"product_brand":[],"product_cat":[12530,12304],"product_tag":[],"class_list":{"0":"post-689676","1":"product","2":"type-product","3":"status-publish","5":"product_cat-mustafa-kemal-ataturk","6":"product_cat-tarih","7":"pa_cilt-ciltsiz","8":"pa_tur-kitap","9":"pa_yayinevi-is-bankasi-kultur-yayinlari","10":"pa_yazar-mustafa-kemal-ataturk","12":"first","13":"instock","14":"sale","15":"shipping-taxable","16":"purchasable","17":"product-type-simple"},"_links":{"self":[{"href":"https:\/\/roveyayinevi.com.tr\/index.php\/wp-json\/wp\/v2\/product\/689676","targetHints":{"allow":["GET"]}}],"collection":[{"href":"https:\/\/roveyayinevi.com.tr\/index.php\/wp-json\/wp\/v2\/product"}],"about":[{"href":"https:\/\/roveyayinevi.com.tr\/index.php\/wp-json\/wp\/v2\/types\/product"}],"wp:attachment":[{"href":"https:\/\/roveyayinevi.com.tr\/index.php\/wp-json\/wp\/v2\/media?parent=689676"}],"wp:term":[{"taxonomy":"product_brand","embeddable":true,"href":"https:\/\/roveyayinevi.com.tr\/index.php\/wp-json\/wp\/v2\/product_brand?post=689676"},{"taxonomy":"product_cat","embeddable":true,"href":"https:\/\/roveyayinevi.com.tr\/index.php\/wp-json\/wp\/v2\/product_cat?post=689676"},{"taxonomy":"product_tag","embeddable":true,"href":"https:\/\/roveyayinevi.com.tr\/index.php\/wp-json\/wp\/v2\/product_tag?post=689676"}],"curies":[{"name":"wp","href":"https:\/\/api.w.org\/{rel}","templated":true}]}}