{"id":689674,"date":"2025-08-27T13:48:00","date_gmt":"2025-08-27T10:48:00","guid":{"rendered":"https:\/\/roveyayinevi.com.tr\/index.php\/urun\/hamlet\/"},"modified":"2026-04-16T01:59:21","modified_gmt":"2026-04-15T22:59:21","slug":"hamlet","status":"publish","type":"product","link":"https:\/\/roveyayinevi.com.tr\/index.php\/urun\/hamlet\/","title":{"rendered":"Hamlet"},"content":{"rendered":"<p>William Shakespeare (1564-1616): Oyunlar\u0131 ve \u015fiirlerinde insanl\u0131k durumlar\u0131n\u0131 dile getiri\u015f g\u00fcc\u00fcyle yakla\u015f\u0131k 400 y\u0131ld\u0131r b\u00fct\u00fcn d\u00fcnya okur ve seyircilerini etkilemeyi s\u00fcrd\u00fcren efsanevi yazar, Hamlet\u2019de a\u015fk, akrabal\u0131k ve iktidar ili\u015fkileri ile intikam arzusunu birbirini izleyen cinayetlerin \u00f6rg\u00fcs\u00fcnde ele al\u0131r. Kayna\u011f\u0131 eski kuzey masallar\u0131na kadar uzanan bu tragedya sadece Shakespeare\u2019in de\u011fil, d\u00fcnya tiyatro tarihinine en tan\u0131nm\u0131\u015f eserlerindendir. \u00dczerine binlerce kitap yaz\u0131lan Hamlet, \u00e7a\u011f\u0131m\u0131zda en \u00e7ok sahneye konulan oyunlardan biri olmu\u015ftur.<\/p>\n","protected":false},"excerpt":{"rendered":"<p>William Shakespeare (1564-1616): Oyunlar\u0131 ve \u015fiirlerinde insanl\u0131k durumlar\u0131n\u0131 dile getiri\u015f g\u00fcc\u00fcyle yakla\u015f\u0131k 400 y\u0131ld\u0131r b\u00fct\u00fcn d\u00fcnya okur ve seyircilerini etkilemeyi s\u00fcrd\u00fcren efsanevi yazar, Hamlet\u2019de a\u015fk, akrabal\u0131k<span class=\"excerpt-hellip\"> [\u2026]<\/span><\/p>\n","protected":false},"featured_media":0,"template":"","meta":{"_monsterinsights_skip_tracking":false,"_monsterinsights_sitenote_active":false,"_monsterinsights_sitenote_note":"","_monsterinsights_sitenote_category":0},"product_brand":[],"product_cat":[12291,14272],"product_tag":[],"class_list":{"0":"post-689674","1":"product","2":"type-product","3":"status-publish","5":"product_cat-edebiyat","6":"product_cat-tiyatro","7":"pa_cilt-ciltsiz","8":"pa_tur-kitap","9":"pa_yayinevi-is-bankasi-kultur-yayinlari","10":"pa_yazar-william-shakespeare","12":"first","13":"instock","14":"sale","15":"shipping-taxable","16":"purchasable","17":"product-type-simple"},"_links":{"self":[{"href":"https:\/\/roveyayinevi.com.tr\/index.php\/wp-json\/wp\/v2\/product\/689674","targetHints":{"allow":["GET"]}}],"collection":[{"href":"https:\/\/roveyayinevi.com.tr\/index.php\/wp-json\/wp\/v2\/product"}],"about":[{"href":"https:\/\/roveyayinevi.com.tr\/index.php\/wp-json\/wp\/v2\/types\/product"}],"wp:attachment":[{"href":"https:\/\/roveyayinevi.com.tr\/index.php\/wp-json\/wp\/v2\/media?parent=689674"}],"wp:term":[{"taxonomy":"product_brand","embeddable":true,"href":"https:\/\/roveyayinevi.com.tr\/index.php\/wp-json\/wp\/v2\/product_brand?post=689674"},{"taxonomy":"product_cat","embeddable":true,"href":"https:\/\/roveyayinevi.com.tr\/index.php\/wp-json\/wp\/v2\/product_cat?post=689674"},{"taxonomy":"product_tag","embeddable":true,"href":"https:\/\/roveyayinevi.com.tr\/index.php\/wp-json\/wp\/v2\/product_tag?post=689674"}],"curies":[{"name":"wp","href":"https:\/\/api.w.org\/{rel}","templated":true}]}}