{"id":689671,"date":"2025-08-27T13:48:00","date_gmt":"2025-08-27T10:48:00","guid":{"rendered":"https:\/\/roveyayinevi.com.tr\/index.php\/urun\/guvercinin-kanatlari\/"},"modified":"2026-04-16T01:59:21","modified_gmt":"2026-04-15T22:59:21","slug":"guvercinin-kanatlari","status":"publish","type":"product","link":"https:\/\/roveyayinevi.com.tr\/index.php\/urun\/guvercinin-kanatlari\/","title":{"rendered":"G\u00fcvercinin Kanatlar\u0131"},"content":{"rendered":"<p>Henry James (1843-1916): Eserlerinde Amerika ile Avrupa aras\u0131ndaki ya\u015fam anlay\u0131\u015f\u0131 ve k\u00fclt\u00fcr farkl\u0131l\u0131klar\u0131n\u0131 sars\u0131c\u0131 bir g\u00f6zlem g\u00fcc\u00fc ve derinlikle i\u015fledi. Gen\u00e7 ya\u015f\u0131nda Amerikan edebiyat\u0131n\u0131n en tan\u0131nm\u0131\u015f yazarlar\u0131ndan biri olan Henry James, 1875\u2019ten itibaren Avrupa\u2019da ya\u015fad\u0131 ve bu d\u00f6nemde ya\u015fam\u0131n\u0131n b\u00fcy\u00fck bir b\u00f6l\u00fcm\u00fcn\u00fc \u0130ngiltere\u2019de ge\u00e7irdi. \u00d6l\u00fcm\u00fcnden k\u0131sa bir s\u00fcre \u00f6nce, 1915\u2019te \u0130ngiliz uyru\u011funa ge\u00e7ti. 1878\u2019de Daisy Miller ile uluslararas\u0131 \u00fcne kavu\u015fan yazar, olaylardan \u00e7ok ki\u015filerin i\u00e7sel ya\u015fam\u0131na ve zihinsel s\u00fcre\u00e7lere \u00f6nem verdi. 1902\u2019de yay\u0131mlanan G\u00fcvercinin Kanatlar\u0131 Henry James\u2019in son d\u00f6nem romanlar\u0131ndand\u0131r ve 20. y\u00fczy\u0131l romanc\u0131l\u0131\u011f\u0131n\u0131n \u00f6n\u00fcn\u00fc a\u00e7an ba\u015fl\u0131ca eserlerden biri say\u0131l\u0131r. \ufffcTan\u0131t\u0131m Metni<\/p>\n","protected":false},"excerpt":{"rendered":"<p>Henry James (1843-1916): Eserlerinde Amerika ile Avrupa aras\u0131ndaki ya\u015fam anlay\u0131\u015f\u0131 ve k\u00fclt\u00fcr farkl\u0131l\u0131klar\u0131n\u0131 sars\u0131c\u0131 bir g\u00f6zlem g\u00fcc\u00fc ve derinlikle i\u015fledi. Gen\u00e7 ya\u015f\u0131nda Amerikan edebiyat\u0131n\u0131n en tan\u0131nm\u0131\u015f<span class=\"excerpt-hellip\"> [\u2026]<\/span><\/p>\n","protected":false},"featured_media":0,"template":"","meta":{"_monsterinsights_skip_tracking":false,"_monsterinsights_sitenote_active":false,"_monsterinsights_sitenote_note":"","_monsterinsights_sitenote_category":0},"product_brand":[],"product_cat":[12291,12866],"product_tag":[],"class_list":{"0":"post-689671","1":"product","2":"type-product","3":"status-publish","5":"product_cat-edebiyat","6":"product_cat-ingiliz-edebiyati","7":"pa_cilt-ciltsiz","8":"pa_tur-kitap","9":"pa_yayinevi-is-bankasi-kultur-yayinlari","10":"pa_yazar-henry-james","12":"first","13":"instock","14":"sale","15":"shipping-taxable","16":"purchasable","17":"product-type-simple"},"_links":{"self":[{"href":"https:\/\/roveyayinevi.com.tr\/index.php\/wp-json\/wp\/v2\/product\/689671","targetHints":{"allow":["GET"]}}],"collection":[{"href":"https:\/\/roveyayinevi.com.tr\/index.php\/wp-json\/wp\/v2\/product"}],"about":[{"href":"https:\/\/roveyayinevi.com.tr\/index.php\/wp-json\/wp\/v2\/types\/product"}],"wp:attachment":[{"href":"https:\/\/roveyayinevi.com.tr\/index.php\/wp-json\/wp\/v2\/media?parent=689671"}],"wp:term":[{"taxonomy":"product_brand","embeddable":true,"href":"https:\/\/roveyayinevi.com.tr\/index.php\/wp-json\/wp\/v2\/product_brand?post=689671"},{"taxonomy":"product_cat","embeddable":true,"href":"https:\/\/roveyayinevi.com.tr\/index.php\/wp-json\/wp\/v2\/product_cat?post=689671"},{"taxonomy":"product_tag","embeddable":true,"href":"https:\/\/roveyayinevi.com.tr\/index.php\/wp-json\/wp\/v2\/product_tag?post=689671"}],"curies":[{"name":"wp","href":"https:\/\/api.w.org\/{rel}","templated":true}]}}