{"id":689670,"date":"2025-08-27T13:48:00","date_gmt":"2025-08-27T10:48:00","guid":{"rendered":"https:\/\/roveyayinevi.com.tr\/index.php\/urun\/gulsen-i-raz\/"},"modified":"2026-04-16T01:59:21","modified_gmt":"2026-04-15T22:59:21","slug":"gulsen-i-raz","status":"publish","type":"product","link":"https:\/\/roveyayinevi.com.tr\/index.php\/urun\/gulsen-i-raz\/","title":{"rendered":"G\u00fcl\u015fen-i Raz"},"content":{"rendered":"<p>Mahmud-\u0131 \u015eeb\u00fcsteri (y. 1250 &#8211; y. 1325): Tebriz yak\u0131nlar\u0131nda \u015eeb\u00fcster\u2019de do\u011fdu. \u015eam, Hicaz ve M\u0131s\u0131r\u2019da ya\u015fad\u0131. Mo\u011fol istilas\u0131 s\u0131ras\u0131nda farkl\u0131 dinlerden temsilcilerin Mo\u011fol imparatorunun deste\u011fini kazanmak i\u00e7in giri\u015ftikleri m\u00fccadeleye tan\u0131k oldu, dini ve felsefi tart\u0131\u015fmalardan etkilendi. 1311-1317 y\u0131llar\u0131 aras\u0131nda yaz\u0131ld\u0131\u011f\u0131 tahmin edilen G\u00fcl\u015fen-i R\u00e2z\u2019\u0131 Horasan Emiri Seyyid Huseyn\u00ee\u2019nin sorular\u0131na cevap olarak mesnevi bi\u00e7iminde kaleme ald\u0131. G\u00fcl\u015fen-i R\u00e2z 18. y\u00fczy\u0131ldan ba\u015flayarak \u00e7e\u015fitli Avrupa dillerine \u00e7evrildi, tasavvuf konusunda ba\u015fl\u0131ca kaynaklar aras\u0131nda yer ald\u0131. Ald\u00fclb\u00e2ki G\u00f6lp\u0131narl\u0131 (1900-1982); 20. y\u00fczy\u0131lda \u00fclkemizin yeti\u015ftirdi\u011fi en \u00f6nemli edebiyat tarih\u00e7ilerinden ve (\u015farkiyat) do\u011fubilimcilerindendir. Hasan \u00c2li Y\u00fccel&#8217;in MEB Klasikleri&#8217;nden 1980&#8217;lere, divan, tasavvuf ve halk edebiyat\u0131m\u0131zdan yapt\u0131\u011f\u0131 temel yap\u0131t \u00e7evirileri ve incelemeleriyle de k\u00fclt\u00fcr hayat\u0131m\u0131zda unutulmaz bir iz b\u0131rakan G\u00f6lp\u0131narl\u0131&#8217;n\u0131n say\u0131s\u0131z eseri aras\u0131nda, Mevl\u00e2na K\u00fclliyat\u0131, Fuzul\u00ee, Nedim ve Yunus Emre d\u00eevanlar\u0131 da vard\u0131r. \ufffcTan\u0131t\u0131m Metni<\/p>\n","protected":false},"excerpt":{"rendered":"<p>Mahmud-\u0131 \u015eeb\u00fcsteri (y. 1250 &#8211; y. 1325): Tebriz yak\u0131nlar\u0131nda \u015eeb\u00fcster\u2019de do\u011fdu. \u015eam, Hicaz ve M\u0131s\u0131r\u2019da ya\u015fad\u0131. Mo\u011fol istilas\u0131 s\u0131ras\u0131nda farkl\u0131 dinlerden temsilcilerin Mo\u011fol imparatorunun deste\u011fini kazanmak<span class=\"excerpt-hellip\"> [\u2026]<\/span><\/p>\n","protected":false},"featured_media":0,"template":"","meta":{"_monsterinsights_skip_tracking":false,"_monsterinsights_sitenote_active":false,"_monsterinsights_sitenote_note":"","_monsterinsights_sitenote_category":0},"product_brand":[],"product_cat":[12718,12719,15238],"product_tag":[],"class_list":{"0":"post-689670","1":"product","2":"type-product","3":"status-publish","5":"product_cat-din","6":"product_cat-islam","7":"product_cat-tasavvuf","8":"pa_cilt-ciltsiz","9":"pa_tur-kitap","10":"pa_yayinevi-is-bankasi-kultur-yayinlari","11":"pa_yazar-mahmud-i-sebusteri","13":"first","14":"instock","15":"sale","16":"shipping-taxable","17":"purchasable","18":"product-type-simple"},"_links":{"self":[{"href":"https:\/\/roveyayinevi.com.tr\/index.php\/wp-json\/wp\/v2\/product\/689670","targetHints":{"allow":["GET"]}}],"collection":[{"href":"https:\/\/roveyayinevi.com.tr\/index.php\/wp-json\/wp\/v2\/product"}],"about":[{"href":"https:\/\/roveyayinevi.com.tr\/index.php\/wp-json\/wp\/v2\/types\/product"}],"wp:attachment":[{"href":"https:\/\/roveyayinevi.com.tr\/index.php\/wp-json\/wp\/v2\/media?parent=689670"}],"wp:term":[{"taxonomy":"product_brand","embeddable":true,"href":"https:\/\/roveyayinevi.com.tr\/index.php\/wp-json\/wp\/v2\/product_brand?post=689670"},{"taxonomy":"product_cat","embeddable":true,"href":"https:\/\/roveyayinevi.com.tr\/index.php\/wp-json\/wp\/v2\/product_cat?post=689670"},{"taxonomy":"product_tag","embeddable":true,"href":"https:\/\/roveyayinevi.com.tr\/index.php\/wp-json\/wp\/v2\/product_tag?post=689670"}],"curies":[{"name":"wp","href":"https:\/\/api.w.org\/{rel}","templated":true}]}}