{"id":689668,"date":"2025-08-27T13:47:59","date_gmt":"2025-08-27T10:47:59","guid":{"rendered":"https:\/\/roveyayinevi.com.tr\/index.php\/urun\/guzel-dost\/"},"modified":"2026-04-16T01:59:21","modified_gmt":"2026-04-15T22:59:21","slug":"guzel-dost","status":"publish","type":"product","link":"https:\/\/roveyayinevi.com.tr\/index.php\/urun\/guzel-dost\/","title":{"rendered":"G\u00fczel Dost"},"content":{"rendered":"<p>Guy de Maupassant (1850-1893): Tolstoy\u2019un, &#8230;say\u0131lar\u0131 az olmakla birlikte, Maupassant gibi bir ba\u015fka t\u00fcr insan daha vard\u0131r ki, bunlar her \u015feyi kendi g\u00f6zleriyle, i\u00e7erdi\u011fi \u00f6nem ve anlam\u0131yla, oldu\u011fu gibi g\u00f6r\u00fcrler s\u00f6zleriyle and\u0131\u011f\u0131 yazar, k\u0131rk \u00fc\u00e7 y\u0131ll\u0131k k\u0131sa \u00f6mr\u00fcne pek \u00e7ok roman, \u00f6yk\u00fc, deneme ve tiyatro oyunu s\u0131\u011fd\u0131rd\u0131. Yazar\u0131n ikinci roman\u0131 olan G\u00fczel Dost 1885 y\u0131l\u0131nda yay\u0131mland\u0131\u011f\u0131nda geni\u015f yank\u0131 uyand\u0131rm\u0131\u015ft\u0131r. Roman\u0131n kahraman\u0131 Georges Duroy\u2019n\u0131n muhabirlikle ba\u015flayan, u\u011fruna her t\u00fcr ahlaks\u0131zl\u0131\u011f\u0131 mubah g\u00f6rd\u00fc\u011f\u00fc g\u00fc\u00e7 sahibi olma ser\u00fcvenini olanca yal\u0131nl\u0131\u011f\u0131 ve \u00e7arp\u0131c\u0131l\u0131\u011f\u0131yla \u00f6yk\u00fclerken, zengin gazetecilik tecr\u00fcbesinin de epeyce faydas\u0131n\u0131 g\u00f6rm\u00fc\u015ft\u00fcr. \ufffcTan\u0131t\u0131m Metni<\/p>\n","protected":false},"excerpt":{"rendered":"<p>Guy de Maupassant (1850-1893): Tolstoy\u2019un, &#8230;say\u0131lar\u0131 az olmakla birlikte, Maupassant gibi bir ba\u015fka t\u00fcr insan daha vard\u0131r ki, bunlar her \u015feyi kendi g\u00f6zleriyle, i\u00e7erdi\u011fi \u00f6nem ve<span class=\"excerpt-hellip\"> [\u2026]<\/span><\/p>\n","protected":false},"featured_media":0,"template":"","meta":{"_monsterinsights_skip_tracking":false,"_monsterinsights_sitenote_active":false,"_monsterinsights_sitenote_note":"","_monsterinsights_sitenote_category":0},"product_brand":[],"product_cat":[12291,13376],"product_tag":[],"class_list":{"0":"post-689668","1":"product","2":"type-product","3":"status-publish","5":"product_cat-edebiyat","6":"product_cat-fransiz-edebiyati","7":"pa_cilt-ciltsiz","8":"pa_tur-kitap","9":"pa_yayinevi-is-bankasi-kultur-yayinlari","10":"pa_yazar-guy-de-maupassant","12":"first","13":"instock","14":"sale","15":"shipping-taxable","16":"purchasable","17":"product-type-simple"},"_links":{"self":[{"href":"https:\/\/roveyayinevi.com.tr\/index.php\/wp-json\/wp\/v2\/product\/689668","targetHints":{"allow":["GET"]}}],"collection":[{"href":"https:\/\/roveyayinevi.com.tr\/index.php\/wp-json\/wp\/v2\/product"}],"about":[{"href":"https:\/\/roveyayinevi.com.tr\/index.php\/wp-json\/wp\/v2\/types\/product"}],"wp:attachment":[{"href":"https:\/\/roveyayinevi.com.tr\/index.php\/wp-json\/wp\/v2\/media?parent=689668"}],"wp:term":[{"taxonomy":"product_brand","embeddable":true,"href":"https:\/\/roveyayinevi.com.tr\/index.php\/wp-json\/wp\/v2\/product_brand?post=689668"},{"taxonomy":"product_cat","embeddable":true,"href":"https:\/\/roveyayinevi.com.tr\/index.php\/wp-json\/wp\/v2\/product_cat?post=689668"},{"taxonomy":"product_tag","embeddable":true,"href":"https:\/\/roveyayinevi.com.tr\/index.php\/wp-json\/wp\/v2\/product_tag?post=689668"}],"curies":[{"name":"wp","href":"https:\/\/api.w.org\/{rel}","templated":true}]}}