{"id":689666,"date":"2025-08-27T13:47:59","date_gmt":"2025-08-27T10:47:59","guid":{"rendered":"https:\/\/roveyayinevi.com.tr\/index.php\/urun\/gundelik-bilim-ilk-bilim-kutuphanem\/"},"modified":"2026-04-16T01:59:21","modified_gmt":"2026-04-15T22:59:21","slug":"gundelik-bilim-ilk-bilim-kutuphanem","status":"publish","type":"product","link":"https:\/\/roveyayinevi.com.tr\/index.php\/urun\/gundelik-bilim-ilk-bilim-kutuphanem\/","title":{"rendered":"G\u00fcndelik Bilim &#8211; \u0130lk Bilim K\u00fct\u00fcphanem"},"content":{"rendered":"<p>Bilim, d\u00fcnyam\u0131z\u0131n i\u015fleyi\u015f prensiplerini ara\u015ft\u0131r\u0131r. Bilim adamlar\u0131 g\u00f6ky\u00fcz\u00fcn\u00fcn neden mavi oldu\u011fu, hayvanlar\u0131n h\u00fccrelerinin nas\u0131l \u00e7al\u0131\u015ft\u0131\u011f\u0131 ya da evrenin ne kadar b\u00fcy\u00fck oldu\u011fu gibi sorulara yan\u0131t bulabilmek i\u00e7in \u00e7al\u0131\u015f\u0131r. G\u00fcn\u00fcm\u00fczde bilimsel geli\u015fmeler o kadar h\u0131zland\u0131 ki, neredeyse her g\u00fcn yeni ke\u015fi\u015fer ve bulu\u015flar yap\u0131l\u0131yor. Ancak h\u00e2l\u00e2 cevab\u0131 bulunamam\u0131\u015f milyonlarca soru var. Bu zor sorulara ge\u00e7meden \u00f6nce i\u015fe ba\u015ftan ba\u015flamaya ve bilimin temel ad\u0131mlar\u0131n\u0131 \u00f6\u011frenmeye ne dersiniz?<\/p>\n","protected":false},"excerpt":{"rendered":"<p>Bilim, d\u00fcnyam\u0131z\u0131n i\u015fleyi\u015f prensiplerini ara\u015ft\u0131r\u0131r. Bilim adamlar\u0131 g\u00f6ky\u00fcz\u00fcn\u00fcn neden mavi oldu\u011fu, hayvanlar\u0131n h\u00fccrelerinin nas\u0131l \u00e7al\u0131\u015ft\u0131\u011f\u0131 ya da evrenin ne kadar b\u00fcy\u00fck oldu\u011fu gibi sorulara yan\u0131t bulabilmek<span class=\"excerpt-hellip\"> [\u2026]<\/span><\/p>\n","protected":false},"featured_media":0,"template":"","meta":{"_monsterinsights_skip_tracking":false,"_monsterinsights_sitenote_active":false,"_monsterinsights_sitenote_note":"","_monsterinsights_sitenote_category":0},"product_brand":[],"product_cat":[12274,12284],"product_tag":[],"class_list":{"0":"post-689666","1":"product","2":"type-product","3":"status-publish","5":"product_cat-cocuk-ve-genclik-kitaplari","6":"product_cat-hikayeler","7":"pa_cilt-ciltsiz","8":"pa_tur-kitap","9":"pa_yayinevi-is-bankasi-kultur-yayinlari","10":"pa_yazar-kolektif","12":"first","13":"instock","14":"sale","15":"shipping-taxable","16":"purchasable","17":"product-type-simple"},"_links":{"self":[{"href":"https:\/\/roveyayinevi.com.tr\/index.php\/wp-json\/wp\/v2\/product\/689666","targetHints":{"allow":["GET"]}}],"collection":[{"href":"https:\/\/roveyayinevi.com.tr\/index.php\/wp-json\/wp\/v2\/product"}],"about":[{"href":"https:\/\/roveyayinevi.com.tr\/index.php\/wp-json\/wp\/v2\/types\/product"}],"wp:attachment":[{"href":"https:\/\/roveyayinevi.com.tr\/index.php\/wp-json\/wp\/v2\/media?parent=689666"}],"wp:term":[{"taxonomy":"product_brand","embeddable":true,"href":"https:\/\/roveyayinevi.com.tr\/index.php\/wp-json\/wp\/v2\/product_brand?post=689666"},{"taxonomy":"product_cat","embeddable":true,"href":"https:\/\/roveyayinevi.com.tr\/index.php\/wp-json\/wp\/v2\/product_cat?post=689666"},{"taxonomy":"product_tag","embeddable":true,"href":"https:\/\/roveyayinevi.com.tr\/index.php\/wp-json\/wp\/v2\/product_tag?post=689666"}],"curies":[{"name":"wp","href":"https:\/\/api.w.org\/{rel}","templated":true}]}}