{"id":689664,"date":"2025-08-27T13:47:59","date_gmt":"2025-08-27T10:47:59","guid":{"rendered":"https:\/\/roveyayinevi.com.tr\/index.php\/urun\/esekarilari-kadinlar-savasi-ve-diger-oyunlar\/"},"modified":"2026-04-16T01:59:21","modified_gmt":"2026-04-15T22:59:21","slug":"esekarilari-kadinlar-savasi-ve-diger-oyunlar","status":"publish","type":"product","link":"https:\/\/roveyayinevi.com.tr\/index.php\/urun\/esekarilari-kadinlar-savasi-ve-diger-oyunlar\/","title":{"rendered":"E\u015fekar\u0131lar\u0131, Kad\u0131nlar Sava\u015f\u0131 ve Di\u011fer Oyunlar"},"content":{"rendered":"<p>Aristophanes (M.\u00d6. 450?-M.\u00d6. 388?): Ya\u015fam\u0131 hakk\u0131nda hemen hi\u00e7bir \u015fey bilinmeyen, yazd\u0131\u011f\u0131 k\u0131rk kadar oyundan g\u00fcn\u00fcm\u00fcze ula\u015fan on bir tanesiyle kenti Atina\u2019dan yola \u00e7\u0131karak, \u00e7a\u011f\u0131n\u0131n tan\u0131kl\u0131\u011f\u0131yla komedya sanat\u0131n\u0131n t\u00fcm inceliklerini bulu\u015fturabilmi\u015f ger\u00e7ek bir tiyatro atas\u0131d\u0131r. E\u015fekar\u0131lar\u0131, Ku\u015flar ve Bar\u0131\u015f Oyunlar\u0131 olarak da adland\u0131r\u0131lan Bar\u0131\u015f, K\u00f6m\u00fcrc\u00fcler ve Kad\u0131nlar Sava\u015f\u0131 da yazar\u0131n, kendinden sonraki t\u00fcm \u00e7a\u011flar\u0131n seyirci ve oyun yazarlar\u0131n\u0131 neden etkilemeyi s\u00fcrd\u00fcrd\u00fc\u011f\u00fcn\u00fcn en iyi kan\u0131tlar\u0131d\u0131r. \ufffcTan\u0131t\u0131m Metni<\/p>\n","protected":false},"excerpt":{"rendered":"<p>Aristophanes (M.\u00d6. 450?-M.\u00d6. 388?): Ya\u015fam\u0131 hakk\u0131nda hemen hi\u00e7bir \u015fey bilinmeyen, yazd\u0131\u011f\u0131 k\u0131rk kadar oyundan g\u00fcn\u00fcm\u00fcze ula\u015fan on bir tanesiyle kenti Atina\u2019dan yola \u00e7\u0131karak, \u00e7a\u011f\u0131n\u0131n tan\u0131kl\u0131\u011f\u0131yla komedya<span class=\"excerpt-hellip\"> [\u2026]<\/span><\/p>\n","protected":false},"featured_media":0,"template":"","meta":{"_monsterinsights_skip_tracking":false,"_monsterinsights_sitenote_active":false,"_monsterinsights_sitenote_note":"","_monsterinsights_sitenote_category":0},"product_brand":[],"product_cat":[12291,14272],"product_tag":[],"class_list":{"0":"post-689664","1":"product","2":"type-product","3":"status-publish","5":"product_cat-edebiyat","6":"product_cat-tiyatro","7":"pa_cilt-ciltli","8":"pa_tur-kitap","9":"pa_yayinevi-is-bankasi-kultur-yayinlari","10":"pa_yazar-aristophanes","12":"first","13":"instock","14":"sale","15":"shipping-taxable","16":"purchasable","17":"product-type-simple"},"_links":{"self":[{"href":"https:\/\/roveyayinevi.com.tr\/index.php\/wp-json\/wp\/v2\/product\/689664","targetHints":{"allow":["GET"]}}],"collection":[{"href":"https:\/\/roveyayinevi.com.tr\/index.php\/wp-json\/wp\/v2\/product"}],"about":[{"href":"https:\/\/roveyayinevi.com.tr\/index.php\/wp-json\/wp\/v2\/types\/product"}],"wp:attachment":[{"href":"https:\/\/roveyayinevi.com.tr\/index.php\/wp-json\/wp\/v2\/media?parent=689664"}],"wp:term":[{"taxonomy":"product_brand","embeddable":true,"href":"https:\/\/roveyayinevi.com.tr\/index.php\/wp-json\/wp\/v2\/product_brand?post=689664"},{"taxonomy":"product_cat","embeddable":true,"href":"https:\/\/roveyayinevi.com.tr\/index.php\/wp-json\/wp\/v2\/product_cat?post=689664"},{"taxonomy":"product_tag","embeddable":true,"href":"https:\/\/roveyayinevi.com.tr\/index.php\/wp-json\/wp\/v2\/product_tag?post=689664"}],"curies":[{"name":"wp","href":"https:\/\/api.w.org\/{rel}","templated":true}]}}