{"id":689662,"date":"2025-08-27T13:47:58","date_gmt":"2025-08-27T10:47:58","guid":{"rendered":"https:\/\/roveyayinevi.com.tr\/index.php\/urun\/goksel-kurelerin-devinimleri-uzerine\/"},"modified":"2026-04-16T01:59:21","modified_gmt":"2026-04-15T22:59:21","slug":"goksel-kurelerin-devinimleri-uzerine","status":"publish","type":"product","link":"https:\/\/roveyayinevi.com.tr\/index.php\/urun\/goksel-kurelerin-devinimleri-uzerine\/","title":{"rendered":"G\u00f6ksel K\u00fcrelerin Devinimleri \u00dczerine"},"content":{"rendered":"<p>Nicolaus Copernicus (1473-1543), Polonya&#8217;da Torun&#8217;da do\u011fdu. Teolojinin yan\u0131 s\u0131ra matematik ve astronomi ile ilgilendi. Bir s\u00fcre \u0130talya&#8217;da tan\u0131nm\u0131\u015f g\u00f6kbilimcilerden ders ald\u0131, Domenico Maria Novara da Ferrara ile \u00e7al\u0131\u015ft\u0131. Aristoteles&#8217;in orta\u00e7a\u011fa egemen olan Evren ve D\u00fcnya g\u00f6r\u00fc\u015f\u00fcn\u00fcn tersini savundu. En \u00f6nemli eseri G\u00f6ksel K\u00fcrelerin Devinimleri \u00dczerine 1543 y\u0131l\u0131nda yay\u0131mland\u0131. Ptolemaeus&#8217;un D\u00fcnya merkezli modeline kar\u015f\u0131 G\u00fcne\u015f merkezli yeni bir model sundu. Eski\u00e7a\u011f astronomi ve kozmoloji gelene\u011finin i\u00e7inde yer alan Copernicus ileri s\u00fcrd\u00fc\u011f\u00fc g\u00f6r\u00fc\u015flerle modern astronominin kurucusu olarak kabul edildi. <\/p>\n","protected":false},"excerpt":{"rendered":"<p>Nicolaus Copernicus (1473-1543), Polonya&#8217;da Torun&#8217;da do\u011fdu. Teolojinin yan\u0131 s\u0131ra matematik ve astronomi ile ilgilendi. Bir s\u00fcre \u0130talya&#8217;da tan\u0131nm\u0131\u015f g\u00f6kbilimcilerden ders ald\u0131, Domenico Maria Novara da Ferrara<span class=\"excerpt-hellip\"> [\u2026]<\/span><\/p>\n","protected":false},"featured_media":0,"template":"","meta":{"_monsterinsights_skip_tracking":false,"_monsterinsights_sitenote_active":false,"_monsterinsights_sitenote_note":"","_monsterinsights_sitenote_category":0},"product_brand":[],"product_cat":[12364],"product_tag":[],"class_list":{"0":"post-689662","1":"product","2":"type-product","3":"status-publish","5":"product_cat-genel-konular","6":"pa_cilt-ciltsiz","7":"pa_tur-kitap","8":"pa_yayinevi-is-bankasi-kultur-yayinlari","9":"pa_yazar-nicolaus-copernicus","11":"first","12":"instock","13":"sale","14":"shipping-taxable","15":"purchasable","16":"product-type-simple"},"_links":{"self":[{"href":"https:\/\/roveyayinevi.com.tr\/index.php\/wp-json\/wp\/v2\/product\/689662","targetHints":{"allow":["GET"]}}],"collection":[{"href":"https:\/\/roveyayinevi.com.tr\/index.php\/wp-json\/wp\/v2\/product"}],"about":[{"href":"https:\/\/roveyayinevi.com.tr\/index.php\/wp-json\/wp\/v2\/types\/product"}],"wp:attachment":[{"href":"https:\/\/roveyayinevi.com.tr\/index.php\/wp-json\/wp\/v2\/media?parent=689662"}],"wp:term":[{"taxonomy":"product_brand","embeddable":true,"href":"https:\/\/roveyayinevi.com.tr\/index.php\/wp-json\/wp\/v2\/product_brand?post=689662"},{"taxonomy":"product_cat","embeddable":true,"href":"https:\/\/roveyayinevi.com.tr\/index.php\/wp-json\/wp\/v2\/product_cat?post=689662"},{"taxonomy":"product_tag","embeddable":true,"href":"https:\/\/roveyayinevi.com.tr\/index.php\/wp-json\/wp\/v2\/product_tag?post=689662"}],"curies":[{"name":"wp","href":"https:\/\/api.w.org\/{rel}","templated":true}]}}