{"id":689661,"date":"2025-08-27T13:47:58","date_gmt":"2025-08-27T10:47:58","guid":{"rendered":"https:\/\/roveyayinevi.com.tr\/index.php\/urun\/gorgias\/"},"modified":"2026-04-16T01:59:21","modified_gmt":"2026-04-15T22:59:21","slug":"gorgias","status":"publish","type":"product","link":"https:\/\/roveyayinevi.com.tr\/index.php\/urun\/gorgias\/","title":{"rendered":"Gorgias"},"content":{"rendered":"<p>Platon ( \u0130\u00d6 yakla\u015f\u0131k 428\/7-\u0130\u00d6 yakla\u015f\u0131k 348\/7 ): Bug\u00fcnk\u00fc \u00fcniversitenin atas\u0131 say\u0131lan Akademia&#8217;n\u0131n kurucusudur ve hocas\u0131 Sokrates&#8217;i konu\u015fturdu\u011fu diyaloglar la felsefeyi yaz\u0131ya en iyi aktarm\u0131\u015f ustalardan biridir. Gorgias ise, Platon&#8217;un siyaset dahil, etkili s\u00f6z s\u00f6yleme sanat\u0131 \u00fczerine enine boyuna durdu\u011fu en \u00f6nemli diyaloglar\u0131ndan biri olarak kabul edilir.<\/p>\n","protected":false},"excerpt":{"rendered":"<p>Platon ( \u0130\u00d6 yakla\u015f\u0131k 428\/7-\u0130\u00d6 yakla\u015f\u0131k 348\/7 ): Bug\u00fcnk\u00fc \u00fcniversitenin atas\u0131 say\u0131lan Akademia&#8217;n\u0131n kurucusudur ve hocas\u0131 Sokrates&#8217;i konu\u015fturdu\u011fu diyaloglar la felsefeyi yaz\u0131ya en iyi aktarm\u0131\u015f ustalardan<span class=\"excerpt-hellip\"> [\u2026]<\/span><\/p>\n","protected":false},"featured_media":0,"template":"","meta":{"_monsterinsights_skip_tracking":false,"_monsterinsights_sitenote_active":false,"_monsterinsights_sitenote_note":"","_monsterinsights_sitenote_category":0},"product_brand":[],"product_cat":[12312,12304],"product_tag":[],"class_list":{"0":"post-689661","1":"product","2":"type-product","3":"status-publish","5":"product_cat-diger","6":"product_cat-tarih","7":"pa_cilt-ciltsiz","8":"pa_tur-kitap","9":"pa_yayinevi-is-bankasi-kultur-yayinlari","10":"pa_yazar-platon-eflatun","12":"first","13":"instock","14":"sale","15":"shipping-taxable","16":"purchasable","17":"product-type-simple"},"_links":{"self":[{"href":"https:\/\/roveyayinevi.com.tr\/index.php\/wp-json\/wp\/v2\/product\/689661","targetHints":{"allow":["GET"]}}],"collection":[{"href":"https:\/\/roveyayinevi.com.tr\/index.php\/wp-json\/wp\/v2\/product"}],"about":[{"href":"https:\/\/roveyayinevi.com.tr\/index.php\/wp-json\/wp\/v2\/types\/product"}],"wp:attachment":[{"href":"https:\/\/roveyayinevi.com.tr\/index.php\/wp-json\/wp\/v2\/media?parent=689661"}],"wp:term":[{"taxonomy":"product_brand","embeddable":true,"href":"https:\/\/roveyayinevi.com.tr\/index.php\/wp-json\/wp\/v2\/product_brand?post=689661"},{"taxonomy":"product_cat","embeddable":true,"href":"https:\/\/roveyayinevi.com.tr\/index.php\/wp-json\/wp\/v2\/product_cat?post=689661"},{"taxonomy":"product_tag","embeddable":true,"href":"https:\/\/roveyayinevi.com.tr\/index.php\/wp-json\/wp\/v2\/product_tag?post=689661"}],"curies":[{"name":"wp","href":"https:\/\/api.w.org\/{rel}","templated":true}]}}