{"id":689656,"date":"2025-08-27T13:47:57","date_gmt":"2025-08-27T10:47:57","guid":{"rendered":"https:\/\/roveyayinevi.com.tr\/index.php\/urun\/turkulerden-secmeler\/"},"modified":"2026-04-16T01:59:21","modified_gmt":"2026-04-15T22:59:21","slug":"turkulerden-secmeler","status":"publish","type":"product","link":"https:\/\/roveyayinevi.com.tr\/index.php\/urun\/turkulerden-secmeler\/","title":{"rendered":"T\u00fcrk\u00fclerden Se\u00e7meler"},"content":{"rendered":"<p>T\u00fcrk\u00fcler \u00dcst\u00fcne T\u00fcrk Halk \u015eiiri binlerce y\u0131ld\u0131r ya\u015f\u0131yor. Ya\u015fam\u0131n\u0131 yakla\u015f\u0131k son bin y\u0131la yak\u0131n s\u00f6zl\u00fc olarak s\u00fcrd\u00fcrm\u00fc\u015f. S\u00f6zl\u00fc \u015fiirin ya\u015fayabilmesi i\u00e7in baz\u0131 \u00f6zellikler ta\u015f\u0131mas\u0131 gerekiyordu. Ezberlenmesi kolay olmal\u0131, anlam\u0131 herkes taraf\u0131ndan kolay anla\u015f\u0131lacak bir sadelik ta\u015f\u0131mal\u0131yd\u0131.<\/p>\n","protected":false},"excerpt":{"rendered":"<p>T\u00fcrk\u00fcler \u00dcst\u00fcne T\u00fcrk Halk \u015eiiri binlerce y\u0131ld\u0131r ya\u015f\u0131yor. Ya\u015fam\u0131n\u0131 yakla\u015f\u0131k son bin y\u0131la yak\u0131n s\u00f6zl\u00fc olarak s\u00fcrd\u00fcrm\u00fc\u015f. S\u00f6zl\u00fc \u015fiirin ya\u015fayabilmesi i\u00e7in baz\u0131 \u00f6zellikler ta\u015f\u0131mas\u0131 gerekiyordu. Ezberlenmesi<span class=\"excerpt-hellip\"> [\u2026]<\/span><\/p>\n","protected":false},"featured_media":0,"template":"","meta":{"_monsterinsights_skip_tracking":false,"_monsterinsights_sitenote_active":false,"_monsterinsights_sitenote_note":"","_monsterinsights_sitenote_category":0},"product_brand":[],"product_cat":[12274,12649],"product_tag":[],"class_list":{"0":"post-689656","1":"product","2":"type-product","3":"status-publish","5":"product_cat-cocuk-ve-genclik-kitaplari","6":"product_cat-hobi-muzik","7":"pa_cilt-ciltsiz","8":"pa_tur-kitap","9":"pa_yayinevi-iskele-yayincilik","10":"pa_yazar-bekir-aktan","12":"first","13":"instock","14":"sale","15":"shipping-taxable","16":"purchasable","17":"product-type-simple"},"_links":{"self":[{"href":"https:\/\/roveyayinevi.com.tr\/index.php\/wp-json\/wp\/v2\/product\/689656","targetHints":{"allow":["GET"]}}],"collection":[{"href":"https:\/\/roveyayinevi.com.tr\/index.php\/wp-json\/wp\/v2\/product"}],"about":[{"href":"https:\/\/roveyayinevi.com.tr\/index.php\/wp-json\/wp\/v2\/types\/product"}],"wp:attachment":[{"href":"https:\/\/roveyayinevi.com.tr\/index.php\/wp-json\/wp\/v2\/media?parent=689656"}],"wp:term":[{"taxonomy":"product_brand","embeddable":true,"href":"https:\/\/roveyayinevi.com.tr\/index.php\/wp-json\/wp\/v2\/product_brand?post=689656"},{"taxonomy":"product_cat","embeddable":true,"href":"https:\/\/roveyayinevi.com.tr\/index.php\/wp-json\/wp\/v2\/product_cat?post=689656"},{"taxonomy":"product_tag","embeddable":true,"href":"https:\/\/roveyayinevi.com.tr\/index.php\/wp-json\/wp\/v2\/product_tag?post=689656"}],"curies":[{"name":"wp","href":"https:\/\/api.w.org\/{rel}","templated":true}]}}