{"id":689655,"date":"2025-08-27T13:47:57","date_gmt":"2025-08-27T10:47:57","guid":{"rendered":"https:\/\/roveyayinevi.com.tr\/index.php\/urun\/sefiller-2\/"},"modified":"2026-04-16T01:59:21","modified_gmt":"2026-04-15T22:59:21","slug":"sefiller-2","status":"publish","type":"product","link":"https:\/\/roveyayinevi.com.tr\/index.php\/urun\/sefiller-2\/","title":{"rendered":"Sefiller"},"content":{"rendered":"<p>Frans\u0131z Romantik d\u00f6neminin en \u00f6nemli yazarlar\u0131ndan say\u0131lan Viktor Hugo, romanc\u0131 oyun yazar\u0131 ve \u015fairdir. 1862\u2019de yay\u0131mlanan Sefiller ola\u011fan\u00fcst\u00fc bir ilgiyle kar\u015f\u0131land\u0131 ve Hugo, Fransa\u2019da b\u00fcy\u00fck bir \u00fcne kavu\u015ftu. Yay\u0131mland\u0131\u011f\u0131 y\u0131llarda k\u0131sa s\u00fcrede d\u00fcnyan\u0131n b\u00fct\u00fcn \u00f6nemli dillerine \u00e7evrilen roman, yazar\u0131n \u00fcn\u00fcne de Fransa s\u0131n\u0131rlar\u0131n\u0131n d\u0131\u015f\u0131na ta\u015f\u0131yarak onu bir d\u00fcnya yazar\u0131 yapt\u0131. Paris\u2019in yer alt\u0131 d\u00fcnyas\u0131nda ge\u00e7en bir dedektif \u00f6yk\u00fcs\u00fcne dayanan roman, ayn\u0131 zamanda Paris halk\u0131n\u0131n ya\u015fam\u0131n\u0131n da bir destan\u0131yd\u0131&#8230; Gizem ve esrarengiz hava yaratmakta usta olan Hugo\u2019nun Sefiller i d\u00fcnyada en \u00e7ok dile \u00e7evirilen ve hala en fazla okunan romanlar aras\u0131ndad\u0131r. Frans\u0131z edebiyat\u0131nda Hugo kadar yap\u0131t vermi\u015f hemen hemen ba\u015fka bir yazar yoktur. 1830\u2019da Romantizm\u2019in en \u00f6nemli temsilcisi say\u0131lm\u0131\u015f, \u015fiirleri ve yaz\u0131lar\u0131yla \u00c7a\u011fda\u015f Frans\u0131z edebiyat\u0131n\u0131n temellerinden biri olmu\u015ftur. Elinizdeki kitap Victor Hugo&#8217;nun en \u00f6nemli eseridir&#8230; \ufffc<\/p>\n","protected":false},"excerpt":{"rendered":"<p>Frans\u0131z Romantik d\u00f6neminin en \u00f6nemli yazarlar\u0131ndan say\u0131lan Viktor Hugo, romanc\u0131 oyun yazar\u0131 ve \u015fairdir. 1862\u2019de yay\u0131mlanan Sefiller ola\u011fan\u00fcst\u00fc bir ilgiyle kar\u015f\u0131land\u0131 ve Hugo, Fransa\u2019da b\u00fcy\u00fck bir<span class=\"excerpt-hellip\"> [\u2026]<\/span><\/p>\n","protected":false},"featured_media":0,"template":"","meta":{"_monsterinsights_skip_tracking":false,"_monsterinsights_sitenote_active":false,"_monsterinsights_sitenote_note":"","_monsterinsights_sitenote_category":0},"product_brand":[],"product_cat":[12291,13376],"product_tag":[],"class_list":{"0":"post-689655","1":"product","2":"type-product","3":"status-publish","5":"product_cat-edebiyat","6":"product_cat-fransiz-edebiyati","7":"pa_cilt-ciltsiz","8":"pa_tur-kitap","9":"pa_yayinevi-iskele-yayincilik","10":"pa_yazar-victor-hugo","12":"first","13":"instock","14":"sale","15":"shipping-taxable","16":"purchasable","17":"product-type-simple"},"_links":{"self":[{"href":"https:\/\/roveyayinevi.com.tr\/index.php\/wp-json\/wp\/v2\/product\/689655","targetHints":{"allow":["GET"]}}],"collection":[{"href":"https:\/\/roveyayinevi.com.tr\/index.php\/wp-json\/wp\/v2\/product"}],"about":[{"href":"https:\/\/roveyayinevi.com.tr\/index.php\/wp-json\/wp\/v2\/types\/product"}],"wp:attachment":[{"href":"https:\/\/roveyayinevi.com.tr\/index.php\/wp-json\/wp\/v2\/media?parent=689655"}],"wp:term":[{"taxonomy":"product_brand","embeddable":true,"href":"https:\/\/roveyayinevi.com.tr\/index.php\/wp-json\/wp\/v2\/product_brand?post=689655"},{"taxonomy":"product_cat","embeddable":true,"href":"https:\/\/roveyayinevi.com.tr\/index.php\/wp-json\/wp\/v2\/product_cat?post=689655"},{"taxonomy":"product_tag","embeddable":true,"href":"https:\/\/roveyayinevi.com.tr\/index.php\/wp-json\/wp\/v2\/product_tag?post=689655"}],"curies":[{"name":"wp","href":"https:\/\/api.w.org\/{rel}","templated":true}]}}