{"id":689650,"date":"2025-08-27T13:47:56","date_gmt":"2025-08-27T10:47:56","guid":{"rendered":"https:\/\/roveyayinevi.com.tr\/index.php\/urun\/george-dandin-veya-bir-koca-nasil-rezil-edilir\/"},"modified":"2026-04-16T01:59:20","modified_gmt":"2026-04-15T22:59:20","slug":"george-dandin-veya-bir-koca-nasil-rezil-edilir","status":"publish","type":"product","link":"https:\/\/roveyayinevi.com.tr\/index.php\/urun\/george-dandin-veya-bir-koca-nasil-rezil-edilir\/","title":{"rendered":"George Dandin veya Bir Koca Nas\u0131l Rezil Edilir?"},"content":{"rendered":"<p>Moli\u00e8re [Jean-Baptiste Poquelin] (1622-1673): Clermont Koleji\u2019nde Latin ve Yunan dili ve edebiyat\u0131 dersleri ald\u0131. Hukuk \u00f6\u011frenimi yapt\u0131, bir s\u00fcre sonra barodan ayr\u0131ld\u0131. Oyunlar\u0131nda insan ger\u00e7ekli\u011fini hayranl\u0131k verici bir derinlikle sergiledi. Yazd\u0131\u011f\u0131 pek \u00e7ok b\u00fcy\u00fck komedya ile tan\u0131nan yazar, tiyatroda trup y\u00f6neticisi ve oyuncu olarak da \u00e7al\u0131\u015ft\u0131. 1668 y\u0131l\u0131nda sahnelenen George Dandin Moli\u00e8re\u2019in Versailles \u015fenlikleri i\u00e7in yazd\u0131\u011f\u0131 ve yap\u0131s\u0131nda baleye yer verilmi\u015f bir oyundur. Yazar bu eserinde kad\u0131n erkek ili\u015fkilerini ve farkl\u0131 sosyal s\u0131n\u0131flardan gelen insanlar\u0131n evliliklerinde kar\u015f\u0131la\u015f\u0131lan sorunlar\u0131 ele alm\u0131\u015ft\u0131r. Bir fars olarak da nitelendirilen \ufffcTan\u0131t\u0131m Metni<\/p>\n","protected":false},"excerpt":{"rendered":"<p>Moli\u00e8re [Jean-Baptiste Poquelin] (1622-1673): Clermont Koleji\u2019nde Latin ve Yunan dili ve edebiyat\u0131 dersleri ald\u0131. Hukuk \u00f6\u011frenimi yapt\u0131, bir s\u00fcre sonra barodan ayr\u0131ld\u0131. Oyunlar\u0131nda insan ger\u00e7ekli\u011fini hayranl\u0131k<span class=\"excerpt-hellip\"> [\u2026]<\/span><\/p>\n","protected":false},"featured_media":0,"template":"","meta":{"_monsterinsights_skip_tracking":false,"_monsterinsights_sitenote_active":false,"_monsterinsights_sitenote_note":"","_monsterinsights_sitenote_category":0},"product_brand":[],"product_cat":[12291,13376],"product_tag":[],"class_list":{"0":"post-689650","1":"product","2":"type-product","3":"status-publish","5":"product_cat-edebiyat","6":"product_cat-fransiz-edebiyati","7":"pa_cilt-ciltsiz","8":"pa_tur-kitap","9":"pa_yayinevi-is-bankasi-kultur-yayinlari","10":"pa_yazar-jean-baptiste-poquelin-moliere","12":"first","13":"instock","14":"sale","15":"shipping-taxable","16":"purchasable","17":"product-type-simple"},"_links":{"self":[{"href":"https:\/\/roveyayinevi.com.tr\/index.php\/wp-json\/wp\/v2\/product\/689650","targetHints":{"allow":["GET"]}}],"collection":[{"href":"https:\/\/roveyayinevi.com.tr\/index.php\/wp-json\/wp\/v2\/product"}],"about":[{"href":"https:\/\/roveyayinevi.com.tr\/index.php\/wp-json\/wp\/v2\/types\/product"}],"wp:attachment":[{"href":"https:\/\/roveyayinevi.com.tr\/index.php\/wp-json\/wp\/v2\/media?parent=689650"}],"wp:term":[{"taxonomy":"product_brand","embeddable":true,"href":"https:\/\/roveyayinevi.com.tr\/index.php\/wp-json\/wp\/v2\/product_brand?post=689650"},{"taxonomy":"product_cat","embeddable":true,"href":"https:\/\/roveyayinevi.com.tr\/index.php\/wp-json\/wp\/v2\/product_cat?post=689650"},{"taxonomy":"product_tag","embeddable":true,"href":"https:\/\/roveyayinevi.com.tr\/index.php\/wp-json\/wp\/v2\/product_tag?post=689650"}],"curies":[{"name":"wp","href":"https:\/\/api.w.org\/{rel}","templated":true}]}}