{"id":689647,"date":"2025-08-27T13:47:55","date_gmt":"2025-08-27T10:47:55","guid":{"rendered":"https:\/\/roveyayinevi.com.tr\/index.php\/urun\/genc-yazarin-seyir-defteri\/"},"modified":"2026-04-16T01:59:20","modified_gmt":"2026-04-15T22:59:20","slug":"genc-yazarin-seyir-defteri","status":"publish","type":"product","link":"https:\/\/roveyayinevi.com.tr\/index.php\/urun\/genc-yazarin-seyir-defteri\/","title":{"rendered":"Gen\u00e7 Yazar\u0131n Seyir Defteri"},"content":{"rendered":"<p>B\u00fcy\u00fck bir yazar olmak i\u00e7in nelere ihtiyac\u0131n\u0131z var? Bu kitab\u0131 okumaya ba\u015flayarak ilk ad\u0131m\u0131 atabilirsiniz. Gen\u00e7 Yazar\u0131n Seyir Defteri\u2019nde hik\u00e2yelerinizi planlaman\u0131za ve yazma becerinizi geli\u015ftirmenize yard\u0131mc\u0131 olacak pek \u00e7ok ipucu bulunuyor. Ayr\u0131ca yarat\u0131c\u0131l\u0131\u011f\u0131n\u0131z\u0131 canland\u0131ran s\u00f6zc\u00fckleri ve hikayeleri yazabilece\u011finiz, yeni hik\u00e2yeler i\u00e7in fikirlerinizi not edebilece\u011finiz yerler de var. \ufffcTan\u0131t\u0131m Metni<\/p>\n","protected":false},"excerpt":{"rendered":"<p>B\u00fcy\u00fck bir yazar olmak i\u00e7in nelere ihtiyac\u0131n\u0131z var? Bu kitab\u0131 okumaya ba\u015flayarak ilk ad\u0131m\u0131 atabilirsiniz. Gen\u00e7 Yazar\u0131n Seyir Defteri\u2019nde hik\u00e2yelerinizi planlaman\u0131za ve yazma becerinizi geli\u015ftirmenize yard\u0131mc\u0131<span class=\"excerpt-hellip\"> [\u2026]<\/span><\/p>\n","protected":false},"featured_media":0,"template":"","meta":{"_monsterinsights_skip_tracking":false,"_monsterinsights_sitenote_active":false,"_monsterinsights_sitenote_note":"","_monsterinsights_sitenote_category":0},"product_brand":[],"product_cat":[12291,15117],"product_tag":[],"class_list":{"0":"post-689647","1":"product","2":"type-product","3":"status-publish","5":"product_cat-edebiyat","6":"product_cat-genclik-edebiyati","7":"pa_cilt-ciltli","8":"pa_tur-kitap","9":"pa_yayinevi-is-bankasi-kultur-yayinlari","10":"pa_yazar-kolektif","12":"first","13":"instock","14":"sale","15":"shipping-taxable","16":"purchasable","17":"product-type-simple"},"_links":{"self":[{"href":"https:\/\/roveyayinevi.com.tr\/index.php\/wp-json\/wp\/v2\/product\/689647","targetHints":{"allow":["GET"]}}],"collection":[{"href":"https:\/\/roveyayinevi.com.tr\/index.php\/wp-json\/wp\/v2\/product"}],"about":[{"href":"https:\/\/roveyayinevi.com.tr\/index.php\/wp-json\/wp\/v2\/types\/product"}],"wp:attachment":[{"href":"https:\/\/roveyayinevi.com.tr\/index.php\/wp-json\/wp\/v2\/media?parent=689647"}],"wp:term":[{"taxonomy":"product_brand","embeddable":true,"href":"https:\/\/roveyayinevi.com.tr\/index.php\/wp-json\/wp\/v2\/product_brand?post=689647"},{"taxonomy":"product_cat","embeddable":true,"href":"https:\/\/roveyayinevi.com.tr\/index.php\/wp-json\/wp\/v2\/product_cat?post=689647"},{"taxonomy":"product_tag","embeddable":true,"href":"https:\/\/roveyayinevi.com.tr\/index.php\/wp-json\/wp\/v2\/product_tag?post=689647"}],"curies":[{"name":"wp","href":"https:\/\/api.w.org\/{rel}","templated":true}]}}