{"id":689645,"date":"2025-08-27T13:47:55","date_gmt":"2025-08-27T10:47:55","guid":{"rendered":"https:\/\/roveyayinevi.com.tr\/index.php\/urun\/ataturk-hakkinda-hatiralar-ve-belgeler\/"},"modified":"2026-04-16T01:59:20","modified_gmt":"2026-04-15T22:59:20","slug":"ataturk-hakkinda-hatiralar-ve-belgeler","status":"publish","type":"product","link":"https:\/\/roveyayinevi.com.tr\/index.php\/urun\/ataturk-hakkinda-hatiralar-ve-belgeler\/","title":{"rendered":"Atat\u00fcrk Hakk\u0131nda Hat\u0131ralar ve Belgeler"},"content":{"rendered":"<p>Afet \u0130nan, Atat\u00fcrk\u00fcn hayat\u0131n\u0131n son 13 y\u0131l\u0131nda her zaman yak\u0131n\u0131nda bulunmu\u015f ve yak\u0131n tarihimizin d\u00f6n\u00fcm noktalar\u0131n\u0131n hem akt\u00f6r\u00fc hemde tan\u0131\u011f\u0131 olmu\u015ftu: \u00d6nyarg\u0131lar ve yetersiz bilgiler nedeniyle hakk\u0131nca bilinmeyen tarihimizin, T\u00fcrk Tarih Kurumu sayesinde ger\u00e7ek yerini almas\u0131n\u0131 sa\u011flamak&#8230; T\u00fcrk kad\u0131n\u0131n\u0131n modern toplumdaki yerini almas\u0131 yolunda bizzat \u00f6rnek oku\u015fturma ve se\u00e7me-se\u00e7ilme hakk\u0131n\u0131n tan\u0131nmas\u0131na \u00f6nc\u00fcs\u00fc olmak&#8230; Ve Atat\u00fcrk\u2019\u00fcn pek \u00e7ok konudaki g\u00f6r\u00fc\u015flerine ilk elden tan\u0131kl\u0131k&#8230; Afet \u0130nan, Atat\u00fcrk d\u00f6neminde ya\u015fad\u0131klar\u0131n\u0131 ve ondan dinlediklerini okuyucuyla payla\u015f\u0131yor. Dili gen\u00e7 ku\u015faklar i\u00e7in anla\u015f\u0131l\u0131r hale getirilen bu bask\u0131, baz\u0131 okuyucuyla ilk kez bulu\u015fan foto\u011fraflarla daha zenginle\u015ftirildi.al_original.jpg&#8221; alt=&#8221;Tan\u0131t\u0131m Metni&#8221; height=&#8221;15&#8243; width=&#8221;15&#8243; &gt;<span>Tan\u0131t\u0131m Metni<\/span><\/img><\/p>\n","protected":false},"excerpt":{"rendered":"<p>Afet \u0130nan, Atat\u00fcrk\u00fcn hayat\u0131n\u0131n son 13 y\u0131l\u0131nda her zaman yak\u0131n\u0131nda bulunmu\u015f ve yak\u0131n tarihimizin d\u00f6n\u00fcm noktalar\u0131n\u0131n hem akt\u00f6r\u00fc hemde tan\u0131\u011f\u0131 olmu\u015ftu: \u00d6nyarg\u0131lar ve yetersiz bilgiler nedeniyle<span class=\"excerpt-hellip\"> [\u2026]<\/span><\/p>\n","protected":false},"featured_media":0,"template":"","meta":{"_monsterinsights_skip_tracking":false,"_monsterinsights_sitenote_active":false,"_monsterinsights_sitenote_note":"","_monsterinsights_sitenote_category":0},"product_brand":[],"product_cat":[12530,12304],"product_tag":[],"class_list":{"0":"post-689645","1":"product","2":"type-product","3":"status-publish","5":"product_cat-mustafa-kemal-ataturk","6":"product_cat-tarih","7":"pa_cilt-ciltsiz","8":"pa_tur-kitap","9":"pa_yayinevi-is-bankasi-kultur-yayinlari","10":"pa_yazar-ayse-afet-inan","12":"first","13":"instock","14":"sale","15":"shipping-taxable","16":"purchasable","17":"product-type-simple"},"_links":{"self":[{"href":"https:\/\/roveyayinevi.com.tr\/index.php\/wp-json\/wp\/v2\/product\/689645","targetHints":{"allow":["GET"]}}],"collection":[{"href":"https:\/\/roveyayinevi.com.tr\/index.php\/wp-json\/wp\/v2\/product"}],"about":[{"href":"https:\/\/roveyayinevi.com.tr\/index.php\/wp-json\/wp\/v2\/types\/product"}],"wp:attachment":[{"href":"https:\/\/roveyayinevi.com.tr\/index.php\/wp-json\/wp\/v2\/media?parent=689645"}],"wp:term":[{"taxonomy":"product_brand","embeddable":true,"href":"https:\/\/roveyayinevi.com.tr\/index.php\/wp-json\/wp\/v2\/product_brand?post=689645"},{"taxonomy":"product_cat","embeddable":true,"href":"https:\/\/roveyayinevi.com.tr\/index.php\/wp-json\/wp\/v2\/product_cat?post=689645"},{"taxonomy":"product_tag","embeddable":true,"href":"https:\/\/roveyayinevi.com.tr\/index.php\/wp-json\/wp\/v2\/product_tag?post=689645"}],"curies":[{"name":"wp","href":"https:\/\/api.w.org\/{rel}","templated":true}]}}