{"id":689644,"date":"2025-08-27T13:47:55","date_gmt":"2025-08-27T10:47:55","guid":{"rendered":"https:\/\/roveyayinevi.com.tr\/index.php\/urun\/ask-sanati\/"},"modified":"2026-04-16T01:59:20","modified_gmt":"2026-04-15T22:59:20","slug":"ask-sanati","status":"publish","type":"product","link":"https:\/\/roveyayinevi.com.tr\/index.php\/urun\/ask-sanati\/","title":{"rendered":"A\u015fk Sanat\u0131"},"content":{"rendered":"<p>Publius Ovidius Naso (\u0130\u00d6 43-\u0130S 17-18): Latincenin en \u00fcnl\u00fc \u015fairlerinden olan Ovidius, bir s\u00fcre avukatl\u0131k yapt\u0131. Daha sonra kendini sadece \u015fiir yazamaya verdi. <\/p>\n","protected":false},"excerpt":{"rendered":"<p>Publius Ovidius Naso (\u0130\u00d6 43-\u0130S 17-18): Latincenin en \u00fcnl\u00fc \u015fairlerinden olan Ovidius, bir s\u00fcre avukatl\u0131k yapt\u0131. Daha sonra kendini sadece \u015fiir yazamaya verdi.<\/p>\n","protected":false},"featured_media":0,"template":"","meta":{"_monsterinsights_skip_tracking":false,"_monsterinsights_sitenote_active":false,"_monsterinsights_sitenote_note":"","_monsterinsights_sitenote_category":0},"product_brand":[],"product_cat":[12312,12304],"product_tag":[],"class_list":{"0":"post-689644","1":"product","2":"type-product","3":"status-publish","5":"product_cat-diger","6":"product_cat-tarih","7":"pa_cilt-ciltsiz","8":"pa_tur-kitap","9":"pa_yayinevi-is-bankasi-kultur-yayinlari","10":"pa_yazar-publius-ovidius-naso","12":"first","13":"instock","14":"sale","15":"shipping-taxable","16":"purchasable","17":"product-type-simple"},"_links":{"self":[{"href":"https:\/\/roveyayinevi.com.tr\/index.php\/wp-json\/wp\/v2\/product\/689644","targetHints":{"allow":["GET"]}}],"collection":[{"href":"https:\/\/roveyayinevi.com.tr\/index.php\/wp-json\/wp\/v2\/product"}],"about":[{"href":"https:\/\/roveyayinevi.com.tr\/index.php\/wp-json\/wp\/v2\/types\/product"}],"wp:attachment":[{"href":"https:\/\/roveyayinevi.com.tr\/index.php\/wp-json\/wp\/v2\/media?parent=689644"}],"wp:term":[{"taxonomy":"product_brand","embeddable":true,"href":"https:\/\/roveyayinevi.com.tr\/index.php\/wp-json\/wp\/v2\/product_brand?post=689644"},{"taxonomy":"product_cat","embeddable":true,"href":"https:\/\/roveyayinevi.com.tr\/index.php\/wp-json\/wp\/v2\/product_cat?post=689644"},{"taxonomy":"product_tag","embeddable":true,"href":"https:\/\/roveyayinevi.com.tr\/index.php\/wp-json\/wp\/v2\/product_tag?post=689644"}],"curies":[{"name":"wp","href":"https:\/\/api.w.org\/{rel}","templated":true}]}}