{"id":689643,"date":"2025-08-27T13:47:54","date_gmt":"2025-08-27T10:47:54","guid":{"rendered":"https:\/\/roveyayinevi.com.tr\/index.php\/urun\/genc-nasrettin-ile-firinci\/"},"modified":"2026-04-16T01:59:20","modified_gmt":"2026-04-15T22:59:20","slug":"genc-nasrettin-ile-firinci","status":"publish","type":"product","link":"https:\/\/roveyayinevi.com.tr\/index.php\/urun\/genc-nasrettin-ile-firinci\/","title":{"rendered":"Gen\u00e7 Nasrettin ile F\u0131r\u0131nc\u0131"},"content":{"rendered":"<p>Gen\u00e7 Nasrettin yeni \u00e7\u0131km\u0131\u015f tazecik ekme\u011fin kokusunu \u00e7ok seviyor. Ama a\u00e7g\u00f6zlu f\u0131r\u0131nc\u0131 onu kokular\u0131n\u0131 \u00e7almakla su\u00e7luyor. Kad\u0131 nas\u0131l edecek de <\/p>\n","protected":false},"excerpt":{"rendered":"<p>Gen\u00e7 Nasrettin yeni \u00e7\u0131km\u0131\u015f tazecik ekme\u011fin kokusunu \u00e7ok seviyor. Ama a\u00e7g\u00f6zlu f\u0131r\u0131nc\u0131 onu kokular\u0131n\u0131 \u00e7almakla su\u00e7luyor. Kad\u0131 nas\u0131l edecek de<\/p>\n","protected":false},"featured_media":0,"template":"","meta":{"_monsterinsights_skip_tracking":false,"_monsterinsights_sitenote_active":false,"_monsterinsights_sitenote_note":"","_monsterinsights_sitenote_category":0},"product_brand":[],"product_cat":[12274,12523],"product_tag":[],"class_list":{"0":"post-689643","1":"product","2":"type-product","3":"status-publish","5":"product_cat-cocuk-ve-genclik-kitaplari","6":"product_cat-masallar","7":"pa_cilt-ciltsiz","8":"pa_tur-kitap","9":"pa_yayinevi-is-bankasi-kultur-yayinlari","10":"pa_yazar-robin-tzannes","12":"first","13":"instock","14":"sale","15":"shipping-taxable","16":"purchasable","17":"product-type-simple"},"_links":{"self":[{"href":"https:\/\/roveyayinevi.com.tr\/index.php\/wp-json\/wp\/v2\/product\/689643","targetHints":{"allow":["GET"]}}],"collection":[{"href":"https:\/\/roveyayinevi.com.tr\/index.php\/wp-json\/wp\/v2\/product"}],"about":[{"href":"https:\/\/roveyayinevi.com.tr\/index.php\/wp-json\/wp\/v2\/types\/product"}],"wp:attachment":[{"href":"https:\/\/roveyayinevi.com.tr\/index.php\/wp-json\/wp\/v2\/media?parent=689643"}],"wp:term":[{"taxonomy":"product_brand","embeddable":true,"href":"https:\/\/roveyayinevi.com.tr\/index.php\/wp-json\/wp\/v2\/product_brand?post=689643"},{"taxonomy":"product_cat","embeddable":true,"href":"https:\/\/roveyayinevi.com.tr\/index.php\/wp-json\/wp\/v2\/product_cat?post=689643"},{"taxonomy":"product_tag","embeddable":true,"href":"https:\/\/roveyayinevi.com.tr\/index.php\/wp-json\/wp\/v2\/product_tag?post=689643"}],"curies":[{"name":"wp","href":"https:\/\/api.w.org\/{rel}","templated":true}]}}