{"id":689642,"date":"2025-08-27T13:47:54","date_gmt":"2025-08-27T10:47:54","guid":{"rendered":"https:\/\/roveyayinevi.com.tr\/index.php\/urun\/gargantua\/"},"modified":"2026-04-16T01:59:20","modified_gmt":"2026-04-15T22:59:20","slug":"gargantua","status":"publish","type":"product","link":"https:\/\/roveyayinevi.com.tr\/index.php\/urun\/gargantua\/","title":{"rendered":"Gargantua"},"content":{"rendered":"<p>Fran\u00e7ois Rabelais (1494?-1553): Roma sanat\u0131n\u0131n do\u011fu\u015funu m\u00fcjdeleyen \u00e7a\u011f\u0131n en \u00f6nemli yazarlar\u0131ndan biridir. Daha sunu\u015funda,okuyucusuna G\u00fclmektir \u00e7\u00fcnk\u00fc insan\u0131 insan eden diye seslenen Gargantua &#8216;ysa (1534) yazar\u0131n mizah ve ola\u011fan\u00fcst\u00fcn\u00fcn destans\u0131 bir birle\u015fimini olu\u015fturan be\u015f kitapl\u0131k k\u00fclliyat\u0131n\u0131n ikinci halkas\u0131d\u0131r.Bu b\u00fcy\u00fck miras\u0131n ilk halkas\u0131n\u0131 Gargantua&#8217;n\u0131n o\u011flunun ola\u011fan\u00fcst\u00fc ser\u00fcvenlerini anlatan Pantagruel (1532) olu\u015fturur. <\/p>\n","protected":false},"excerpt":{"rendered":"<p>Fran\u00e7ois Rabelais (1494?-1553): Roma sanat\u0131n\u0131n do\u011fu\u015funu m\u00fcjdeleyen \u00e7a\u011f\u0131n en \u00f6nemli yazarlar\u0131ndan biridir. Daha sunu\u015funda,okuyucusuna G\u00fclmektir \u00e7\u00fcnk\u00fc insan\u0131 insan eden diye seslenen Gargantua &#8216;ysa (1534) yazar\u0131n mizah<span class=\"excerpt-hellip\"> [\u2026]<\/span><\/p>\n","protected":false},"featured_media":0,"template":"","meta":{"_monsterinsights_skip_tracking":false,"_monsterinsights_sitenote_active":false,"_monsterinsights_sitenote_note":"","_monsterinsights_sitenote_category":0},"product_brand":[],"product_cat":[12291,13376],"product_tag":[],"class_list":{"0":"post-689642","1":"product","2":"type-product","3":"status-publish","5":"product_cat-edebiyat","6":"product_cat-fransiz-edebiyati","7":"pa_cilt-ciltsiz","8":"pa_tur-kitap","9":"pa_yayinevi-is-bankasi-kultur-yayinlari","10":"pa_yazar-francois-rabelais","12":"first","13":"instock","14":"sale","15":"shipping-taxable","16":"purchasable","17":"product-type-simple"},"_links":{"self":[{"href":"https:\/\/roveyayinevi.com.tr\/index.php\/wp-json\/wp\/v2\/product\/689642","targetHints":{"allow":["GET"]}}],"collection":[{"href":"https:\/\/roveyayinevi.com.tr\/index.php\/wp-json\/wp\/v2\/product"}],"about":[{"href":"https:\/\/roveyayinevi.com.tr\/index.php\/wp-json\/wp\/v2\/types\/product"}],"wp:attachment":[{"href":"https:\/\/roveyayinevi.com.tr\/index.php\/wp-json\/wp\/v2\/media?parent=689642"}],"wp:term":[{"taxonomy":"product_brand","embeddable":true,"href":"https:\/\/roveyayinevi.com.tr\/index.php\/wp-json\/wp\/v2\/product_brand?post=689642"},{"taxonomy":"product_cat","embeddable":true,"href":"https:\/\/roveyayinevi.com.tr\/index.php\/wp-json\/wp\/v2\/product_cat?post=689642"},{"taxonomy":"product_tag","embeddable":true,"href":"https:\/\/roveyayinevi.com.tr\/index.php\/wp-json\/wp\/v2\/product_tag?post=689642"}],"curies":[{"name":"wp","href":"https:\/\/api.w.org\/{rel}","templated":true}]}}