{"id":689638,"date":"2025-08-27T13:47:54","date_gmt":"2025-08-27T10:47:54","guid":{"rendered":"https:\/\/roveyayinevi.com.tr\/index.php\/urun\/evde-kalmis-kiz\/"},"modified":"2026-04-16T01:59:20","modified_gmt":"2026-04-15T22:59:20","slug":"evde-kalmis-kiz","status":"publish","type":"product","link":"https:\/\/roveyayinevi.com.tr\/index.php\/urun\/evde-kalmis-kiz\/","title":{"rendered":"Evde Kalm\u0131\u015f K\u0131z"},"content":{"rendered":"<p>Honore de Balzac (1799-1850): Fransa&#8217;n\u0131n 19. y\u00fczy\u0131ldaki sosyal yap\u0131s\u0131n\u0131n bir tablosunu \u00e7\u0131kard\u0131\u011f\u0131 eski ve yeni romanlar\u0131n\u0131 1830&#8217;dan sonra \u0130nsanl\u0131k Komedyas\u0131 ba\u015fl\u0131\u011f\u0131 alt\u0131nda toplad\u0131.<\/p>\n","protected":false},"excerpt":{"rendered":"<p>Honore de Balzac (1799-1850): Fransa&#8217;n\u0131n 19. y\u00fczy\u0131ldaki sosyal yap\u0131s\u0131n\u0131n bir tablosunu \u00e7\u0131kard\u0131\u011f\u0131 eski ve yeni romanlar\u0131n\u0131 1830&#8217;dan sonra \u0130nsanl\u0131k Komedyas\u0131 ba\u015fl\u0131\u011f\u0131 alt\u0131nda toplad\u0131.<\/p>\n","protected":false},"featured_media":0,"template":"","meta":{"_monsterinsights_skip_tracking":false,"_monsterinsights_sitenote_active":false,"_monsterinsights_sitenote_note":"","_monsterinsights_sitenote_category":0},"product_brand":[],"product_cat":[12291,13376],"product_tag":[],"class_list":{"0":"post-689638","1":"product","2":"type-product","3":"status-publish","5":"product_cat-edebiyat","6":"product_cat-fransiz-edebiyati","7":"pa_cilt-ciltsiz","8":"pa_tur-kitap","9":"pa_yayinevi-is-bankasi-kultur-yayinlari","10":"pa_yazar-honore-de-balzac","12":"first","13":"instock","14":"sale","15":"shipping-taxable","16":"purchasable","17":"product-type-simple"},"_links":{"self":[{"href":"https:\/\/roveyayinevi.com.tr\/index.php\/wp-json\/wp\/v2\/product\/689638","targetHints":{"allow":["GET"]}}],"collection":[{"href":"https:\/\/roveyayinevi.com.tr\/index.php\/wp-json\/wp\/v2\/product"}],"about":[{"href":"https:\/\/roveyayinevi.com.tr\/index.php\/wp-json\/wp\/v2\/types\/product"}],"wp:attachment":[{"href":"https:\/\/roveyayinevi.com.tr\/index.php\/wp-json\/wp\/v2\/media?parent=689638"}],"wp:term":[{"taxonomy":"product_brand","embeddable":true,"href":"https:\/\/roveyayinevi.com.tr\/index.php\/wp-json\/wp\/v2\/product_brand?post=689638"},{"taxonomy":"product_cat","embeddable":true,"href":"https:\/\/roveyayinevi.com.tr\/index.php\/wp-json\/wp\/v2\/product_cat?post=689638"},{"taxonomy":"product_tag","embeddable":true,"href":"https:\/\/roveyayinevi.com.tr\/index.php\/wp-json\/wp\/v2\/product_tag?post=689638"}],"curies":[{"name":"wp","href":"https:\/\/api.w.org\/{rel}","templated":true}]}}